{"id":2334,"date":"2025-11-04T21:44:42","date_gmt":"2025-11-04T20:44:42","guid":{"rendered":"https:\/\/dev.alcomnet.com\/timelec\/?page_id=2334"},"modified":"2025-11-04T23:48:45","modified_gmt":"2025-11-04T22:48:45","slug":"demander-un-devis","status":"publish","type":"page","link":"https:\/\/dev.alcomnet.com\/timelec\/demander-un-devis\/","title":{"rendered":"\u00a0Demander un devis"},"content":{"rendered":"\t\t<div data-elementor-type=\"wp-page\" data-elementor-id=\"2334\" class=\"elementor elementor-2334\">\n\t\t\t\t<section class=\"elementor-element elementor-element-6085392b e-flex e-con-boxed e-con e-parent\" data-id=\"6085392b\" data-element_type=\"container\">\n\t\t\t\t\t<div class=\"e-con-inner\">\n\t\t<div class=\"elementor-element elementor-element-41267bd5 e-flex e-con-boxed e-con e-child\" data-id=\"41267bd5\" data-element_type=\"container\" data-settings=\"{&quot;background_background&quot;:&quot;classic&quot;}\">\n\t\t\t\t\t<div class=\"e-con-inner\">\n\t\t\t\t<div class=\"elementor-element elementor-element-6c464ccf elementor-widget elementor-widget-page-title\" data-id=\"6c464ccf\" data-element_type=\"widget\" data-settings=\"{&quot;align&quot;:&quot;center&quot;}\" data-widget_type=\"page-title.default\">\n\t\t\t\t<div class=\"elementor-widget-container\">\n\t\t\t\t\t\t\t\n\t\t<div class=\"hfe-page-title hfe-page-title-wrapper elementor-widget-heading\">\n\n\t\t\t\t\t\t\t\t<h1 class=\"elementor-heading-title elementor-size-default\">\n\t\t\t\t\t\t\t\t\n\t\t\t\t\u00a0Demander un devis  \n\t\t\t<\/h1 > \n\t\t\t\t\t<\/div>\n\t\t\t\t\t\t<\/div>\n\t\t\t\t<\/div>\n\t\t\t\t<div class=\"elementor-element elementor-element-230adf1e elementor-widget elementor-widget-eael-breadcrumbs\" data-id=\"230adf1e\" data-element_type=\"widget\" data-widget_type=\"eael-breadcrumbs.default\">\n\t\t\t\t<div class=\"elementor-widget-container\">\n\t\t\t\t\t\t\t<div class=\"eael-breadcrumbs\">\n\t\t\t<div class=\"eael-breadcrumbs__content\"><a href=\"https:\/\/dev.alcomnet.com\/timelec\">Accueil<\/a> <span class=\"eael-breadcrumb-separator\">\/<\/span> <span class = \"eael-current\">Page<\/span><\/div>\t\t<\/div>\n\t\t\t\t\t\t<\/div>\n\t\t\t\t<\/div>\n\t\t\t\t\t<\/div>\n\t\t\t\t<\/div>\n\t\t\t\t\t<\/div>\n\t\t\t\t<\/section>\n\t\t<section class=\"elementor-element elementor-element-c4ed060 e-flex e-con-boxed e-con e-parent\" data-id=\"c4ed060\" data-element_type=\"container\">\n\t\t\t\t\t<div class=\"e-con-inner\">\n\t\t\t\t<div class=\"elementor-element elementor-element-b54d6c7 elementor-widget elementor-widget-text-editor\" data-id=\"b54d6c7\" data-element_type=\"widget\" data-widget_type=\"text-editor.default\">\n\t\t\t\t\t\t\t\t\t<p>Parlez nous de votre projet et nous vous contacteront pour vous proposer un devis personnalis\u00e9<\/p>\t\t\t\t\t\t\t\t<\/div>\n\t\t\t\t<div class=\"elementor-element elementor-element-791049c elementor-widget elementor-widget-wpforms\" data-id=\"791049c\" data-element_type=\"widget\" data-widget_type=\"wpforms.default\">\n\t\t\t\t<div class=\"elementor-widget-container\">\n\t\t\t\t\t<div class=\"wpforms-container wpforms-container-full form-contact wpforms-render-modern\" id=\"wpforms-2320\"><form id=\"wpforms-form-2320\" class=\"wpforms-validate wpforms-form wpforms-ajax-form\" data-formid=\"2320\" method=\"post\" enctype=\"multipart\/form-data\" action=\"\/timelec\/wp-json\/wp\/v2\/pages\/2334\" data-token=\"45c6db86bd3a11f04159b562f917fb98\" data-token-time=\"1779025796\"><noscript class=\"wpforms-error-noscript\">Veuillez activer JavaScript dans votre navigateur pour remplir ce formulaire.<\/noscript><div id=\"wpforms-error-noscript\" style=\"display: none;\">Veuillez activer JavaScript dans votre navigateur pour remplir ce formulaire.<\/div><div class=\"wpforms-field-container\"><div id=\"wpforms-2320-field_1-container\" class=\"wpforms-field wpforms-field-text wpforms-one-half wpforms-first\" data-field-id=\"1\"><label class=\"wpforms-field-label\" for=\"wpforms-2320-field_1\">Nom ou raison sociale  <span class=\"wpforms-required-label\" aria-hidden=\"true\">*<\/span><\/label><input type=\"text\" id=\"wpforms-2320-field_1\" class=\"wpforms-field-large wpforms-field-required\" name=\"wpforms[fields][1]\" aria-errormessage=\"wpforms-2320-field_1-error\" required><\/div><div id=\"wpforms-2320-field_2-container\" class=\"wpforms-field wpforms-field-email wpforms-one-half\" data-field-id=\"2\"><label class=\"wpforms-field-label\" for=\"wpforms-2320-field_2\">E-mail <span class=\"wpforms-required-label\" aria-hidden=\"true\">*<\/span><\/label><input type=\"email\" id=\"wpforms-2320-field_2\" class=\"wpforms-field-large wpforms-field-required\" name=\"wpforms[fields][2]\" spellcheck=\"false\" aria-errormessage=\"wpforms-2320-field_2-error\" required><\/div><div id=\"wpforms-2320-field_3-container\" class=\"wpforms-field wpforms-field-text wpforms-one-half wpforms-first\" data-field-id=\"3\"><label class=\"wpforms-field-label\" for=\"wpforms-2320-field_3\">T\u00e9l\u00e9phone <span class=\"wpforms-required-label\" aria-hidden=\"true\">*<\/span><\/label><input type=\"text\" id=\"wpforms-2320-field_3\" class=\"wpforms-field-large wpforms-field-required\" name=\"wpforms[fields][3]\" aria-errormessage=\"wpforms-2320-field_3-error\" required><\/div>\t\t<div id=\"wpforms-2320-field_4-container\"\n\t\t\tclass=\"wpforms-field wpforms-field-text\"\n\t\t\tdata-field-type=\"text\"\n\t\t\tdata-field-id=\"4\"\n\t\t\t>\n\t\t\t<label class=\"wpforms-field-label\" for=\"wpforms-2320-field_4\" >sociale ou Lieu<\/label>\n\t\t\t<input type=\"text\" id=\"wpforms-2320-field_4\" class=\"wpforms-field-medium\" name=\"wpforms[fields][4]\" >\n\t\t<\/div>\n\t\t<div id=\"wpforms-2320-field_5-container\" class=\"wpforms-field wpforms-field-checkbox wpforms-one-half wpforms-list-2-columns\" data-field-id=\"5\"><fieldset><legend class=\"wpforms-field-label\">Nature du besoin <span class=\"wpforms-required-label\" aria-hidden=\"true\">*<\/span><\/legend><ul id=\"wpforms-2320-field_5\" class=\"wpforms-field-required\"><li class=\"choice-1 depth-1\"><input type=\"checkbox\" id=\"wpforms-2320-field_5_1\" name=\"wpforms[fields][5][]\" value=\"Achat Groupe \u00e9lectrog\u00e8ne\" aria-errormessage=\"wpforms-2320-field_5_1-error\" required ><label class=\"wpforms-field-label-inline\" for=\"wpforms-2320-field_5_1\">Achat Groupe \u00e9lectrog\u00e8ne<\/label><\/li><li class=\"choice-2 depth-1\"><input type=\"checkbox\" id=\"wpforms-2320-field_5_2\" name=\"wpforms[fields][5][]\" value=\"Location groupe \u00e9lectrog\u00e8ne\" aria-errormessage=\"wpforms-2320-field_5_2-error\" required ><label class=\"wpforms-field-label-inline\" for=\"wpforms-2320-field_5_2\">Location groupe \u00e9lectrog\u00e8ne<\/label><\/li><li class=\"choice-3 depth-1\"><input type=\"checkbox\" id=\"wpforms-2320-field_5_3\" name=\"wpforms[fields][5][]\" value=\"Maintenance groupe \u00e9lectrog\u00e8ne\" aria-errormessage=\"wpforms-2320-field_5_3-error\" required ><label class=\"wpforms-field-label-inline\" for=\"wpforms-2320-field_5_3\">Maintenance groupe \u00e9lectrog\u00e8ne<\/label><\/li><li class=\"choice-4 depth-1\"><input type=\"checkbox\" id=\"wpforms-2320-field_5_4\" name=\"wpforms[fields][5][]\" value=\"Rebobinage de moteur \u00e9lectrique\" aria-errormessage=\"wpforms-2320-field_5_4-error\" required ><label class=\"wpforms-field-label-inline\" for=\"wpforms-2320-field_5_4\">Rebobinage de moteur \u00e9lectrique<\/label><\/li><\/ul><\/fieldset><\/div><div id=\"wpforms-2320-field_6-container\" class=\"wpforms-field wpforms-field-textarea\" data-field-id=\"6\"><label class=\"wpforms-field-label\" for=\"wpforms-2320-field_6\"> Lieu d\u2019intervention <span class=\"wpforms-required-label\" aria-hidden=\"true\">*<\/span><\/label><textarea id=\"wpforms-2320-field_6\" class=\"wpforms-field-medium wpforms-field-required\" name=\"wpforms[fields][6]\" aria-errormessage=\"wpforms-2320-field_6-error\" required><\/textarea><\/div><script>\n\t\t\t\t( function() {\n\t\t\t\t\tconst style = document.createElement( 'style' );\n\t\t\t\t\tstyle.appendChild( document.createTextNode( '#wpforms-2320-field_4-container { position: absolute !important; overflow: hidden !important; display: inline !important; height: 1px !important; width: 1px !important; z-index: -1000 !important; padding: 0 !important; } #wpforms-2320-field_4-container input { visibility: hidden; } #wpforms-conversational-form-page #wpforms-2320-field_4-container label { counter-increment: none; }' ) );\n\t\t\t\t\tdocument.head.appendChild( style );\n\t\t\t\t\tdocument.currentScript?.remove();\n\t\t\t\t} )();\n\t\t\t<\/script><\/div><!-- .wpforms-field-container --><div class=\"wpforms-submit-container\" ><input type=\"hidden\" name=\"wpforms[id]\" value=\"2320\"><input type=\"hidden\" name=\"page_title\" value=\"\"><input type=\"hidden\" name=\"page_url\" value=\"https:\/\/dev.alcomnet.com\/timelec\/wp-json\/wp\/v2\/pages\/2334\"><input type=\"hidden\" name=\"url_referer\" value=\"\"><button type=\"submit\" name=\"wpforms[submit]\" id=\"wpforms-submit-2320\" class=\"wpforms-submit btn-contact\" data-alt-text=\"Envoi...\" data-submit-text=\"Envoyer\" aria-live=\"assertive\" value=\"wpforms-submit\">Envoyer<\/button><img decoding=\"async\" src=\"https:\/\/dev.alcomnet.com\/timelec\/wp-content\/plugins\/wpforms-lite\/assets\/images\/submit-spin.svg\" class=\"wpforms-submit-spinner\" style=\"display: none;\" width=\"26\" height=\"26\" alt=\"Chargement en cours\"><\/div><\/form><\/div>  <!-- .wpforms-container -->\t\t\t\t<\/div>\n\t\t\t\t<\/div>\n\t\t\t\t\t<\/div>\n\t\t\t\t<\/section>\n\t\t\t\t<\/div>\n\t\t","protected":false},"excerpt":{"rendered":"<p>\u00a0Demander un devis Accueil \/ Page Parlez nous de votre projet et nous vous contacteront pour vous proposer un devis personnalis\u00e9 Veuillez activer JavaScript dans votre navigateur pour remplir ce formulaire.Veuillez activer JavaScript dans votre navigateur pour remplir ce formulaire.Nom ou raison sociale *E-mail *T\u00e9l\u00e9phone * Nature du besoin * Achat Groupe \u00e9lectrog\u00e8ne Location groupe [&hellip;]<\/p>\n","protected":false},"author":1,"featured_media":2336,"parent":0,"menu_order":0,"comment_status":"closed","ping_status":"closed","template":"","meta":{"_acf_changed":false,"footnotes":""},"class_list":["post-2334","page","type-page","status-publish","has-post-thumbnail","hentry"],"acf":[],"_links":{"self":[{"href":"https:\/\/dev.alcomnet.com\/timelec\/wp-json\/wp\/v2\/pages\/2334","targetHints":{"allow":["GET"]}}],"collection":[{"href":"https:\/\/dev.alcomnet.com\/timelec\/wp-json\/wp\/v2\/pages"}],"about":[{"href":"https:\/\/dev.alcomnet.com\/timelec\/wp-json\/wp\/v2\/types\/page"}],"author":[{"embeddable":true,"href":"https:\/\/dev.alcomnet.com\/timelec\/wp-json\/wp\/v2\/users\/1"}],"replies":[{"embeddable":true,"href":"https:\/\/dev.alcomnet.com\/timelec\/wp-json\/wp\/v2\/comments?post=2334"}],"version-history":[{"count":13,"href":"https:\/\/dev.alcomnet.com\/timelec\/wp-json\/wp\/v2\/pages\/2334\/revisions"}],"predecessor-version":[{"id":2356,"href":"https:\/\/dev.alcomnet.com\/timelec\/wp-json\/wp\/v2\/pages\/2334\/revisions\/2356"}],"wp:featuredmedia":[{"embeddable":true,"href":"https:\/\/dev.alcomnet.com\/timelec\/wp-json\/wp\/v2\/media\/2336"}],"wp:attachment":[{"href":"https:\/\/dev.alcomnet.com\/timelec\/wp-json\/wp\/v2\/media?parent=2334"}],"curies":[{"name":"wp","href":"https:\/\/api.w.org\/{rel}","templated":true}]}}