{"id":18,"date":"2025-07-07T23:04:34","date_gmt":"2025-07-07T22:04:34","guid":{"rendered":"https:\/\/dev.alcomnet.com\/timelec\/?page_id=18"},"modified":"2025-11-07T23:25:49","modified_gmt":"2025-11-07T22:25:49","slug":"references","status":"publish","type":"page","link":"https:\/\/dev.alcomnet.com\/timelec\/references\/","title":{"rendered":"R\u00e9f\u00e9rences"},"content":{"rendered":"\t\t<div data-elementor-type=\"wp-page\" data-elementor-id=\"18\" class=\"elementor elementor-18\">\n\t\t\t\t<section class=\"elementor-element elementor-element-54af747b e-flex e-con-boxed e-con e-parent\" data-id=\"54af747b\" data-element_type=\"container\">\n\t\t\t\t\t<div class=\"e-con-inner\">\n\t\t<div class=\"elementor-element elementor-element-4b175d7 e-flex e-con-boxed e-con e-child\" data-id=\"4b175d7\" data-element_type=\"container\" data-settings=\"{&quot;background_background&quot;:&quot;classic&quot;}\">\n\t\t\t\t\t<div class=\"e-con-inner\">\n\t\t\t\t<div class=\"elementor-element elementor-element-6b5acb99 elementor-widget elementor-widget-page-title\" data-id=\"6b5acb99\" data-element_type=\"widget\" data-settings=\"{&quot;align&quot;:&quot;center&quot;}\" data-widget_type=\"page-title.default\">\n\t\t\t\t<div class=\"elementor-widget-container\">\n\t\t\t\t\t\t\t\n\t\t<div class=\"hfe-page-title hfe-page-title-wrapper elementor-widget-heading\">\n\n\t\t\t\t\t\t\t\t<h1 class=\"elementor-heading-title elementor-size-default\">\n\t\t\t\t\t\t\t\t\n\t\t\t\tR\u00e9f\u00e9rences  \n\t\t\t<\/h1 > \n\t\t\t\t\t<\/div>\n\t\t\t\t\t\t<\/div>\n\t\t\t\t<\/div>\n\t\t\t\t<div class=\"elementor-element elementor-element-2b5d90c1 elementor-widget elementor-widget-eael-breadcrumbs\" data-id=\"2b5d90c1\" data-element_type=\"widget\" data-widget_type=\"eael-breadcrumbs.default\">\n\t\t\t\t<div class=\"elementor-widget-container\">\n\t\t\t\t\t\t\t<div class=\"eael-breadcrumbs\">\n\t\t\t<div class=\"eael-breadcrumbs__content\"><a href=\"https:\/\/dev.alcomnet.com\/timelec\">Accueil<\/a> <span class=\"eael-breadcrumb-separator\">\/<\/span> <span class = \"eael-current\">Page<\/span><\/div>\t\t<\/div>\n\t\t\t\t\t\t<\/div>\n\t\t\t\t<\/div>\n\t\t\t\t\t<\/div>\n\t\t\t\t<\/div>\n\t\t\t\t\t<\/div>\n\t\t\t\t<\/section>\n\t\t<section class=\"elementor-element elementor-element-73d61fc e-flex e-con-boxed e-con e-parent\" data-id=\"73d61fc\" data-element_type=\"container\">\n\t\t\t\t\t<div class=\"e-con-inner\">\n\t\t<div class=\"elementor-element elementor-element-45fa7c3b e-con-full e-flex e-con e-child\" data-id=\"45fa7c3b\" data-element_type=\"container\">\n\t\t\t\t<div class=\"elementor-element elementor-element-a44d386 elementor-widget elementor-widget-text-editor\" data-id=\"a44d386\" data-element_type=\"widget\" data-widget_type=\"text-editor.default\">\n\t\t\t\t\t\t\t\t\t<p>Nous avons eu l\u2019honneur de collaborer avec des clients issus de divers secteurs : m\u00e9dical, hospitalier, universitaire, industriel, et commercial.<\/p><p>Gr\u00e2ce \u00e0 notre expertise et \u00e0 nos services fiables, nous avons contribu\u00e9 \u00e0 la r\u00e9ussite de leurs projets.<\/p>\t\t\t\t\t\t\t\t<\/div>\n\t\t\t\t<\/div>\n\t\t<div class=\"elementor-element elementor-element-44a7b62b e-con-full e-flex e-con e-child\" data-id=\"44a7b62b\" data-element_type=\"container\">\n\t\t<div class=\"elementor-element elementor-element-77789933 e-con-full e-flex e-con e-child\" data-id=\"77789933\" data-element_type=\"container\">\n\t\t\t\t<div class=\"elementor-element elementor-element-59e7581d elementor-widget elementor-widget-image\" data-id=\"59e7581d\" data-element_type=\"widget\" data-widget_type=\"image.default\">\n\t\t\t\t\t\t\t\t\t\t\t\t\t\t\t<img decoding=\"async\" width=\"209\" height=\"209\" src=\"https:\/\/dev.alcomnet.com\/timelec\/wp-content\/uploads\/2025\/07\/United-States-of-America-Department-of-State.png\" class=\"elementor-animation-shrink attachment-large size-large wp-image-936\" alt=\"United States of America Department of State\" srcset=\"https:\/\/dev.alcomnet.com\/timelec\/wp-content\/uploads\/2025\/07\/United-States-of-America-Department-of-State.png 209w, https:\/\/dev.alcomnet.com\/timelec\/wp-content\/uploads\/2025\/07\/United-States-of-America-Department-of-State-150x150.png 150w\" sizes=\"(max-width: 209px) 100vw, 209px\" \/>\t\t\t\t\t\t\t\t\t\t\t\t\t\t\t<\/div>\n\t\t\t\t<\/div>\n\t\t<div class=\"elementor-element elementor-element-4b0c7d53 e-con-full e-flex e-con e-child\" data-id=\"4b0c7d53\" data-element_type=\"container\">\n\t\t\t\t<div class=\"elementor-element elementor-element-441a885e elementor-widget elementor-widget-image\" data-id=\"441a885e\" data-element_type=\"widget\" data-widget_type=\"image.default\">\n\t\t\t\t\t\t\t\t\t\t\t\t\t\t\t<img fetchpriority=\"high\" decoding=\"async\" width=\"1000\" height=\"1000\" src=\"https:\/\/dev.alcomnet.com\/timelec\/wp-content\/uploads\/2025\/11\/UK-in-Algeria.jpg\" class=\"elementor-animation-shrink attachment-large size-large wp-image-2361\" alt=\"UK in Algeria\" srcset=\"https:\/\/dev.alcomnet.com\/timelec\/wp-content\/uploads\/2025\/11\/UK-in-Algeria.jpg 1000w, https:\/\/dev.alcomnet.com\/timelec\/wp-content\/uploads\/2025\/11\/UK-in-Algeria-300x300.jpg 300w, https:\/\/dev.alcomnet.com\/timelec\/wp-content\/uploads\/2025\/11\/UK-in-Algeria-150x150.jpg 150w, https:\/\/dev.alcomnet.com\/timelec\/wp-content\/uploads\/2025\/11\/UK-in-Algeria-768x768.jpg 768w\" sizes=\"(max-width: 1000px) 100vw, 1000px\" \/>\t\t\t\t\t\t\t\t\t\t\t\t\t\t\t<\/div>\n\t\t\t\t<\/div>\n\t\t<div class=\"elementor-element elementor-element-b3679d1 e-con-full e-flex e-con e-child\" data-id=\"b3679d1\" data-element_type=\"container\">\n\t\t\t\t<div class=\"elementor-element elementor-element-d43d1c0 elementor-widget elementor-widget-image\" data-id=\"d43d1c0\" data-element_type=\"widget\" data-widget_type=\"image.default\">\n\t\t\t\t\t\t\t\t\t\t\t\t\t\t\t<img decoding=\"async\" width=\"166\" height=\"241\" src=\"https:\/\/dev.alcomnet.com\/timelec\/wp-content\/uploads\/2025\/07\/sonatrach.png\" class=\"elementor-animation-shrink attachment-large size-large wp-image-934\" alt=\"sonatrach\" \/>\t\t\t\t\t\t\t\t\t\t\t\t\t\t\t<\/div>\n\t\t\t\t<\/div>\n\t\t<div class=\"elementor-element elementor-element-ba2dd6c e-con-full e-flex e-con e-child\" data-id=\"ba2dd6c\" data-element_type=\"container\">\n\t\t\t\t<div class=\"elementor-element elementor-element-5c9362b6 elementor-widget elementor-widget-image\" data-id=\"5c9362b6\" data-element_type=\"widget\" data-widget_type=\"image.default\">\n\t\t\t\t\t\t\t\t\t\t\t\t\t\t\t<img loading=\"lazy\" decoding=\"async\" width=\"600\" height=\"282\" src=\"https:\/\/dev.alcomnet.com\/timelec\/wp-content\/uploads\/2025\/11\/Ministere-de-la-Formation-et-de-lEnseignement-professionnels.png\" class=\"elementor-animation-shrink attachment-large size-large wp-image-2357\" alt=\"Minist\u00e8re de la Formation et de l\u2019Enseignement professionnels\" srcset=\"https:\/\/dev.alcomnet.com\/timelec\/wp-content\/uploads\/2025\/11\/Ministere-de-la-Formation-et-de-lEnseignement-professionnels.png 600w, https:\/\/dev.alcomnet.com\/timelec\/wp-content\/uploads\/2025\/11\/Ministere-de-la-Formation-et-de-lEnseignement-professionnels-300x141.png 300w\" sizes=\"(max-width: 600px) 100vw, 600px\" \/>\t\t\t\t\t\t\t\t\t\t\t\t\t\t\t<\/div>\n\t\t\t\t<\/div>\n\t\t<div class=\"elementor-element elementor-element-73d43055 e-con-full e-flex e-con e-child\" data-id=\"73d43055\" data-element_type=\"container\">\n\t\t\t\t<div class=\"elementor-element elementor-element-332f45e7 elementor-widget elementor-widget-image\" data-id=\"332f45e7\" data-element_type=\"widget\" data-widget_type=\"image.default\">\n\t\t\t\t\t\t\t\t\t\t\t\t\t\t\t<img loading=\"lazy\" decoding=\"async\" width=\"300\" height=\"161\" src=\"https:\/\/dev.alcomnet.com\/timelec\/wp-content\/uploads\/2025\/11\/petroser.png\" class=\"elementor-animation-shrink attachment-large size-large wp-image-2362\" alt=\"petroser\" \/>\t\t\t\t\t\t\t\t\t\t\t\t\t\t\t<\/div>\n\t\t\t\t<\/div>\n\t\t<div class=\"elementor-element elementor-element-768497ec e-con-full e-flex e-con e-child\" data-id=\"768497ec\" data-element_type=\"container\">\n\t\t\t\t<div class=\"elementor-element elementor-element-54c7cbce elementor-widget elementor-widget-image\" data-id=\"54c7cbce\" data-element_type=\"widget\" data-widget_type=\"image.default\">\n\t\t\t\t\t\t\t\t\t\t\t\t\t\t\t<img loading=\"lazy\" decoding=\"async\" width=\"215\" height=\"166\" src=\"https:\/\/dev.alcomnet.com\/timelec\/wp-content\/uploads\/2025\/07\/lesaffre.png\" class=\"elementor-animation-shrink attachment-large size-large wp-image-931\" alt=\"lesaffre\" \/>\t\t\t\t\t\t\t\t\t\t\t\t\t\t\t<\/div>\n\t\t\t\t<\/div>\n\t\t\t\t<\/div>\n\t\t<div class=\"elementor-element elementor-element-0522de0 e-con-full e-flex e-con e-child\" data-id=\"0522de0\" data-element_type=\"container\">\n\t\t<div class=\"elementor-element elementor-element-0a2af00 e-con-full e-flex e-con e-child\" data-id=\"0a2af00\" data-element_type=\"container\">\n\t\t\t\t<div class=\"elementor-element elementor-element-66617cd elementor-widget elementor-widget-image\" data-id=\"66617cd\" data-element_type=\"widget\" data-widget_type=\"image.default\">\n\t\t\t\t\t\t\t\t\t\t\t\t\t\t\t<img loading=\"lazy\" decoding=\"async\" width=\"200\" height=\"200\" src=\"https:\/\/dev.alcomnet.com\/timelec\/wp-content\/uploads\/2025\/07\/africaine-paper-mills.jpg\" class=\"elementor-animation-shrink attachment-large size-large wp-image-920\" alt=\"africaine paper mills\" srcset=\"https:\/\/dev.alcomnet.com\/timelec\/wp-content\/uploads\/2025\/07\/africaine-paper-mills.jpg 200w, https:\/\/dev.alcomnet.com\/timelec\/wp-content\/uploads\/2025\/07\/africaine-paper-mills-150x150.jpg 150w\" sizes=\"(max-width: 200px) 100vw, 200px\" \/>\t\t\t\t\t\t\t\t\t\t\t\t\t\t\t<\/div>\n\t\t\t\t<\/div>\n\t\t<div class=\"elementor-element elementor-element-c26efb5 e-con-full e-flex e-con e-child\" data-id=\"c26efb5\" data-element_type=\"container\">\n\t\t\t\t<div class=\"elementor-element elementor-element-8485304 elementor-widget elementor-widget-image\" data-id=\"8485304\" data-element_type=\"widget\" data-widget_type=\"image.default\">\n\t\t\t\t\t\t\t\t\t\t\t\t\t\t\t<img loading=\"lazy\" decoding=\"async\" width=\"270\" height=\"400\" src=\"https:\/\/dev.alcomnet.com\/timelec\/wp-content\/uploads\/2025\/07\/Cooperative-de-cereales-et-de-legumes-secs-.png\" class=\"elementor-animation-shrink attachment-large size-large wp-image-925\" alt=\"Coop\u00e9rative de c\u00e9r\u00e9ales et de l\u00e9gumes, secs\" srcset=\"https:\/\/dev.alcomnet.com\/timelec\/wp-content\/uploads\/2025\/07\/Cooperative-de-cereales-et-de-legumes-secs-.png 270w, https:\/\/dev.alcomnet.com\/timelec\/wp-content\/uploads\/2025\/07\/Cooperative-de-cereales-et-de-legumes-secs--203x300.png 203w\" sizes=\"(max-width: 270px) 100vw, 270px\" \/>\t\t\t\t\t\t\t\t\t\t\t\t\t\t\t<\/div>\n\t\t\t\t<\/div>\n\t\t<div class=\"elementor-element elementor-element-728e786 e-con-full e-flex e-con e-child\" data-id=\"728e786\" data-element_type=\"container\">\n\t\t\t\t<div class=\"elementor-element elementor-element-18b685d elementor-widget elementor-widget-image\" data-id=\"18b685d\" data-element_type=\"widget\" data-widget_type=\"image.default\">\n\t\t\t\t\t\t\t\t\t\t\t\t\t\t\t<img loading=\"lazy\" decoding=\"async\" width=\"267\" height=\"189\" src=\"https:\/\/dev.alcomnet.com\/timelec\/wp-content\/uploads\/2025\/07\/cevital.png\" class=\"elementor-animation-shrink attachment-large size-large wp-image-922\" alt=\"cevital\" \/>\t\t\t\t\t\t\t\t\t\t\t\t\t\t\t<\/div>\n\t\t\t\t<\/div>\n\t\t<div class=\"elementor-element elementor-element-f94b952 e-con-full e-flex e-con e-child\" data-id=\"f94b952\" data-element_type=\"container\">\n\t\t\t\t<div class=\"elementor-element elementor-element-7389372 elementor-widget elementor-widget-image\" data-id=\"7389372\" data-element_type=\"widget\" data-widget_type=\"image.default\">\n\t\t\t\t\t\t\t\t\t\t\t\t\t\t\t<img loading=\"lazy\" decoding=\"async\" width=\"225\" height=\"225\" src=\"https:\/\/dev.alcomnet.com\/timelec\/wp-content\/uploads\/2025\/07\/Cosider.jpg\" class=\"elementor-animation-shrink attachment-large size-large wp-image-927\" alt=\"Cosider\" srcset=\"https:\/\/dev.alcomnet.com\/timelec\/wp-content\/uploads\/2025\/07\/Cosider.jpg 225w, https:\/\/dev.alcomnet.com\/timelec\/wp-content\/uploads\/2025\/07\/Cosider-150x150.jpg 150w\" sizes=\"(max-width: 225px) 100vw, 225px\" \/>\t\t\t\t\t\t\t\t\t\t\t\t\t\t\t<\/div>\n\t\t\t\t<\/div>\n\t\t<div class=\"elementor-element elementor-element-fffb14e e-con-full e-flex e-con e-child\" data-id=\"fffb14e\" data-element_type=\"container\">\n\t\t\t\t<div class=\"elementor-element elementor-element-692e11c elementor-widget elementor-widget-image\" data-id=\"692e11c\" data-element_type=\"widget\" data-widget_type=\"image.default\">\n\t\t\t\t\t\t\t\t\t\t\t\t\t\t\t<img loading=\"lazy\" decoding=\"async\" width=\"250\" height=\"250\" src=\"https:\/\/dev.alcomnet.com\/timelec\/wp-content\/uploads\/2025\/07\/clinique-hamouche.jpg\" class=\"elementor-animation-shrink attachment-large size-large wp-image-924\" alt=\"clinique hamouche\" srcset=\"https:\/\/dev.alcomnet.com\/timelec\/wp-content\/uploads\/2025\/07\/clinique-hamouche.jpg 250w, https:\/\/dev.alcomnet.com\/timelec\/wp-content\/uploads\/2025\/07\/clinique-hamouche-150x150.jpg 150w\" sizes=\"(max-width: 250px) 100vw, 250px\" \/>\t\t\t\t\t\t\t\t\t\t\t\t\t\t\t<\/div>\n\t\t\t\t<\/div>\n\t\t<div class=\"elementor-element elementor-element-6d189ff e-con-full e-flex e-con e-child\" data-id=\"6d189ff\" data-element_type=\"container\">\n\t\t\t\t<div class=\"elementor-element elementor-element-9319352 elementor-widget elementor-widget-image\" data-id=\"9319352\" data-element_type=\"widget\" data-widget_type=\"image.default\">\n\t\t\t\t\t\t\t\t\t\t\t\t\t\t\t<img loading=\"lazy\" decoding=\"async\" width=\"245\" height=\"142\" src=\"https:\/\/dev.alcomnet.com\/timelec\/wp-content\/uploads\/2025\/07\/cophyd.png\" class=\"elementor-animation-shrink attachment-large size-large wp-image-926\" alt=\"cophyd\" \/>\t\t\t\t\t\t\t\t\t\t\t\t\t\t\t<\/div>\n\t\t\t\t<\/div>\n\t\t\t\t<\/div>\n\t\t<div class=\"elementor-element elementor-element-ae2b348 e-con-full e-flex e-con e-child\" data-id=\"ae2b348\" data-element_type=\"container\">\n\t\t<div class=\"elementor-element elementor-element-6ba1c0a e-con-full e-flex e-con e-child\" data-id=\"6ba1c0a\" data-element_type=\"container\">\n\t\t\t\t<div class=\"elementor-element elementor-element-88d7fc9 elementor-widget elementor-widget-image\" data-id=\"88d7fc9\" data-element_type=\"widget\" data-widget_type=\"image.default\">\n\t\t\t\t\t\t\t\t\t\t\t\t\t\t\t<img loading=\"lazy\" decoding=\"async\" width=\"388\" height=\"291\" src=\"https:\/\/dev.alcomnet.com\/timelec\/wp-content\/uploads\/2025\/07\/fatema-al-azhar.png\" class=\"elementor-animation-shrink attachment-large size-large wp-image-929\" alt=\"fatema al azhar\" srcset=\"https:\/\/dev.alcomnet.com\/timelec\/wp-content\/uploads\/2025\/07\/fatema-al-azhar.png 388w, https:\/\/dev.alcomnet.com\/timelec\/wp-content\/uploads\/2025\/07\/fatema-al-azhar-300x225.png 300w\" sizes=\"(max-width: 388px) 100vw, 388px\" \/>\t\t\t\t\t\t\t\t\t\t\t\t\t\t\t<\/div>\n\t\t\t\t<\/div>\n\t\t<div class=\"elementor-element elementor-element-329fc1a e-con-full e-flex e-con e-child\" data-id=\"329fc1a\" data-element_type=\"container\">\n\t\t\t\t<div class=\"elementor-element elementor-element-a53ffa3 elementor-widget elementor-widget-image\" data-id=\"a53ffa3\" data-element_type=\"widget\" data-widget_type=\"image.default\">\n\t\t\t\t\t\t\t\t\t\t\t\t\t\t\t<img loading=\"lazy\" decoding=\"async\" width=\"1024\" height=\"1024\" src=\"https:\/\/dev.alcomnet.com\/timelec\/wp-content\/uploads\/2025\/07\/China-State-Construction-Engineering-Corporation-1024x1024.png\" class=\"elementor-animation-shrink attachment-large size-large wp-image-923\" alt=\"China State Construction Engineering Corporation\" srcset=\"https:\/\/dev.alcomnet.com\/timelec\/wp-content\/uploads\/2025\/07\/China-State-Construction-Engineering-Corporation-1024x1024.png 1024w, https:\/\/dev.alcomnet.com\/timelec\/wp-content\/uploads\/2025\/07\/China-State-Construction-Engineering-Corporation-300x300.png 300w, https:\/\/dev.alcomnet.com\/timelec\/wp-content\/uploads\/2025\/07\/China-State-Construction-Engineering-Corporation-150x150.png 150w, https:\/\/dev.alcomnet.com\/timelec\/wp-content\/uploads\/2025\/07\/China-State-Construction-Engineering-Corporation-768x768.png 768w, https:\/\/dev.alcomnet.com\/timelec\/wp-content\/uploads\/2025\/07\/China-State-Construction-Engineering-Corporation.png 1200w\" sizes=\"(max-width: 1024px) 100vw, 1024px\" \/>\t\t\t\t\t\t\t\t\t\t\t\t\t\t\t<\/div>\n\t\t\t\t<\/div>\n\t\t<div class=\"elementor-element elementor-element-9de5001 e-con-full e-flex e-con e-child\" data-id=\"9de5001\" data-element_type=\"container\">\n\t\t\t\t<div class=\"elementor-element elementor-element-2bb9342 elementor-widget elementor-widget-image\" data-id=\"2bb9342\" data-element_type=\"widget\" data-widget_type=\"image.default\">\n\t\t\t\t\t\t\t\t\t\t\t\t\t\t\t<img loading=\"lazy\" decoding=\"async\" width=\"262\" height=\"192\" src=\"https:\/\/dev.alcomnet.com\/timelec\/wp-content\/uploads\/2025\/07\/entreprise-portuaire-dalger.jpg\" class=\"elementor-animation-shrink attachment-large size-large wp-image-928\" alt=\"entreprise portuaire d&#039;Alger\" \/>\t\t\t\t\t\t\t\t\t\t\t\t\t\t\t<\/div>\n\t\t\t\t<\/div>\n\t\t<div class=\"elementor-element elementor-element-b6deae0 e-con-full e-flex e-con e-child\" data-id=\"b6deae0\" data-element_type=\"container\">\n\t\t\t\t<div class=\"elementor-element elementor-element-badefc4 elementor-widget elementor-widget-image\" data-id=\"badefc4\" data-element_type=\"widget\" data-widget_type=\"image.default\">\n\t\t\t\t\t\t\t\t\t\t\t\t\t\t\t<img loading=\"lazy\" decoding=\"async\" width=\"225\" height=\"225\" src=\"https:\/\/dev.alcomnet.com\/timelec\/wp-content\/uploads\/2025\/07\/a-petit-feu-restaurant.jpg\" class=\"elementor-animation-shrink attachment-large size-large wp-image-919\" alt=\"a petit feu restaurant\" srcset=\"https:\/\/dev.alcomnet.com\/timelec\/wp-content\/uploads\/2025\/07\/a-petit-feu-restaurant.jpg 225w, https:\/\/dev.alcomnet.com\/timelec\/wp-content\/uploads\/2025\/07\/a-petit-feu-restaurant-150x150.jpg 150w\" sizes=\"(max-width: 225px) 100vw, 225px\" \/>\t\t\t\t\t\t\t\t\t\t\t\t\t\t\t<\/div>\n\t\t\t\t<\/div>\n\t\t<div class=\"elementor-element elementor-element-1577ba3 e-con-full e-flex e-con e-child\" data-id=\"1577ba3\" data-element_type=\"container\">\n\t\t\t\t<div class=\"elementor-element elementor-element-01c10b5 elementor-widget elementor-widget-image\" data-id=\"01c10b5\" data-element_type=\"widget\" data-widget_type=\"image.default\">\n\t\t\t\t\t\t\t\t\t\t\t\t\t\t\t<img loading=\"lazy\" decoding=\"async\" width=\"200\" height=\"200\" src=\"https:\/\/dev.alcomnet.com\/timelec\/wp-content\/uploads\/2025\/07\/Batimetal.jpg\" class=\"elementor-animation-shrink attachment-large size-large wp-image-921\" alt=\"Batimetal\" srcset=\"https:\/\/dev.alcomnet.com\/timelec\/wp-content\/uploads\/2025\/07\/Batimetal.jpg 200w, https:\/\/dev.alcomnet.com\/timelec\/wp-content\/uploads\/2025\/07\/Batimetal-150x150.jpg 150w\" sizes=\"(max-width: 200px) 100vw, 200px\" \/>\t\t\t\t\t\t\t\t\t\t\t\t\t\t\t<\/div>\n\t\t\t\t<\/div>\n\t\t<div class=\"elementor-element elementor-element-c8fa23b e-con-full e-flex e-con e-child\" data-id=\"c8fa23b\" data-element_type=\"container\">\n\t\t\t\t<div class=\"elementor-element elementor-element-93e6d8b elementor-widget elementor-widget-image\" data-id=\"93e6d8b\" data-element_type=\"widget\" data-widget_type=\"image.default\">\n\t\t\t\t\t\t\t\t\t\t\t\t\t\t\t<img loading=\"lazy\" decoding=\"async\" width=\"345\" height=\"187\" src=\"https:\/\/dev.alcomnet.com\/timelec\/wp-content\/uploads\/2025\/07\/jgc.png\" class=\"elementor-animation-shrink attachment-large size-large wp-image-930\" alt=\"jgc\" srcset=\"https:\/\/dev.alcomnet.com\/timelec\/wp-content\/uploads\/2025\/07\/jgc.png 345w, https:\/\/dev.alcomnet.com\/timelec\/wp-content\/uploads\/2025\/07\/jgc-300x163.png 300w\" sizes=\"(max-width: 345px) 100vw, 345px\" \/>\t\t\t\t\t\t\t\t\t\t\t\t\t\t\t<\/div>\n\t\t\t\t<\/div>\n\t\t\t\t<\/div>\n\t\t\t\t\t<\/div>\n\t\t\t\t<\/section>\n\t\t\t\t<\/div>\n\t\t","protected":false},"excerpt":{"rendered":"<p>R\u00e9f\u00e9rences Accueil \/ Page Nous avons eu l\u2019honneur de collaborer avec des clients issus de divers secteurs : m\u00e9dical, hospitalier, universitaire, industriel, et commercial. Gr\u00e2ce \u00e0 notre expertise et \u00e0 nos services fiables, nous avons contribu\u00e9 \u00e0 la r\u00e9ussite de leurs projets.<\/p>\n","protected":false},"author":1,"featured_media":0,"parent":0,"menu_order":0,"comment_status":"closed","ping_status":"closed","template":"","meta":{"_acf_changed":false,"footnotes":""},"class_list":["post-18","page","type-page","status-publish","hentry"],"acf":[],"_links":{"self":[{"href":"https:\/\/dev.alcomnet.com\/timelec\/wp-json\/wp\/v2\/pages\/18","targetHints":{"allow":["GET"]}}],"collection":[{"href":"https:\/\/dev.alcomnet.com\/timelec\/wp-json\/wp\/v2\/pages"}],"about":[{"href":"https:\/\/dev.alcomnet.com\/timelec\/wp-json\/wp\/v2\/types\/page"}],"author":[{"embeddable":true,"href":"https:\/\/dev.alcomnet.com\/timelec\/wp-json\/wp\/v2\/users\/1"}],"replies":[{"embeddable":true,"href":"https:\/\/dev.alcomnet.com\/timelec\/wp-json\/wp\/v2\/comments?post=18"}],"version-history":[{"count":67,"href":"https:\/\/dev.alcomnet.com\/timelec\/wp-json\/wp\/v2\/pages\/18\/revisions"}],"predecessor-version":[{"id":2365,"href":"https:\/\/dev.alcomnet.com\/timelec\/wp-json\/wp\/v2\/pages\/18\/revisions\/2365"}],"wp:attachment":[{"href":"https:\/\/dev.alcomnet.com\/timelec\/wp-json\/wp\/v2\/media?parent=18"}],"curies":[{"name":"wp","href":"https:\/\/api.w.org\/{rel}","templated":true}]}}