{"id":14,"date":"2025-07-07T23:03:57","date_gmt":"2025-07-07T22:03:57","guid":{"rendered":"https:\/\/dev.alcomnet.com\/timelec\/?page_id=14"},"modified":"2025-11-04T03:56:14","modified_gmt":"2025-11-04T02:56:14","slug":"a-propos","status":"publish","type":"page","link":"https:\/\/dev.alcomnet.com\/timelec\/a-propos\/","title":{"rendered":"\u00c0 propos"},"content":{"rendered":"\t\t<div data-elementor-type=\"wp-page\" data-elementor-id=\"14\" class=\"elementor elementor-14\">\n\t\t\t\t<section class=\"elementor-element elementor-element-63772c7 e-flex e-con-boxed e-con e-parent\" data-id=\"63772c7\" data-element_type=\"container\">\n\t\t\t\t\t<div class=\"e-con-inner\">\n\t\t<div class=\"elementor-element elementor-element-c284dbf e-flex e-con-boxed e-con e-child\" data-id=\"c284dbf\" data-element_type=\"container\" data-settings=\"{&quot;background_background&quot;:&quot;classic&quot;}\">\n\t\t\t\t\t<div class=\"e-con-inner\">\n\t\t\t\t<div class=\"elementor-element elementor-element-d1a6089 elementor-widget elementor-widget-page-title\" data-id=\"d1a6089\" data-element_type=\"widget\" data-settings=\"{&quot;align&quot;:&quot;center&quot;}\" data-widget_type=\"page-title.default\">\n\t\t\t\t<div class=\"elementor-widget-container\">\n\t\t\t\t\t\t\t\n\t\t<div class=\"hfe-page-title hfe-page-title-wrapper elementor-widget-heading\">\n\n\t\t\t\t\t\t\t\t<h1 class=\"elementor-heading-title elementor-size-default\">\n\t\t\t\t\t\t\t\t\n\t\t\t\t\u00c0 propos  \n\t\t\t<\/h1 > \n\t\t\t\t\t<\/div>\n\t\t\t\t\t\t<\/div>\n\t\t\t\t<\/div>\n\t\t\t\t<div class=\"elementor-element elementor-element-1d461fb elementor-widget elementor-widget-eael-breadcrumbs\" data-id=\"1d461fb\" data-element_type=\"widget\" data-widget_type=\"eael-breadcrumbs.default\">\n\t\t\t\t<div class=\"elementor-widget-container\">\n\t\t\t\t\t\t\t<div class=\"eael-breadcrumbs\">\n\t\t\t<div class=\"eael-breadcrumbs__content\"><a href=\"https:\/\/dev.alcomnet.com\/timelec\">Accueil<\/a> <span class=\"eael-breadcrumb-separator\">\/<\/span> <span class = \"eael-current\">Page<\/span><\/div>\t\t<\/div>\n\t\t\t\t\t\t<\/div>\n\t\t\t\t<\/div>\n\t\t\t\t\t<\/div>\n\t\t\t\t<\/div>\n\t\t\t\t\t<\/div>\n\t\t\t\t<\/section>\n\t\t<section class=\"elementor-element elementor-element-09d3c51 e-flex e-con-boxed e-con e-parent\" data-id=\"09d3c51\" data-element_type=\"container\">\n\t\t\t\t\t<div class=\"e-con-inner\">\n\t\t<div class=\"elementor-element elementor-element-a7198c6 e-con-full e-flex e-con e-child\" data-id=\"a7198c6\" data-element_type=\"container\">\n\t\t\t\t<div class=\"elementor-element elementor-element-4fbd1e5 elementor-widget elementor-widget-text-editor\" data-id=\"4fbd1e5\" data-element_type=\"widget\" data-widget_type=\"text-editor.default\">\n\t\t\t\t\t\t\t\t\t<p>Chez <strong>Timelec Alg\u00e9rie<\/strong>, nous sommes engag\u00e9s \u00e0 fournir des solutions compl\u00e8tes et personnalis\u00e9es pour r\u00e9pondre \u00e0 vos besoins \u00e9nerg\u00e9tiques. Nous mettons \u00e0 votre service notre expertise et notre savoir-faire dans les domaines suivants :<\/p>\t\t\t\t\t\t\t\t<\/div>\n\t\t\t\t<div class=\"elementor-element elementor-element-e91b8db btn-website elementor-widget elementor-widget-button\" data-id=\"e91b8db\" data-element_type=\"widget\" data-widget_type=\"button.default\">\n\t\t\t\t\t\t\t\t\t\t<a class=\"elementor-button elementor-button-link elementor-size-sm\" href=\"https:\/\/dev.alcomnet.com\/timelec\/services\/\">\n\t\t\t\t\t\t<span class=\"elementor-button-content-wrapper\">\n\t\t\t\t\t\t<span class=\"elementor-button-icon\">\n\t\t\t\t<svg xmlns=\"http:\/\/www.w3.org\/2000\/svg\" xmlns:xlink=\"http:\/\/www.w3.org\/1999\/xlink\" id=\"Calque_1\" x=\"0px\" y=\"0px\" viewBox=\"0 0 17.28 13.32\" style=\"enable-background:new 0 0 17.28 13.32;\" xml:space=\"preserve\"><style type=\"text\/css\">\t.st0{fill-rule:evenodd;clip-rule:evenodd;fill:#FFFFFF;}<\/style><path class=\"st0\" d=\"M16.32,5.66c-2.34,0-4.47-2.22-4.47-4.66V0H9.93v1c0,1.77,0.75,3.44,1.92,4.66H0v2h11.85 c-1.17,1.22-1.92,2.89-1.92,4.66v1h1.92v-1c0-2.44,2.13-4.66,4.47-4.66h0.96v-2H16.32z\"><\/path><\/svg>\t\t\t<\/span>\n\t\t\t\t\t\t\t\t\t<span class=\"elementor-button-text\">Voir les Services <\/span>\n\t\t\t\t\t<\/span>\n\t\t\t\t\t<\/a>\n\t\t\t\t\t\t\t\t<\/div>\n\t\t\t\t<\/div>\n\t\t<div class=\"elementor-element elementor-element-4fd12bc e-con-full e-flex e-con e-child\" data-id=\"4fd12bc\" data-element_type=\"container\">\n\t\t\t\t<div class=\"elementor-element elementor-element-e20a3ce elementor-widget elementor-widget-image\" data-id=\"e20a3ce\" data-element_type=\"widget\" data-widget_type=\"image.default\">\n\t\t\t\t\t\t\t\t\t\t\t\t\t\t\t<img fetchpriority=\"high\" decoding=\"async\" width=\"1024\" height=\"882\" src=\"https:\/\/dev.alcomnet.com\/timelec\/wp-content\/uploads\/2025\/07\/timelec-algerie-4-1024x882.jpg\" class=\"attachment-large size-large wp-image-2052\" alt=\"Timelec Alg\u00e9rie\" srcset=\"https:\/\/dev.alcomnet.com\/timelec\/wp-content\/uploads\/2025\/07\/timelec-algerie-4-1024x882.jpg 1024w, https:\/\/dev.alcomnet.com\/timelec\/wp-content\/uploads\/2025\/07\/timelec-algerie-4-300x258.jpg 300w, https:\/\/dev.alcomnet.com\/timelec\/wp-content\/uploads\/2025\/07\/timelec-algerie-4-768x661.jpg 768w, https:\/\/dev.alcomnet.com\/timelec\/wp-content\/uploads\/2025\/07\/timelec-algerie-4-1536x1323.jpg 1536w, https:\/\/dev.alcomnet.com\/timelec\/wp-content\/uploads\/2025\/07\/timelec-algerie-4.jpg 1600w\" sizes=\"(max-width: 1024px) 100vw, 1024px\" \/>\t\t\t\t\t\t\t\t\t\t\t\t\t\t\t<\/div>\n\t\t\t\t<\/div>\n\t\t\t\t\t<\/div>\n\t\t\t\t<\/section>\n\t\t<section class=\"elementor-element elementor-element-7fda5fd e-flex e-con-boxed e-con e-parent\" data-id=\"7fda5fd\" data-element_type=\"container\">\n\t\t\t\t\t<div class=\"e-con-inner\">\n\t\t<div class=\"elementor-element elementor-element-0438fd1 e-con-full e-flex e-con e-child\" data-id=\"0438fd1\" data-element_type=\"container\">\n\t\t\t\t<div class=\"elementor-element elementor-element-5a25603 elementor-widget elementor-widget-heading\" data-id=\"5a25603\" data-element_type=\"widget\" data-widget_type=\"heading.default\">\n\t\t\t\t\t<h2 class=\"elementor-heading-title elementor-size-default\">Fournisseurs et partenaires<\/h2>\t\t\t\t<\/div>\n\t\t\t\t<\/div>\n\t\t<div class=\"elementor-element elementor-element-1496f9bd e-con-full e-flex e-con e-child\" data-id=\"1496f9bd\" data-element_type=\"container\">\n\t\t<div class=\"elementor-element elementor-element-4040d67b e-con-full e-flex e-con e-child\" data-id=\"4040d67b\" data-element_type=\"container\">\n\t\t\t\t<div class=\"elementor-element elementor-element-6a508363 elementor-widget elementor-widget-image\" data-id=\"6a508363\" data-element_type=\"widget\" data-widget_type=\"image.default\">\n\t\t\t\t\t\t\t\t\t\t\t\t\t\t\t<img decoding=\"async\" width=\"204\" height=\"72\" src=\"https:\/\/dev.alcomnet.com\/timelec\/wp-content\/uploads\/2025\/11\/volvo-penta.png\" class=\"elementor-animation-shrink attachment-large size-large wp-image-2188\" alt=\"volvo penta\" \/>\t\t\t\t\t\t\t\t\t\t\t\t\t\t\t<\/div>\n\t\t\t\t<\/div>\n\t\t<div class=\"elementor-element elementor-element-79617da7 e-con-full e-flex e-con e-child\" data-id=\"79617da7\" data-element_type=\"container\">\n\t\t\t\t<div class=\"elementor-element elementor-element-30af421e elementor-widget elementor-widget-image\" data-id=\"30af421e\" data-element_type=\"widget\" data-widget_type=\"image.default\">\n\t\t\t\t\t\t\t\t\t\t\t\t\t\t\t<img decoding=\"async\" width=\"204\" height=\"192\" src=\"https:\/\/dev.alcomnet.com\/timelec\/wp-content\/uploads\/2025\/11\/cummins.png\" class=\"elementor-animation-shrink attachment-large size-large wp-image-2187\" alt=\"cummins\" \/>\t\t\t\t\t\t\t\t\t\t\t\t\t\t\t<\/div>\n\t\t\t\t<\/div>\n\t\t<div class=\"elementor-element elementor-element-fed9669 e-con-full e-flex e-con e-child\" data-id=\"fed9669\" data-element_type=\"container\">\n\t\t\t\t<div class=\"elementor-element elementor-element-3dc0ebc0 elementor-widget elementor-widget-image\" data-id=\"3dc0ebc0\" data-element_type=\"widget\" data-widget_type=\"image.default\">\n\t\t\t\t\t\t\t\t\t\t\t\t\t\t\t<img loading=\"lazy\" decoding=\"async\" width=\"204\" height=\"62\" src=\"https:\/\/dev.alcomnet.com\/timelec\/wp-content\/uploads\/2025\/11\/perkins.png\" class=\"elementor-animation-shrink attachment-large size-large wp-image-2186\" alt=\"perkins\" \/>\t\t\t\t\t\t\t\t\t\t\t\t\t\t\t<\/div>\n\t\t\t\t<\/div>\n\t\t<div class=\"elementor-element elementor-element-116a14da e-con-full e-flex e-con e-child\" data-id=\"116a14da\" data-element_type=\"container\">\n\t\t\t\t<div class=\"elementor-element elementor-element-4bb7566a elementor-widget elementor-widget-image\" data-id=\"4bb7566a\" data-element_type=\"widget\" data-widget_type=\"image.default\">\n\t\t\t\t\t\t\t\t\t\t\t\t\t\t\t<img loading=\"lazy\" decoding=\"async\" width=\"1024\" height=\"337\" src=\"https:\/\/dev.alcomnet.com\/timelec\/wp-content\/uploads\/2025\/11\/leroy-somer-1024x337.jpg\" class=\"elementor-animation-shrink attachment-large size-large wp-image-2185\" alt=\"leroy somer\" srcset=\"https:\/\/dev.alcomnet.com\/timelec\/wp-content\/uploads\/2025\/11\/leroy-somer-1024x337.jpg 1024w, https:\/\/dev.alcomnet.com\/timelec\/wp-content\/uploads\/2025\/11\/leroy-somer-300x99.jpg 300w, https:\/\/dev.alcomnet.com\/timelec\/wp-content\/uploads\/2025\/11\/leroy-somer-768x253.jpg 768w, https:\/\/dev.alcomnet.com\/timelec\/wp-content\/uploads\/2025\/11\/leroy-somer.jpg 1245w\" sizes=\"(max-width: 1024px) 100vw, 1024px\" \/>\t\t\t\t\t\t\t\t\t\t\t\t\t\t\t<\/div>\n\t\t\t\t<\/div>\n\t\t<div class=\"elementor-element elementor-element-75eb2553 e-con-full e-flex e-con e-child\" data-id=\"75eb2553\" data-element_type=\"container\">\n\t\t\t\t<div class=\"elementor-element elementor-element-49147b elementor-widget elementor-widget-image\" data-id=\"49147b\" data-element_type=\"widget\" data-widget_type=\"image.default\">\n\t\t\t\t\t\t\t\t\t\t\t\t\t\t\t<img loading=\"lazy\" decoding=\"async\" width=\"1024\" height=\"680\" src=\"https:\/\/dev.alcomnet.com\/timelec\/wp-content\/uploads\/2025\/11\/John-Deere-1024x680.png\" class=\"elementor-animation-shrink attachment-large size-large wp-image-2184\" alt=\"John Deere\" srcset=\"https:\/\/dev.alcomnet.com\/timelec\/wp-content\/uploads\/2025\/11\/John-Deere-1024x680.png 1024w, https:\/\/dev.alcomnet.com\/timelec\/wp-content\/uploads\/2025\/11\/John-Deere-300x199.png 300w, https:\/\/dev.alcomnet.com\/timelec\/wp-content\/uploads\/2025\/11\/John-Deere-768x510.png 768w, https:\/\/dev.alcomnet.com\/timelec\/wp-content\/uploads\/2025\/11\/John-Deere-1536x1021.png 1536w, https:\/\/dev.alcomnet.com\/timelec\/wp-content\/uploads\/2025\/11\/John-Deere.png 1824w\" sizes=\"(max-width: 1024px) 100vw, 1024px\" \/>\t\t\t\t\t\t\t\t\t\t\t\t\t\t\t<\/div>\n\t\t\t\t<\/div>\n\t\t<div class=\"elementor-element elementor-element-3a270c4d e-con-full e-flex e-con e-child\" data-id=\"3a270c4d\" data-element_type=\"container\">\n\t\t\t\t<div class=\"elementor-element elementor-element-60cfce9f elementor-widget elementor-widget-image\" data-id=\"60cfce9f\" data-element_type=\"widget\" data-widget_type=\"image.default\">\n\t\t\t\t\t\t\t\t\t\t\t\t\t\t\t<img loading=\"lazy\" decoding=\"async\" width=\"800\" height=\"133\" src=\"https:\/\/dev.alcomnet.com\/timelec\/wp-content\/uploads\/2025\/11\/socomec.jpg\" class=\"elementor-animation-shrink attachment-large size-large wp-image-2129\" alt=\"socomec\" srcset=\"https:\/\/dev.alcomnet.com\/timelec\/wp-content\/uploads\/2025\/11\/socomec.jpg 800w, https:\/\/dev.alcomnet.com\/timelec\/wp-content\/uploads\/2025\/11\/socomec-300x50.jpg 300w, https:\/\/dev.alcomnet.com\/timelec\/wp-content\/uploads\/2025\/11\/socomec-768x128.jpg 768w\" sizes=\"(max-width: 800px) 100vw, 800px\" \/>\t\t\t\t\t\t\t\t\t\t\t\t\t\t\t<\/div>\n\t\t\t\t<\/div>\n\t\t<div class=\"elementor-element elementor-element-a6f1e96 e-con-full e-flex e-con e-child\" data-id=\"a6f1e96\" data-element_type=\"container\">\n\t\t\t\t<div class=\"elementor-element elementor-element-72cc812 elementor-widget elementor-widget-image\" data-id=\"72cc812\" data-element_type=\"widget\" data-widget_type=\"image.default\">\n\t\t\t\t\t\t\t\t\t\t\t\t\t\t\t<img loading=\"lazy\" decoding=\"async\" width=\"1024\" height=\"302\" src=\"https:\/\/dev.alcomnet.com\/timelec\/wp-content\/uploads\/2025\/11\/Schneider-Electric-1024x302.jpg\" class=\"elementor-animation-shrink attachment-large size-large wp-image-2128\" alt=\"Schneider Electric\" srcset=\"https:\/\/dev.alcomnet.com\/timelec\/wp-content\/uploads\/2025\/11\/Schneider-Electric-1024x302.jpg 1024w, https:\/\/dev.alcomnet.com\/timelec\/wp-content\/uploads\/2025\/11\/Schneider-Electric-300x89.jpg 300w, https:\/\/dev.alcomnet.com\/timelec\/wp-content\/uploads\/2025\/11\/Schneider-Electric-768x227.jpg 768w, https:\/\/dev.alcomnet.com\/timelec\/wp-content\/uploads\/2025\/11\/Schneider-Electric-1536x454.jpg 1536w, https:\/\/dev.alcomnet.com\/timelec\/wp-content\/uploads\/2025\/11\/Schneider-Electric-2048x605.jpg 2048w\" sizes=\"(max-width: 1024px) 100vw, 1024px\" \/>\t\t\t\t\t\t\t\t\t\t\t\t\t\t\t<\/div>\n\t\t\t\t<\/div>\n\t\t<div class=\"elementor-element elementor-element-aa65699 e-con-full e-flex e-con e-child\" data-id=\"aa65699\" data-element_type=\"container\">\n\t\t\t\t<div class=\"elementor-element elementor-element-522fd16 elementor-widget elementor-widget-image\" data-id=\"522fd16\" data-element_type=\"widget\" data-widget_type=\"image.default\">\n\t\t\t\t\t\t\t\t\t\t\t\t\t\t\t<img loading=\"lazy\" decoding=\"async\" width=\"790\" height=\"454\" src=\"https:\/\/dev.alcomnet.com\/timelec\/wp-content\/uploads\/2025\/11\/lovato-electric.jpg\" class=\"elementor-animation-shrink attachment-large size-large wp-image-2127\" alt=\"lovato electric\" srcset=\"https:\/\/dev.alcomnet.com\/timelec\/wp-content\/uploads\/2025\/11\/lovato-electric.jpg 790w, https:\/\/dev.alcomnet.com\/timelec\/wp-content\/uploads\/2025\/11\/lovato-electric-300x172.jpg 300w, https:\/\/dev.alcomnet.com\/timelec\/wp-content\/uploads\/2025\/11\/lovato-electric-768x441.jpg 768w\" sizes=\"(max-width: 790px) 100vw, 790px\" \/>\t\t\t\t\t\t\t\t\t\t\t\t\t\t\t<\/div>\n\t\t\t\t<\/div>\n\t\t<div class=\"elementor-element elementor-element-3887e43 e-con-full e-flex e-con e-child\" data-id=\"3887e43\" data-element_type=\"container\">\n\t\t\t\t<div class=\"elementor-element elementor-element-80c7b01 elementor-widget elementor-widget-image\" data-id=\"80c7b01\" data-element_type=\"widget\" data-widget_type=\"image.default\">\n\t\t\t\t\t\t\t\t\t\t\t\t\t\t\t<img loading=\"lazy\" decoding=\"async\" width=\"600\" height=\"148\" src=\"https:\/\/dev.alcomnet.com\/timelec\/wp-content\/uploads\/2025\/11\/deep-sea-electronics.jpg\" class=\"elementor-animation-shrink attachment-large size-large wp-image-2126\" alt=\"deep sea electronics\" srcset=\"https:\/\/dev.alcomnet.com\/timelec\/wp-content\/uploads\/2025\/11\/deep-sea-electronics.jpg 600w, https:\/\/dev.alcomnet.com\/timelec\/wp-content\/uploads\/2025\/11\/deep-sea-electronics-300x74.jpg 300w\" sizes=\"(max-width: 600px) 100vw, 600px\" \/>\t\t\t\t\t\t\t\t\t\t\t\t\t\t\t<\/div>\n\t\t\t\t<\/div>\n\t\t<div class=\"elementor-element elementor-element-00a2521 e-con-full e-flex e-con e-child\" data-id=\"00a2521\" data-element_type=\"container\">\n\t\t\t\t<div class=\"elementor-element elementor-element-add6c30 elementor-widget elementor-widget-image\" data-id=\"add6c30\" data-element_type=\"widget\" data-widget_type=\"image.default\">\n\t\t\t\t\t\t\t\t\t\t\t\t\t\t\t<img loading=\"lazy\" decoding=\"async\" width=\"1024\" height=\"210\" src=\"https:\/\/dev.alcomnet.com\/timelec\/wp-content\/uploads\/2025\/11\/Datakom-1024x210.png\" class=\"elementor-animation-shrink attachment-large size-large wp-image-2125\" alt=\"Datakom\" srcset=\"https:\/\/dev.alcomnet.com\/timelec\/wp-content\/uploads\/2025\/11\/Datakom-1024x210.png 1024w, https:\/\/dev.alcomnet.com\/timelec\/wp-content\/uploads\/2025\/11\/Datakom-300x61.png 300w, https:\/\/dev.alcomnet.com\/timelec\/wp-content\/uploads\/2025\/11\/Datakom-768x157.png 768w, https:\/\/dev.alcomnet.com\/timelec\/wp-content\/uploads\/2025\/11\/Datakom.png 1060w\" sizes=\"(max-width: 1024px) 100vw, 1024px\" \/>\t\t\t\t\t\t\t\t\t\t\t\t\t\t\t<\/div>\n\t\t\t\t<\/div>\n\t\t<div class=\"elementor-element elementor-element-5d13b98 e-con-full e-flex e-con e-child\" data-id=\"5d13b98\" data-element_type=\"container\">\n\t\t\t\t<div class=\"elementor-element elementor-element-d9a3e1f elementor-widget elementor-widget-image\" data-id=\"d9a3e1f\" data-element_type=\"widget\" data-widget_type=\"image.default\">\n\t\t\t\t\t\t\t\t\t\t\t\t\t\t\t<img loading=\"lazy\" decoding=\"async\" width=\"392\" height=\"198\" src=\"https:\/\/dev.alcomnet.com\/timelec\/wp-content\/uploads\/2025\/11\/comap.jpg\" class=\"elementor-animation-shrink attachment-large size-large wp-image-2124\" alt=\"comap\" srcset=\"https:\/\/dev.alcomnet.com\/timelec\/wp-content\/uploads\/2025\/11\/comap.jpg 392w, https:\/\/dev.alcomnet.com\/timelec\/wp-content\/uploads\/2025\/11\/comap-300x152.jpg 300w\" sizes=\"(max-width: 392px) 100vw, 392px\" \/>\t\t\t\t\t\t\t\t\t\t\t\t\t\t\t<\/div>\n\t\t\t\t<\/div>\n\t\t<div class=\"elementor-element elementor-element-463959b e-con-full e-flex e-con e-child\" data-id=\"463959b\" data-element_type=\"container\">\n\t\t\t\t<div class=\"elementor-element elementor-element-5e7fda2 elementor-widget elementor-widget-image\" data-id=\"5e7fda2\" data-element_type=\"widget\" data-widget_type=\"image.default\">\n\t\t\t\t\t\t\t\t\t\t\t\t\t\t\t<img loading=\"lazy\" decoding=\"async\" width=\"1024\" height=\"264\" src=\"https:\/\/dev.alcomnet.com\/timelec\/wp-content\/uploads\/2025\/11\/chint.png\" class=\"elementor-animation-shrink attachment-large size-large wp-image-2123\" alt=\"chint\" srcset=\"https:\/\/dev.alcomnet.com\/timelec\/wp-content\/uploads\/2025\/11\/chint.png 1024w, https:\/\/dev.alcomnet.com\/timelec\/wp-content\/uploads\/2025\/11\/chint-300x77.png 300w, https:\/\/dev.alcomnet.com\/timelec\/wp-content\/uploads\/2025\/11\/chint-768x198.png 768w\" sizes=\"(max-width: 1024px) 100vw, 1024px\" \/>\t\t\t\t\t\t\t\t\t\t\t\t\t\t\t<\/div>\n\t\t\t\t<\/div>\n\t\t\t\t<\/div>\n\t\t\t\t\t<\/div>\n\t\t\t\t<\/section>\n\t\t\t\t<\/div>\n\t\t","protected":false},"excerpt":{"rendered":"<p>\u00c0 propos Accueil \/ Page Chez Timelec Alg\u00e9rie, nous sommes engag\u00e9s \u00e0 fournir des solutions compl\u00e8tes et personnalis\u00e9es pour r\u00e9pondre \u00e0 vos besoins \u00e9nerg\u00e9tiques. Nous mettons \u00e0 votre service notre expertise et notre savoir-faire dans les domaines suivants : Voir les Services Fournisseurs et partenaires<\/p>\n","protected":false},"author":1,"featured_media":0,"parent":0,"menu_order":0,"comment_status":"closed","ping_status":"closed","template":"","meta":{"_acf_changed":false,"footnotes":""},"class_list":["post-14","page","type-page","status-publish","hentry"],"acf":[],"_links":{"self":[{"href":"https:\/\/dev.alcomnet.com\/timelec\/wp-json\/wp\/v2\/pages\/14","targetHints":{"allow":["GET"]}}],"collection":[{"href":"https:\/\/dev.alcomnet.com\/timelec\/wp-json\/wp\/v2\/pages"}],"about":[{"href":"https:\/\/dev.alcomnet.com\/timelec\/wp-json\/wp\/v2\/types\/page"}],"author":[{"embeddable":true,"href":"https:\/\/dev.alcomnet.com\/timelec\/wp-json\/wp\/v2\/users\/1"}],"replies":[{"embeddable":true,"href":"https:\/\/dev.alcomnet.com\/timelec\/wp-json\/wp\/v2\/comments?post=14"}],"version-history":[{"count":137,"href":"https:\/\/dev.alcomnet.com\/timelec\/wp-json\/wp\/v2\/pages\/14\/revisions"}],"predecessor-version":[{"id":2218,"href":"https:\/\/dev.alcomnet.com\/timelec\/wp-json\/wp\/v2\/pages\/14\/revisions\/2218"}],"wp:attachment":[{"href":"https:\/\/dev.alcomnet.com\/timelec\/wp-json\/wp\/v2\/media?parent=14"}],"curies":[{"name":"wp","href":"https:\/\/api.w.org\/{rel}","templated":true}]}}