{"id":592,"date":"2024-03-03T14:35:17","date_gmt":"2024-03-03T13:35:17","guid":{"rendered":"https:\/\/dev.alcomnet.com\/smartic\/?post_type=product&#038;p=592"},"modified":"2024-09-03T16:47:56","modified_gmt":"2024-09-03T15:47:56","slug":"cfp761","status":"publish","type":"product","link":"https:\/\/dev.alcomnet.com\/smartic\/produits\/cfp761\/","title":{"rendered":"CARTE RESEAU"},"content":{"rendered":"\t\t<div data-elementor-type=\"wp-post\" data-elementor-id=\"592\" class=\"elementor elementor-592\">\n\t\t\t\t<section class=\"elementor-element elementor-element-7342dc7a e-flex e-con-boxed e-con e-parent\" data-id=\"7342dc7a\" data-element_type=\"container\">\n\t\t\t\t\t<div class=\"e-con-inner\">\n\t\t<div class=\"elementor-element elementor-element-14177709 e-con-full e-flex e-con e-child\" data-id=\"14177709\" data-element_type=\"container\">\n\t\t\t\t<div class=\"elementor-element elementor-element-d2f7bc7 elementor-widget elementor-widget-image\" data-id=\"d2f7bc7\" data-element_type=\"widget\" data-widget_type=\"image.default\">\n\t\t\t\t<div class=\"elementor-widget-container\">\n\t\t\t<style>\/*! elementor - v3.23.0 - 05-08-2024 *\/\n.elementor-widget-image{text-align:center}.elementor-widget-image a{display:inline-block}.elementor-widget-image a img[src$=\".svg\"]{width:48px}.elementor-widget-image img{vertical-align:middle;display:inline-block}<\/style>\t\t\t\t\t\t\t\t\t\t<img decoding=\"async\" width=\"138\" height=\"267\" src=\"https:\/\/dev.alcomnet.com\/smartic\/wp-content\/uploads\/2024\/03\/CFP761.jpg\" class=\"attachment-large size-large wp-image-593\" alt=\"CFP761\" \/>\t\t\t\t\t\t\t\t\t\t\t\t\t<\/div>\n\t\t\t\t<\/div>\n\t\t\t\t<\/div>\n\t\t<div class=\"elementor-element elementor-element-8ddf572 e-con-full e-flex e-con e-child\" data-id=\"8ddf572\" data-element_type=\"container\">\n\t\t\t\t<div class=\"elementor-element elementor-element-7015aa2a elementor-widget elementor-widget-text-editor\" data-id=\"7015aa2a\" data-element_type=\"widget\" data-widget_type=\"text-editor.default\">\n\t\t\t\t<div class=\"elementor-widget-container\">\n\t\t\t<style>\/*! elementor - v3.23.0 - 05-08-2024 *\/\n.elementor-widget-text-editor.elementor-drop-cap-view-stacked .elementor-drop-cap{background-color:#69727d;color:#fff}.elementor-widget-text-editor.elementor-drop-cap-view-framed .elementor-drop-cap{color:#69727d;border:3px solid;background-color:transparent}.elementor-widget-text-editor:not(.elementor-drop-cap-view-default) .elementor-drop-cap{margin-top:8px}.elementor-widget-text-editor:not(.elementor-drop-cap-view-default) .elementor-drop-cap-letter{width:1em;height:1em}.elementor-widget-text-editor .elementor-drop-cap{float:left;text-align:center;line-height:1;font-size:50px}.elementor-widget-text-editor .elementor-drop-cap-letter{display:inline-block}<\/style>\t\t\t\t<h3><span style=\"color: #f6921e;\">Description<\/span><\/h3><p><strong>Carte de communication r\u00e9seau XFP pour panneaux de zone XFP 16 (une requise pour chaque panneau en r\u00e9seau)<\/strong><\/p><ul><li>Un dispositif d&rsquo;extension du syst\u00e8me en option \u00e0 utiliser avec les centrales incendie Context Plus XFP 1 boucle 16 zones mod\u00e8le XFP501E\/X\/CON.<\/li><li>Permet la connexion de jusqu&rsquo;\u00e0 huit r\u00e9p\u00e9teurs XFP ou huit panneaux principaux XFP (n&rsquo;importe quelle combinaison) sur un r\u00e9seau RS485.<\/li><li>Une carte AFP761 requise par panneau principal XFP 1 boucle 16 zones en r\u00e9seau (notez que les r\u00e9p\u00e9teurs XFP510-16\/CON incluent une carte de pilote r\u00e9seau CFP761 en standard).<\/li><li>L&rsquo;AFP761 n&rsquo;est PAS compatible avec les panneaux XFP\/501\/CON \u00e0 boucle unique 32 zones et les panneaux XFP\/502\/CON \u00e0 deux boucles 32 zones qui n\u00e9cessitent une carte CFP711 pour la mise en r\u00e9seau.<\/li><\/ul>\t\t\t\t\t\t<\/div>\n\t\t\t\t<\/div>\n\t\t\t\t<\/div>\n\t\t\t\t\t<\/div>\n\t\t\t\t<\/section>\n\t\t\t\t<\/div>\n\t\t","protected":false},"excerpt":{"rendered":"<p>Description Carte de communication r\u00e9seau XFP pour panneaux de zone XFP 16 (une requise pour chaque panneau en r\u00e9seau) Un dispositif d&rsquo;extension du syst\u00e8me en option \u00e0 utiliser avec les centrales incendie Context Plus XFP 1 boucle 16 zones mod\u00e8le XFP501E\/X\/CON. Permet la connexion de jusqu&rsquo;\u00e0 huit r\u00e9p\u00e9teurs XFP ou huit panneaux principaux XFP (n&rsquo;importe [&hellip;]<\/p>\n","protected":false},"featured_media":593,"template":"","categorie-product":[19],"class_list":["post-592","product","type-product","status-publish","has-post-thumbnail","hentry","categorie-product-centrale-de-detection-incendie"],"_links":{"self":[{"href":"https:\/\/dev.alcomnet.com\/smartic\/wp-json\/wp\/v2\/product\/592","targetHints":{"allow":["GET"]}}],"collection":[{"href":"https:\/\/dev.alcomnet.com\/smartic\/wp-json\/wp\/v2\/product"}],"about":[{"href":"https:\/\/dev.alcomnet.com\/smartic\/wp-json\/wp\/v2\/types\/product"}],"version-history":[{"count":7,"href":"https:\/\/dev.alcomnet.com\/smartic\/wp-json\/wp\/v2\/product\/592\/revisions"}],"predecessor-version":[{"id":1184,"href":"https:\/\/dev.alcomnet.com\/smartic\/wp-json\/wp\/v2\/product\/592\/revisions\/1184"}],"wp:featuredmedia":[{"embeddable":true,"href":"https:\/\/dev.alcomnet.com\/smartic\/wp-json\/wp\/v2\/media\/593"}],"wp:attachment":[{"href":"https:\/\/dev.alcomnet.com\/smartic\/wp-json\/wp\/v2\/media?parent=592"}],"wp:term":[{"taxonomy":"categorie-product","embeddable":true,"href":"https:\/\/dev.alcomnet.com\/smartic\/wp-json\/wp\/v2\/categorie-product?post=592"}],"curies":[{"name":"wp","href":"https:\/\/api.w.org\/{rel}","templated":true}]}}