{"id":586,"date":"2024-03-03T14:20:04","date_gmt":"2024-03-03T13:20:04","guid":{"rendered":"https:\/\/dev.alcomnet.com\/smartic\/?post_type=product&#038;p=586"},"modified":"2024-03-11T11:12:45","modified_gmt":"2024-03-11T10:12:45","slug":"bf560-24","status":"publish","type":"product","link":"https:\/\/dev.alcomnet.com\/smartic\/produits\/bf560-24\/","title":{"rendered":"BF560-24"},"content":{"rendered":"\t\t<div data-elementor-type=\"wp-post\" data-elementor-id=\"586\" class=\"elementor elementor-586\">\n\t\t\t\t<section class=\"elementor-element elementor-element-17845a3c e-flex e-con-boxed e-con e-parent\" data-id=\"17845a3c\" data-element_type=\"container\">\n\t\t\t\t\t<div class=\"e-con-inner\">\n\t\t<div class=\"elementor-element elementor-element-426c5004 e-con-full e-flex e-con e-child\" data-id=\"426c5004\" data-element_type=\"container\">\n\t\t\t\t<div class=\"elementor-element elementor-element-b3cd6a7 elementor-widget elementor-widget-image\" data-id=\"b3cd6a7\" data-element_type=\"widget\" data-widget_type=\"image.default\">\n\t\t\t\t<div class=\"elementor-widget-container\">\n\t\t\t<style>\/*! elementor - v3.23.0 - 05-08-2024 *\/\n.elementor-widget-image{text-align:center}.elementor-widget-image a{display:inline-block}.elementor-widget-image a img[src$=\".svg\"]{width:48px}.elementor-widget-image img{vertical-align:middle;display:inline-block}<\/style>\t\t\t\t\t\t\t\t\t\t<img fetchpriority=\"high\" decoding=\"async\" width=\"280\" height=\"189\" src=\"https:\/\/dev.alcomnet.com\/smartic\/wp-content\/uploads\/2024\/03\/BF560-24.jpg\" class=\"attachment-large size-large wp-image-587\" alt=\"BF560-24\" \/>\t\t\t\t\t\t\t\t\t\t\t\t\t<\/div>\n\t\t\t\t<\/div>\n\t\t\t\t<\/div>\n\t\t<div class=\"elementor-element elementor-element-3681ec0b e-con-full e-flex e-con e-child\" data-id=\"3681ec0b\" data-element_type=\"container\">\n\t\t\t\t<div class=\"elementor-element elementor-element-650f1059 elementor-widget elementor-widget-text-editor\" data-id=\"650f1059\" data-element_type=\"widget\" data-widget_type=\"text-editor.default\">\n\t\t\t\t<div class=\"elementor-widget-container\">\n\t\t\t<style>\/*! elementor - v3.23.0 - 05-08-2024 *\/\n.elementor-widget-text-editor.elementor-drop-cap-view-stacked .elementor-drop-cap{background-color:#69727d;color:#fff}.elementor-widget-text-editor.elementor-drop-cap-view-framed .elementor-drop-cap{color:#69727d;border:3px solid;background-color:transparent}.elementor-widget-text-editor:not(.elementor-drop-cap-view-default) .elementor-drop-cap{margin-top:8px}.elementor-widget-text-editor:not(.elementor-drop-cap-view-default) .elementor-drop-cap-letter{width:1em;height:1em}.elementor-widget-text-editor .elementor-drop-cap{float:left;text-align:center;line-height:1;font-size:50px}.elementor-widget-text-editor .elementor-drop-cap-letter{display:inline-block}<\/style>\t\t\t\t<h3><span style=\"color: #f6921e;\">Description<\/span><\/h3><p><strong>Alimentation \u00e0 d\u00e9coupage 24 V 1,5 A EN54-4<\/strong><\/p><ul><li>Certifi\u00e9 EN54-4\/A2 par le LPCB et le VdS (en attente AFNOR).<\/li><li>Un puissant bloc d&rsquo;alimentation hybride num\u00e9rique\/mode de commutation qui peut \u00eatre personnalis\u00e9* pour r\u00e9pondre \u00e0 vos besoins pr\u00e9cis \u2013 voir l&rsquo;onglet Plus d&rsquo;informations pour plus de d\u00e9tails.<\/li><li>Le couvercle en plastique sur le PCB du bloc d&rsquo;alimentation prot\u00e8ge contre tout contact avec les pi\u00e8ces sous tension.<\/li><li>Comprend un relais inverseur unipolaire sans potentiel qui commute pour toute condition de d\u00e9faut.<\/li><li>Indicateurs multiples \u2013 alimentation pr\u00e9sente, d\u00e9faut g\u00e9n\u00e9ral, type de d\u00e9faut et aux. panne d&rsquo;\u00e9quipement.<\/li><li>Deux courants de charge de batterie s\u00e9lectionnables.<\/li><li>Les limites d&rsquo;imp\u00e9dance de d\u00e9faut de la batterie peuvent \u00eatre optimis\u00e9es pour s&rsquo;adapter au courant de charge (contribue \u00e0 prolonger la dur\u00e9e de vie de la batterie)*.<\/li><li>Mode simulation de panne secteur.<\/li><li>Capteur de temp\u00e9rature int\u00e9gr\u00e9 am\u00e9lior\u00e9 avec capteur \u00e0 distance en option.<\/li><li>Les fonctions \u00e9lectroniques sont conformes \u00e0 la norme EN50131-6, niveaux 1 \u00e0 4 pour les applications de s\u00e9curit\u00e9.<\/li><\/ul>\t\t\t\t\t\t<\/div>\n\t\t\t\t<\/div>\n\t\t\t\t<\/div>\n\t\t\t\t\t<\/div>\n\t\t\t\t<\/section>\n\t\t\t\t<\/div>\n\t\t","protected":false},"excerpt":{"rendered":"<p>Description Alimentation \u00e0 d\u00e9coupage 24 V 1,5 A EN54-4 Certifi\u00e9 EN54-4\/A2 par le LPCB et le VdS (en attente AFNOR). Un puissant bloc d&rsquo;alimentation hybride num\u00e9rique\/mode de commutation qui peut \u00eatre personnalis\u00e9* pour r\u00e9pondre \u00e0 vos besoins pr\u00e9cis \u2013 voir l&rsquo;onglet Plus d&rsquo;informations pour plus de d\u00e9tails. Le couvercle en plastique sur le PCB du [&hellip;]<\/p>\n","protected":false},"featured_media":587,"template":"","categorie-product":[24],"class_list":["post-586","product","type-product","status-publish","has-post-thumbnail","hentry","categorie-product-centrales-de-detection-incendie"],"_links":{"self":[{"href":"https:\/\/dev.alcomnet.com\/smartic\/wp-json\/wp\/v2\/product\/586","targetHints":{"allow":["GET"]}}],"collection":[{"href":"https:\/\/dev.alcomnet.com\/smartic\/wp-json\/wp\/v2\/product"}],"about":[{"href":"https:\/\/dev.alcomnet.com\/smartic\/wp-json\/wp\/v2\/types\/product"}],"version-history":[{"count":4,"href":"https:\/\/dev.alcomnet.com\/smartic\/wp-json\/wp\/v2\/product\/586\/revisions"}],"predecessor-version":[{"id":704,"href":"https:\/\/dev.alcomnet.com\/smartic\/wp-json\/wp\/v2\/product\/586\/revisions\/704"}],"wp:featuredmedia":[{"embeddable":true,"href":"https:\/\/dev.alcomnet.com\/smartic\/wp-json\/wp\/v2\/media\/587"}],"wp:attachment":[{"href":"https:\/\/dev.alcomnet.com\/smartic\/wp-json\/wp\/v2\/media?parent=586"}],"wp:term":[{"taxonomy":"categorie-product","embeddable":true,"href":"https:\/\/dev.alcomnet.com\/smartic\/wp-json\/wp\/v2\/categorie-product?post=586"}],"curies":[{"name":"wp","href":"https:\/\/api.w.org\/{rel}","templated":true}]}}