{"id":583,"date":"2024-03-03T14:18:51","date_gmt":"2024-03-03T13:18:51","guid":{"rendered":"https:\/\/dev.alcomnet.com\/smartic\/?post_type=product&#038;p=583"},"modified":"2024-10-10T00:32:09","modified_gmt":"2024-10-09T23:32:09","slug":"sa4700-104imc","status":"publish","type":"product","link":"https:\/\/dev.alcomnet.com\/smartic\/produits\/sa4700-104imc\/","title":{"rendered":"Module double IN\/OUT"},"content":{"rendered":"\t\t<div data-elementor-type=\"wp-post\" data-elementor-id=\"583\" class=\"elementor elementor-583\">\n\t\t\t\t<section class=\"elementor-element elementor-element-208a5a78 e-flex e-con-boxed e-con e-parent\" data-id=\"208a5a78\" data-element_type=\"container\">\n\t\t\t\t\t<div class=\"e-con-inner\">\n\t\t<div class=\"elementor-element elementor-element-3b4e644d e-con-full e-flex e-con e-child\" data-id=\"3b4e644d\" data-element_type=\"container\">\n\t\t\t\t<div class=\"elementor-element elementor-element-641ab0c2 elementor-widget elementor-widget-image\" data-id=\"641ab0c2\" data-element_type=\"widget\" data-widget_type=\"image.default\">\n\t\t\t\t<div class=\"elementor-widget-container\">\n\t\t\t<style>\/*! elementor - v3.23.0 - 05-08-2024 *\/\n.elementor-widget-image{text-align:center}.elementor-widget-image a{display:inline-block}.elementor-widget-image a img[src$=\".svg\"]{width:48px}.elementor-widget-image img{vertical-align:middle;display:inline-block}<\/style>\t\t\t\t\t\t\t\t\t\t<img decoding=\"async\" width=\"193\" height=\"165\" src=\"https:\/\/dev.alcomnet.com\/smartic\/wp-content\/uploads\/2024\/03\/SA4700-104IMC.jpg\" class=\"attachment-large size-large wp-image-584\" alt=\"SA4700-104IMC\" \/>\t\t\t\t\t\t\t\t\t\t\t\t\t<\/div>\n\t\t\t\t<\/div>\n\t\t\t\t<\/div>\n\t\t<div class=\"elementor-element elementor-element-19a966d0 e-con-full e-flex e-con e-child\" data-id=\"19a966d0\" data-element_type=\"container\">\n\t\t\t\t<div class=\"elementor-element elementor-element-44af4414 elementor-widget elementor-widget-text-editor\" data-id=\"44af4414\" data-element_type=\"widget\" data-widget_type=\"text-editor.default\">\n\t\t\t\t<div class=\"elementor-widget-container\">\n\t\t\t<style>\/*! elementor - v3.23.0 - 05-08-2024 *\/\n.elementor-widget-text-editor.elementor-drop-cap-view-stacked .elementor-drop-cap{background-color:#69727d;color:#fff}.elementor-widget-text-editor.elementor-drop-cap-view-framed .elementor-drop-cap{color:#69727d;border:3px solid;background-color:transparent}.elementor-widget-text-editor:not(.elementor-drop-cap-view-default) .elementor-drop-cap{margin-top:8px}.elementor-widget-text-editor:not(.elementor-drop-cap-view-default) .elementor-drop-cap-letter{width:1em;height:1em}.elementor-widget-text-editor .elementor-drop-cap{float:left;text-align:center;line-height:1;font-size:50px}.elementor-widget-text-editor .elementor-drop-cap-letter{display:inline-block}<\/style>\t\t\t\t<h3><span style=\"color: #f6921e;\">Description<\/span><\/h3><p><strong>Unit\u00e9 d&rsquo;entr\u00e9e\/sortie double avec bo\u00eetier arri\u00e8re et isolateur de 20 appareils int\u00e9gr\u00e9 &#8211; APPROUV\u00c9 LPCB<\/strong><\/p><p>L&rsquo;unit\u00e9 d&rsquo;entr\u00e9e\/sortie jumelle adressable intelligente Context Plus offre la fonction de deux unit\u00e9s d&rsquo;entr\u00e9e\/sortie dans un seul bo\u00eetier. Les deux unit\u00e9s sont \u00e9lectriquement ind\u00e9pendantes l&rsquo;une de l&rsquo;autre. Il y a un interrupteur DIL sur chaque unit\u00e9 pour d\u00e9finir l&rsquo;adresse. Les deux unit\u00e9s d&rsquo;entr\u00e9e\/sortie dans le bo\u00eetier assurent la supervision d&rsquo;un ou plusieurs contacts normalement ouverts sans potentiel connect\u00e9s \u00e0 une seule paire de c\u00e2bles et \u00e0 un ensemble de contacts de sortie de relais inverseur.<\/p>\t\t\t\t\t\t<\/div>\n\t\t\t\t<\/div>\n\t\t\t\t<\/div>\n\t\t\t\t\t<\/div>\n\t\t\t\t<\/section>\n\t\t\t\t<\/div>\n\t\t","protected":false},"excerpt":{"rendered":"<p>Description Unit\u00e9 d&rsquo;entr\u00e9e\/sortie double avec bo\u00eetier arri\u00e8re et isolateur de 20 appareils int\u00e9gr\u00e9 &#8211; APPROUV\u00c9 LPCB L&rsquo;unit\u00e9 d&rsquo;entr\u00e9e\/sortie jumelle adressable intelligente Context Plus offre la fonction de deux unit\u00e9s d&rsquo;entr\u00e9e\/sortie dans un seul bo\u00eetier. Les deux unit\u00e9s sont \u00e9lectriquement ind\u00e9pendantes l&rsquo;une de l&rsquo;autre. Il y a un interrupteur DIL sur chaque unit\u00e9 pour d\u00e9finir l&rsquo;adresse. [&hellip;]<\/p>\n","protected":false},"featured_media":584,"template":"","categorie-product":[15],"class_list":["post-583","product","type-product","status-publish","has-post-thumbnail","hentry","categorie-product-systeme-adressable"],"_links":{"self":[{"href":"https:\/\/dev.alcomnet.com\/smartic\/wp-json\/wp\/v2\/product\/583","targetHints":{"allow":["GET"]}}],"collection":[{"href":"https:\/\/dev.alcomnet.com\/smartic\/wp-json\/wp\/v2\/product"}],"about":[{"href":"https:\/\/dev.alcomnet.com\/smartic\/wp-json\/wp\/v2\/types\/product"}],"version-history":[{"count":6,"href":"https:\/\/dev.alcomnet.com\/smartic\/wp-json\/wp\/v2\/product\/583\/revisions"}],"predecessor-version":[{"id":1210,"href":"https:\/\/dev.alcomnet.com\/smartic\/wp-json\/wp\/v2\/product\/583\/revisions\/1210"}],"wp:featuredmedia":[{"embeddable":true,"href":"https:\/\/dev.alcomnet.com\/smartic\/wp-json\/wp\/v2\/media\/584"}],"wp:attachment":[{"href":"https:\/\/dev.alcomnet.com\/smartic\/wp-json\/wp\/v2\/media?parent=583"}],"wp:term":[{"taxonomy":"categorie-product","embeddable":true,"href":"https:\/\/dev.alcomnet.com\/smartic\/wp-json\/wp\/v2\/categorie-product?post=583"}],"curies":[{"name":"wp","href":"https:\/\/api.w.org\/{rel}","templated":true}]}}