{"id":580,"date":"2024-03-03T13:53:09","date_gmt":"2024-03-03T12:53:09","guid":{"rendered":"https:\/\/dev.alcomnet.com\/smartic\/?post_type=product&#038;p=580"},"modified":"2024-09-03T17:48:58","modified_gmt":"2024-09-03T16:48:58","slug":"sa5900-908imc","status":"publish","type":"product","link":"https:\/\/dev.alcomnet.com\/smartic\/produits\/sa5900-908imc\/","title":{"rendered":"D\u00e9clencheur avec isolateur"},"content":{"rendered":"\t\t<div data-elementor-type=\"wp-post\" data-elementor-id=\"580\" class=\"elementor elementor-580\">\n\t\t\t\t<section class=\"elementor-element elementor-element-bcb50aa e-flex e-con-boxed e-con e-parent\" data-id=\"bcb50aa\" data-element_type=\"container\">\n\t\t\t\t\t<div class=\"e-con-inner\">\n\t\t<div class=\"elementor-element elementor-element-145e9cf8 e-con-full e-flex e-con e-child\" data-id=\"145e9cf8\" data-element_type=\"container\">\n\t\t\t\t<div class=\"elementor-element elementor-element-1bf66fea zoooom elementor-widget elementor-widget-image\" data-id=\"1bf66fea\" data-element_type=\"widget\" data-widget_type=\"image.default\">\n\t\t\t\t<div class=\"elementor-widget-container\">\n\t\t\t<style>\/*! elementor - v3.23.0 - 05-08-2024 *\/\n.elementor-widget-image{text-align:center}.elementor-widget-image a{display:inline-block}.elementor-widget-image a img[src$=\".svg\"]{width:48px}.elementor-widget-image img{vertical-align:middle;display:inline-block}<\/style>\t\t\t\t\t\t\t\t\t\t<img decoding=\"async\" width=\"147\" height=\"149\" src=\"https:\/\/dev.alcomnet.com\/smartic\/wp-content\/uploads\/2024\/03\/SA5900-908IMC.jpg\" class=\"attachment-large size-large wp-image-581\" alt=\"SA5900-908IMC\" \/>\t\t\t\t\t\t\t\t\t\t\t\t\t<\/div>\n\t\t\t\t<\/div>\n\t\t\t\t<\/div>\n\t\t<div class=\"elementor-element elementor-element-45637580 e-con-full e-flex e-con e-child\" data-id=\"45637580\" data-element_type=\"container\">\n\t\t\t\t<div class=\"elementor-element elementor-element-4ee4479b elementor-widget elementor-widget-text-editor\" data-id=\"4ee4479b\" data-element_type=\"widget\" data-widget_type=\"text-editor.default\">\n\t\t\t\t<div class=\"elementor-widget-container\">\n\t\t\t<style>\/*! elementor - v3.23.0 - 05-08-2024 *\/\n.elementor-widget-text-editor.elementor-drop-cap-view-stacked .elementor-drop-cap{background-color:#69727d;color:#fff}.elementor-widget-text-editor.elementor-drop-cap-view-framed .elementor-drop-cap{color:#69727d;border:3px solid;background-color:transparent}.elementor-widget-text-editor:not(.elementor-drop-cap-view-default) .elementor-drop-cap{margin-top:8px}.elementor-widget-text-editor:not(.elementor-drop-cap-view-default) .elementor-drop-cap-letter{width:1em;height:1em}.elementor-widget-text-editor .elementor-drop-cap{float:left;text-align:center;line-height:1;font-size:50px}.elementor-widget-text-editor .elementor-drop-cap-letter{display:inline-block}<\/style>\t\t\t\t<h3><span style=\"color: #f6921e;\">Description<\/span><\/h3><p><strong>D\u00e9clencheur adressable manuel rouge -r\u00e9initialisable\u00a0 &#8211; SA5900-908 avec isolateur de 20 appareils int\u00e9gr\u00e9 &#8211; APPROUV\u00c9 LPCB<\/strong><\/p><p>Le point d&rsquo;appel manuel rouge adressable intelligent Context Plus a \u00e9t\u00e9 con\u00e7u pour fonctionner sur une boucle de dispositifs de d\u00e9tection d&rsquo;incendie intelligents. Une alarme est d\u00e9clench\u00e9e en appuyant sur l&rsquo;\u00e9l\u00e9ment r\u00e9initialisable. Le d\u00e9clencheur manuel signale \u00e0 l&rsquo;\u00e9quipement de contr\u00f4le et d&rsquo;indication \u00e0 l&rsquo;aide d&rsquo;une fonction d&rsquo;interruption au sein du protocole num\u00e9rique.<\/p><p>Un \u00e9tat d&rsquo;alarme est indiqu\u00e9 par la rotation de l&rsquo;\u00e9l\u00e9ment r\u00e9initialisable, affichant des barres d&rsquo;indication jaunes et noires et une LED rouge fixe. Le d\u00e9clencheur manuel peut \u00eatre facilement r\u00e9initialis\u00e9 depuis l&rsquo;avant \u00e0 l&rsquo;aide de la cl\u00e9 de r\u00e9initialisation fournie.<\/p>\t\t\t\t\t\t<\/div>\n\t\t\t\t<\/div>\n\t\t\t\t<\/div>\n\t\t\t\t\t<\/div>\n\t\t\t\t<\/section>\n\t\t\t\t<\/div>\n\t\t","protected":false},"excerpt":{"rendered":"<p>Description D\u00e9clencheur adressable manuel rouge -r\u00e9initialisable\u00a0 &#8211; SA5900-908 avec isolateur de 20 appareils int\u00e9gr\u00e9 &#8211; APPROUV\u00c9 LPCB Le point d&rsquo;appel manuel rouge adressable intelligent Context Plus a \u00e9t\u00e9 con\u00e7u pour fonctionner sur une boucle de dispositifs de d\u00e9tection d&rsquo;incendie intelligents. Une alarme est d\u00e9clench\u00e9e en appuyant sur l&rsquo;\u00e9l\u00e9ment r\u00e9initialisable. Le d\u00e9clencheur manuel signale \u00e0 l&rsquo;\u00e9quipement [&hellip;]<\/p>\n","protected":false},"featured_media":581,"template":"","categorie-product":[26],"class_list":["post-580","product","type-product","status-publish","has-post-thumbnail","hentry","categorie-product-boitier-bris-de-glace-adressable"],"_links":{"self":[{"href":"https:\/\/dev.alcomnet.com\/smartic\/wp-json\/wp\/v2\/product\/580","targetHints":{"allow":["GET"]}}],"collection":[{"href":"https:\/\/dev.alcomnet.com\/smartic\/wp-json\/wp\/v2\/product"}],"about":[{"href":"https:\/\/dev.alcomnet.com\/smartic\/wp-json\/wp\/v2\/types\/product"}],"version-history":[{"count":12,"href":"https:\/\/dev.alcomnet.com\/smartic\/wp-json\/wp\/v2\/product\/580\/revisions"}],"predecessor-version":[{"id":1212,"href":"https:\/\/dev.alcomnet.com\/smartic\/wp-json\/wp\/v2\/product\/580\/revisions\/1212"}],"wp:featuredmedia":[{"embeddable":true,"href":"https:\/\/dev.alcomnet.com\/smartic\/wp-json\/wp\/v2\/media\/581"}],"wp:attachment":[{"href":"https:\/\/dev.alcomnet.com\/smartic\/wp-json\/wp\/v2\/media?parent=580"}],"wp:term":[{"taxonomy":"categorie-product","embeddable":true,"href":"https:\/\/dev.alcomnet.com\/smartic\/wp-json\/wp\/v2\/categorie-product?post=580"}],"curies":[{"name":"wp","href":"https:\/\/api.w.org\/{rel}","templated":true}]}}