{"id":577,"date":"2024-03-03T13:48:02","date_gmt":"2024-03-03T12:48:02","guid":{"rendered":"https:\/\/dev.alcomnet.com\/smartic\/?post_type=product&#038;p=577"},"modified":"2024-10-10T00:40:59","modified_gmt":"2024-10-09T23:40:59","slug":"con430a-cx-dr-65","status":"publish","type":"product","link":"https:\/\/dev.alcomnet.com\/smartic\/produits\/con430a-cx-dr-65\/","title":{"rendered":"Sir\u00e8ne incendie 24v"},"content":{"rendered":"\t\t<div data-elementor-type=\"wp-post\" data-elementor-id=\"577\" class=\"elementor elementor-577\">\n\t\t\t\t<section class=\"elementor-element elementor-element-4fc4a468 e-flex e-con-boxed e-con e-parent\" data-id=\"4fc4a468\" data-element_type=\"container\">\n\t\t\t\t\t<div class=\"e-con-inner\">\n\t\t<div class=\"elementor-element elementor-element-1ddb87b8 e-con-full e-flex e-con e-child\" data-id=\"1ddb87b8\" data-element_type=\"container\">\n\t\t\t\t<div class=\"elementor-element elementor-element-79b5c7ee elementor-widget elementor-widget-image\" data-id=\"79b5c7ee\" data-element_type=\"widget\" data-widget_type=\"image.default\">\n\t\t\t\t<div class=\"elementor-widget-container\">\n\t\t\t<style>\/*! elementor - v3.23.0 - 05-08-2024 *\/\n.elementor-widget-image{text-align:center}.elementor-widget-image a{display:inline-block}.elementor-widget-image a img[src$=\".svg\"]{width:48px}.elementor-widget-image img{vertical-align:middle;display:inline-block}<\/style>\t\t\t\t\t\t\t\t\t\t<img fetchpriority=\"high\" decoding=\"async\" width=\"247\" height=\"205\" src=\"https:\/\/dev.alcomnet.com\/smartic\/wp-content\/uploads\/2024\/03\/CON430ACXDR65.jpg\" class=\"attachment-large size-large wp-image-578\" alt=\"CON430A\/CX\/DR\/65\" \/>\t\t\t\t\t\t\t\t\t\t\t\t\t<\/div>\n\t\t\t\t<\/div>\n\t\t\t\t<\/div>\n\t\t<div class=\"elementor-element elementor-element-55b9b09f e-con-full e-flex e-con e-child\" data-id=\"55b9b09f\" data-element_type=\"container\">\n\t\t\t\t<div class=\"elementor-element elementor-element-6be88906 elementor-widget elementor-widget-text-editor\" data-id=\"6be88906\" data-element_type=\"widget\" data-widget_type=\"text-editor.default\">\n\t\t\t\t<div class=\"elementor-widget-container\">\n\t\t\t<style>\/*! elementor - v3.23.0 - 05-08-2024 *\/\n.elementor-widget-text-editor.elementor-drop-cap-view-stacked .elementor-drop-cap{background-color:#69727d;color:#fff}.elementor-widget-text-editor.elementor-drop-cap-view-framed .elementor-drop-cap{color:#69727d;border:3px solid;background-color:transparent}.elementor-widget-text-editor:not(.elementor-drop-cap-view-default) .elementor-drop-cap{margin-top:8px}.elementor-widget-text-editor:not(.elementor-drop-cap-view-default) .elementor-drop-cap-letter{width:1em;height:1em}.elementor-widget-text-editor .elementor-drop-cap{float:left;text-align:center;line-height:1;font-size:50px}.elementor-widget-text-editor .elementor-drop-cap-letter{display:inline-block}<\/style>\t\t\t\t<h3><span style=\"color: #f6921e;\">Description<\/span><\/h3><p><strong>Sir\u00e8ne rouge adressable aliment\u00e9e par boucle avec base profonde IP55<\/strong><\/p><ul><li>La sir\u00e8ne aliment\u00e9e en boucle adressable rouge Context Plus avec base profonde est conforme aux normes EN54-3 (sondeurs) et 17 (isolateurs).<\/li><li>Sortie sonore impressionnante de 103 dB(A) \u00e0 1 m.<\/li><li>Isolateur de boucle de court-circuit int\u00e9gr\u00e9.<\/li><li>Courant de repos de 550 \u00b5A.<\/li><li>Courant d&rsquo;alarme 5 mA \u00e0 24 V CC (sondeur activ\u00e9 au maximum).<\/li><li>La fonction d&rsquo;adressage de groupe permet de faire fonctionner plusieurs appareils simultan\u00e9ment.<\/li><li>7 niveaux de volume s\u00e9lectionnables et jusqu&rsquo;\u00e0 15 paires de tonalit\u00e9s s\u00e9lectionnables.<\/li><li>Class\u00e9 IP55.<\/li><\/ul>\t\t\t\t\t\t<\/div>\n\t\t\t\t<\/div>\n\t\t\t\t<\/div>\n\t\t\t\t\t<\/div>\n\t\t\t\t<\/section>\n\t\t\t\t<\/div>\n\t\t","protected":false},"excerpt":{"rendered":"<p>Description Sir\u00e8ne rouge adressable aliment\u00e9e par boucle avec base profonde IP55 La sir\u00e8ne aliment\u00e9e en boucle adressable rouge Context Plus avec base profonde est conforme aux normes EN54-3 (sondeurs) et 17 (isolateurs). Sortie sonore impressionnante de 103 dB(A) \u00e0 1 m. Isolateur de boucle de court-circuit int\u00e9gr\u00e9. Courant de repos de 550 \u00b5A. Courant d&rsquo;alarme [&hellip;]<\/p>\n","protected":false},"featured_media":578,"template":"","categorie-product":[27],"class_list":["post-577","product","type-product","status-publish","has-post-thumbnail","hentry","categorie-product-sirene-adressable"],"_links":{"self":[{"href":"https:\/\/dev.alcomnet.com\/smartic\/wp-json\/wp\/v2\/product\/577","targetHints":{"allow":["GET"]}}],"collection":[{"href":"https:\/\/dev.alcomnet.com\/smartic\/wp-json\/wp\/v2\/product"}],"about":[{"href":"https:\/\/dev.alcomnet.com\/smartic\/wp-json\/wp\/v2\/types\/product"}],"version-history":[{"count":6,"href":"https:\/\/dev.alcomnet.com\/smartic\/wp-json\/wp\/v2\/product\/577\/revisions"}],"predecessor-version":[{"id":1214,"href":"https:\/\/dev.alcomnet.com\/smartic\/wp-json\/wp\/v2\/product\/577\/revisions\/1214"}],"wp:featuredmedia":[{"embeddable":true,"href":"https:\/\/dev.alcomnet.com\/smartic\/wp-json\/wp\/v2\/media\/578"}],"wp:attachment":[{"href":"https:\/\/dev.alcomnet.com\/smartic\/wp-json\/wp\/v2\/media?parent=577"}],"wp:term":[{"taxonomy":"categorie-product","embeddable":true,"href":"https:\/\/dev.alcomnet.com\/smartic\/wp-json\/wp\/v2\/categorie-product?post=577"}],"curies":[{"name":"wp","href":"https:\/\/api.w.org\/{rel}","templated":true}]}}