{"id":574,"date":"2024-03-03T13:18:49","date_gmt":"2024-03-03T12:18:49","guid":{"rendered":"https:\/\/dev.alcomnet.com\/smartic\/?post_type=product&#038;p=574"},"modified":"2024-10-10T00:41:01","modified_gmt":"2024-10-09T23:41:01","slug":"con433a-cx-dr-65","status":"publish","type":"product","link":"https:\/\/dev.alcomnet.com\/smartic\/produits\/con433a-cx-dr-65\/","title":{"rendered":"Sir\u00e8ne incendie avec flash 24v"},"content":{"rendered":"\t\t<div data-elementor-type=\"wp-post\" data-elementor-id=\"574\" class=\"elementor elementor-574\">\n\t\t\t\t<section class=\"elementor-element elementor-element-4d47ff8 e-flex e-con-boxed e-con e-parent\" data-id=\"4d47ff8\" data-element_type=\"container\">\n\t\t\t\t\t<div class=\"e-con-inner\">\n\t\t<div class=\"elementor-element elementor-element-683f817a e-con-full e-flex e-con e-child\" data-id=\"683f817a\" data-element_type=\"container\">\n\t\t\t\t<div class=\"elementor-element elementor-element-bd44677 elementor-widget elementor-widget-image\" data-id=\"bd44677\" data-element_type=\"widget\" data-widget_type=\"image.default\">\n\t\t\t\t<div class=\"elementor-widget-container\">\n\t\t\t<style>\/*! elementor - v3.23.0 - 05-08-2024 *\/\n.elementor-widget-image{text-align:center}.elementor-widget-image a{display:inline-block}.elementor-widget-image a img[src$=\".svg\"]{width:48px}.elementor-widget-image img{vertical-align:middle;display:inline-block}<\/style>\t\t\t\t\t\t\t\t\t\t<img decoding=\"async\" width=\"222\" height=\"176\" src=\"https:\/\/dev.alcomnet.com\/smartic\/wp-content\/uploads\/2024\/03\/CON433ACXDR65.jpg\" class=\"attachment-large size-large wp-image-576\" alt=\"CON433A\/CX\/DR\/65\" \/>\t\t\t\t\t\t\t\t\t\t\t\t\t<\/div>\n\t\t\t\t<\/div>\n\t\t\t\t<\/div>\n\t\t<div class=\"elementor-element elementor-element-1709cd04 e-con-full e-flex e-con e-child\" data-id=\"1709cd04\" data-element_type=\"container\">\n\t\t\t\t<div class=\"elementor-element elementor-element-3508946d elementor-widget elementor-widget-text-editor\" data-id=\"3508946d\" data-element_type=\"widget\" data-widget_type=\"text-editor.default\">\n\t\t\t\t<div class=\"elementor-widget-container\">\n\t\t\t<style>\/*! elementor - v3.23.0 - 05-08-2024 *\/\n.elementor-widget-text-editor.elementor-drop-cap-view-stacked .elementor-drop-cap{background-color:#69727d;color:#fff}.elementor-widget-text-editor.elementor-drop-cap-view-framed .elementor-drop-cap{color:#69727d;border:3px solid;background-color:transparent}.elementor-widget-text-editor:not(.elementor-drop-cap-view-default) .elementor-drop-cap{margin-top:8px}.elementor-widget-text-editor:not(.elementor-drop-cap-view-default) .elementor-drop-cap-letter{width:1em;height:1em}.elementor-widget-text-editor .elementor-drop-cap{float:left;text-align:center;line-height:1;font-size:50px}.elementor-widget-text-editor .elementor-drop-cap-letter{display:inline-block}<\/style>\t\t\t\t<h3><span style=\"color: #f6921e;\">Description<\/span><\/h3><p><strong>Sir\u00e8ne\/balise combin\u00e9e adressable aliment\u00e9e en boucle avec base profonde IP55<\/strong><\/p><ul><li>La sondeur\/balise combin\u00e9e adressable Context Plus aliment\u00e9e en boucle avec base profonde CON433A\/CX\/DR\/65 est la version IP55 de notre populaire sondeur\/balise CON433A\/CX\/DR.<\/li><li>Fournit une distribution de lumi\u00e8re \u00ab\u00a0W-2,4-8,2\u00a0\u00bb lorsqu&rsquo;il est mont\u00e9 au mur (min 0,4 lux sur une zone cubo\u00efde de 2,4 m x 8,2 m) en utilisant la m\u00eame lentille et le m\u00eame syst\u00e8me \u00e9lectronique que notre sondeur \u00e0 haut rendement certifi\u00e9 EN54-23, 3 et 17.<\/li><li>Sortie sonore impressionnante de 103 dB(A) \u00e0 1 m.<\/li><li>Isolateur de boucle de court-circuit int\u00e9gr\u00e9.<\/li><li>Courant de repos de 550\u00b5A.<\/li><li>Courant d&rsquo;alarme 14 mA \u00e0 24 V CC (VAD allum\u00e9, sir\u00e8ne activ\u00e9e au maximum).<\/li><li>La fonction d&rsquo;adressage de groupe permet de faire fonctionner plusieurs appareils simultan\u00e9ment.<\/li><li>7 niveaux de volume s\u00e9lectionnables et jusqu&rsquo;\u00e0 15 paires de tonalit\u00e9s s\u00e9lectionnables.<\/li><li>Class\u00e9 IP55.<\/li><\/ul>\t\t\t\t\t\t<\/div>\n\t\t\t\t<\/div>\n\t\t\t\t<\/div>\n\t\t\t\t\t<\/div>\n\t\t\t\t<\/section>\n\t\t\t\t<\/div>\n\t\t","protected":false},"excerpt":{"rendered":"<p>Description Sir\u00e8ne\/balise combin\u00e9e adressable aliment\u00e9e en boucle avec base profonde IP55 La sondeur\/balise combin\u00e9e adressable Context Plus aliment\u00e9e en boucle avec base profonde CON433A\/CX\/DR\/65 est la version IP55 de notre populaire sondeur\/balise CON433A\/CX\/DR. Fournit une distribution de lumi\u00e8re \u00ab\u00a0W-2,4-8,2\u00a0\u00bb lorsqu&rsquo;il est mont\u00e9 au mur (min 0,4 lux sur une zone cubo\u00efde de 2,4 m x [&hellip;]<\/p>\n","protected":false},"featured_media":576,"template":"","categorie-product":[27,23],"class_list":["post-574","product","type-product","status-publish","has-post-thumbnail","hentry","categorie-product-sirene-adressable","categorie-product-sirene-conventionnelle"],"_links":{"self":[{"href":"https:\/\/dev.alcomnet.com\/smartic\/wp-json\/wp\/v2\/product\/574","targetHints":{"allow":["GET"]}}],"collection":[{"href":"https:\/\/dev.alcomnet.com\/smartic\/wp-json\/wp\/v2\/product"}],"about":[{"href":"https:\/\/dev.alcomnet.com\/smartic\/wp-json\/wp\/v2\/types\/product"}],"version-history":[{"count":6,"href":"https:\/\/dev.alcomnet.com\/smartic\/wp-json\/wp\/v2\/product\/574\/revisions"}],"predecessor-version":[{"id":1216,"href":"https:\/\/dev.alcomnet.com\/smartic\/wp-json\/wp\/v2\/product\/574\/revisions\/1216"}],"wp:featuredmedia":[{"embeddable":true,"href":"https:\/\/dev.alcomnet.com\/smartic\/wp-json\/wp\/v2\/media\/576"}],"wp:attachment":[{"href":"https:\/\/dev.alcomnet.com\/smartic\/wp-json\/wp\/v2\/media?parent=574"}],"wp:term":[{"taxonomy":"categorie-product","embeddable":true,"href":"https:\/\/dev.alcomnet.com\/smartic\/wp-json\/wp\/v2\/categorie-product?post=574"}],"curies":[{"name":"wp","href":"https:\/\/api.w.org\/{rel}","templated":true}]}}