{"id":571,"date":"2024-03-03T12:44:40","date_gmt":"2024-03-03T11:44:40","guid":{"rendered":"https:\/\/dev.alcomnet.com\/smartic\/?post_type=product&#038;p=571"},"modified":"2024-09-03T17:44:19","modified_gmt":"2024-09-03T16:44:19","slug":"53546-022","status":"publish","type":"product","link":"https:\/\/dev.alcomnet.com\/smartic\/produits\/53546-022\/","title":{"rendered":"UNITE DE DETECTION POUR CONDUIT D&rsquo;AIR"},"content":{"rendered":"\t\t<div data-elementor-type=\"wp-post\" data-elementor-id=\"571\" class=\"elementor elementor-571\">\n\t\t\t\t<section class=\"elementor-element elementor-element-62008f7 e-flex e-con-boxed e-con e-parent\" data-id=\"62008f7\" data-element_type=\"container\">\n\t\t\t\t\t<div class=\"e-con-inner\">\n\t\t<div class=\"elementor-element elementor-element-24579ef2 e-con-full e-flex e-con e-child\" data-id=\"24579ef2\" data-element_type=\"container\">\n\t\t\t\t<div class=\"elementor-element elementor-element-4ca36f44 elementor-widget elementor-widget-image\" data-id=\"4ca36f44\" data-element_type=\"widget\" data-widget_type=\"image.default\">\n\t\t\t\t<div class=\"elementor-widget-container\">\n\t\t\t<style>\/*! elementor - v3.23.0 - 05-08-2024 *\/\n.elementor-widget-image{text-align:center}.elementor-widget-image a{display:inline-block}.elementor-widget-image a img[src$=\".svg\"]{width:48px}.elementor-widget-image img{vertical-align:middle;display:inline-block}<\/style>\t\t\t\t\t\t\t\t\t\t<img fetchpriority=\"high\" decoding=\"async\" width=\"283\" height=\"249\" src=\"https:\/\/dev.alcomnet.com\/smartic\/wp-content\/uploads\/2024\/03\/53546-022.jpg\" class=\"attachment-large size-large wp-image-572\" alt=\"53546-022\" \/>\t\t\t\t\t\t\t\t\t\t\t\t\t<\/div>\n\t\t\t\t<\/div>\n\t\t\t\t<\/div>\n\t\t<div class=\"elementor-element elementor-element-6cc08dfe e-con-full e-flex e-con e-child\" data-id=\"6cc08dfe\" data-element_type=\"container\">\n\t\t\t\t<div class=\"elementor-element elementor-element-2bf96b1c elementor-widget elementor-widget-text-editor\" data-id=\"2bf96b1c\" data-element_type=\"widget\" data-widget_type=\"text-editor.default\">\n\t\t\t\t<div class=\"elementor-widget-container\">\n\t\t\t<style>\/*! elementor - v3.23.0 - 05-08-2024 *\/\n.elementor-widget-text-editor.elementor-drop-cap-view-stacked .elementor-drop-cap{background-color:#69727d;color:#fff}.elementor-widget-text-editor.elementor-drop-cap-view-framed .elementor-drop-cap{color:#69727d;border:3px solid;background-color:transparent}.elementor-widget-text-editor:not(.elementor-drop-cap-view-default) .elementor-drop-cap{margin-top:8px}.elementor-widget-text-editor:not(.elementor-drop-cap-view-default) .elementor-drop-cap-letter{width:1em;height:1em}.elementor-widget-text-editor .elementor-drop-cap{float:left;text-align:center;line-height:1;font-size:50px}.elementor-widget-text-editor .elementor-drop-cap-letter{display:inline-block}<\/style>\t\t\t\t<h3><span style=\"color: #f6921e;\">Description<\/span><\/h3><p><strong>Unit\u00e9 d&rsquo;\u00e9chantillonnage d&rsquo;air aliment\u00e9e par boucle &#8211; Bo\u00eetier de d\u00e9tecteur de conduit (comprend la base Xpert mais pas la t\u00eate, comprend \u00e9galement un tube d&rsquo;\u00e9chantillonnage de 360 mm) &#8211; \u00c0 utiliser avec la t\u00eate de d\u00e9tecteur Xpert<\/strong><\/p><p>Le d\u00e9tecteur de fum\u00e9e intelligent adressable pour conduits de Context Plus permet une d\u00e9tection pr\u00e9coce de la fum\u00e9e dans l&rsquo;air circulant dans les conduits de chauffage et de ventilation (CVC) dans les locaux commerciaux et industriels. Son objectif est d&#8217;emp\u00eacher la recirculation de la fum\u00e9e d&rsquo;une zone en feu vers des zones non affect\u00e9es par l&rsquo;incendie lorsqu&rsquo;il est utilis\u00e9 avec un d\u00e9tecteur de carte Xpert adressable Context Plus.<\/p><p>Le d\u00e9tecteur de fum\u00e9e gainable est con\u00e7u pour fonctionner dans des conduits d&rsquo;une largeur comprise entre 300 mm et 3 000 mm. Un tube d&rsquo;\u00e9chantillonnage de 360 mm, adapt\u00e9 aux largeurs de conduits jusqu&rsquo;\u00e0 540 mm, est fourni en standard. Des tubes d&rsquo;\u00e9chantillonnage plus longs pour des conduits plus larges peuvent \u00eatre command\u00e9s s\u00e9par\u00e9ment.<\/p>\t\t\t\t\t\t<\/div>\n\t\t\t\t<\/div>\n\t\t\t\t<\/div>\n\t\t\t\t\t<\/div>\n\t\t\t\t<\/section>\n\t\t\t\t<\/div>\n\t\t","protected":false},"excerpt":{"rendered":"<p>Description Unit\u00e9 d&rsquo;\u00e9chantillonnage d&rsquo;air aliment\u00e9e par boucle &#8211; Bo\u00eetier de d\u00e9tecteur de conduit (comprend la base Xpert mais pas la t\u00eate, comprend \u00e9galement un tube d&rsquo;\u00e9chantillonnage de 360 mm) &#8211; \u00c0 utiliser avec la t\u00eate de d\u00e9tecteur Xpert Le d\u00e9tecteur de fum\u00e9e intelligent adressable pour conduits de Context Plus permet une d\u00e9tection pr\u00e9coce de la [&hellip;]<\/p>\n","protected":false},"featured_media":572,"template":"","categorie-product":[25],"class_list":["post-571","product","type-product","status-publish","has-post-thumbnail","hentry","categorie-product-detecteurs-adressable"],"_links":{"self":[{"href":"https:\/\/dev.alcomnet.com\/smartic\/wp-json\/wp\/v2\/product\/571","targetHints":{"allow":["GET"]}}],"collection":[{"href":"https:\/\/dev.alcomnet.com\/smartic\/wp-json\/wp\/v2\/product"}],"about":[{"href":"https:\/\/dev.alcomnet.com\/smartic\/wp-json\/wp\/v2\/types\/product"}],"version-history":[{"count":7,"href":"https:\/\/dev.alcomnet.com\/smartic\/wp-json\/wp\/v2\/product\/571\/revisions"}],"predecessor-version":[{"id":1208,"href":"https:\/\/dev.alcomnet.com\/smartic\/wp-json\/wp\/v2\/product\/571\/revisions\/1208"}],"wp:featuredmedia":[{"embeddable":true,"href":"https:\/\/dev.alcomnet.com\/smartic\/wp-json\/wp\/v2\/media\/572"}],"wp:attachment":[{"href":"https:\/\/dev.alcomnet.com\/smartic\/wp-json\/wp\/v2\/media?parent=571"}],"wp:term":[{"taxonomy":"categorie-product","embeddable":true,"href":"https:\/\/dev.alcomnet.com\/smartic\/wp-json\/wp\/v2\/categorie-product?post=571"}],"curies":[{"name":"wp","href":"https:\/\/api.w.org\/{rel}","templated":true}]}}