{"id":568,"date":"2024-03-03T12:43:53","date_gmt":"2024-03-03T11:43:53","guid":{"rendered":"https:\/\/dev.alcomnet.com\/smartic\/?post_type=product&#038;p=568"},"modified":"2024-10-10T13:29:33","modified_gmt":"2024-10-10T12:29:33","slug":"rfx70","status":"publish","type":"product","link":"https:\/\/dev.alcomnet.com\/smartic\/produits\/rfx70\/","title":{"rendered":"Barriere anti feu"},"content":{"rendered":"\t\t<div data-elementor-type=\"wp-post\" data-elementor-id=\"568\" class=\"elementor elementor-568\">\n\t\t\t\t<section class=\"elementor-element elementor-element-6e9fe986 e-flex e-con-boxed e-con e-parent\" data-id=\"6e9fe986\" data-element_type=\"container\">\n\t\t\t\t\t<div class=\"e-con-inner\">\n\t\t<div class=\"elementor-element elementor-element-5258bbc0 e-con-full e-flex e-con e-child\" data-id=\"5258bbc0\" data-element_type=\"container\">\n\t\t\t\t<div class=\"elementor-element elementor-element-2b300f5d elementor-widget elementor-widget-image\" data-id=\"2b300f5d\" data-element_type=\"widget\" data-widget_type=\"image.default\">\n\t\t\t\t<div class=\"elementor-widget-container\">\n\t\t\t<style>\/*! elementor - v3.23.0 - 05-08-2024 *\/\n.elementor-widget-image{text-align:center}.elementor-widget-image a{display:inline-block}.elementor-widget-image a img[src$=\".svg\"]{width:48px}.elementor-widget-image img{vertical-align:middle;display:inline-block}<\/style>\t\t\t\t\t\t\t\t\t\t<img fetchpriority=\"high\" decoding=\"async\" width=\"330\" height=\"323\" src=\"https:\/\/dev.alcomnet.com\/smartic\/wp-content\/uploads\/2024\/03\/RFX70.jpg\" class=\"attachment-large size-large wp-image-569\" alt=\"RFX70\" srcset=\"https:\/\/dev.alcomnet.com\/smartic\/wp-content\/uploads\/2024\/03\/RFX70.jpg 330w, https:\/\/dev.alcomnet.com\/smartic\/wp-content\/uploads\/2024\/03\/RFX70-300x294.jpg 300w\" sizes=\"(max-width: 330px) 100vw, 330px\" \/>\t\t\t\t\t\t\t\t\t\t\t\t\t<\/div>\n\t\t\t\t<\/div>\n\t\t\t\t<\/div>\n\t\t<div class=\"elementor-element elementor-element-56396693 e-con-full e-flex e-con e-child\" data-id=\"56396693\" data-element_type=\"container\">\n\t\t\t\t<div class=\"elementor-element elementor-element-4fc6690c elementor-widget elementor-widget-text-editor\" data-id=\"4fc6690c\" data-element_type=\"widget\" data-widget_type=\"text-editor.default\">\n\t\t\t\t<div class=\"elementor-widget-container\">\n\t\t\t<style>\/*! elementor - v3.23.0 - 05-08-2024 *\/\n.elementor-widget-text-editor.elementor-drop-cap-view-stacked .elementor-drop-cap{background-color:#69727d;color:#fff}.elementor-widget-text-editor.elementor-drop-cap-view-framed .elementor-drop-cap{color:#69727d;border:3px solid;background-color:transparent}.elementor-widget-text-editor:not(.elementor-drop-cap-view-default) .elementor-drop-cap{margin-top:8px}.elementor-widget-text-editor:not(.elementor-drop-cap-view-default) .elementor-drop-cap-letter{width:1em;height:1em}.elementor-widget-text-editor .elementor-drop-cap{float:left;text-align:center;line-height:1;font-size:50px}.elementor-widget-text-editor .elementor-drop-cap-letter{display:inline-block}<\/style>\t\t\t\t<h3><span style=\"color: #f6921e;\">Description<\/span><\/h3><p><strong>Conventional Beam Detector BEAMRAY RFX70<\/strong><\/p><p>BEAMRAY RFX70, d\u00e9tecteur de faisceau r\u00e9fl\u00e9chissant motoris\u00e9 7-70 m 24 V CC, comprenant 1 x t\u00eate de d\u00e9tecteur, 1 x contr\u00f4leur syst\u00e8me et 1 x prisme r\u00e9fl\u00e9chissant, auto-alignement, suivi des mouvements du b\u00e2timent. Port\u00e9e de fonctionnement jusqu&rsquo;\u00e0 70 m. Extension jusqu&rsquo;\u00e0 140 m avec le kit longue port\u00e9e (LR140) et jusqu&rsquo;\u00e0 160 m avec le kit longue port\u00e9e (LR160).<\/p>\t\t\t\t\t\t<\/div>\n\t\t\t\t<\/div>\n\t\t\t\t<\/div>\n\t\t\t\t\t<\/div>\n\t\t\t\t<\/section>\n\t\t\t\t<\/div>\n\t\t","protected":false},"excerpt":{"rendered":"<p>Description Conventional Beam Detector BEAMRAY RFX70 BEAMRAY RFX70, d\u00e9tecteur de faisceau r\u00e9fl\u00e9chissant motoris\u00e9 7-70 m 24 V CC, comprenant 1 x t\u00eate de d\u00e9tecteur, 1 x contr\u00f4leur syst\u00e8me et 1 x prisme r\u00e9fl\u00e9chissant, auto-alignement, suivi des mouvements du b\u00e2timent. Port\u00e9e de fonctionnement jusqu&rsquo;\u00e0 70 m. Extension jusqu&rsquo;\u00e0 140 m avec le kit longue port\u00e9e (LR140) [&hellip;]<\/p>\n","protected":false},"featured_media":569,"template":"","categorie-product":[20],"class_list":["post-568","product","type-product","status-publish","has-post-thumbnail","hentry","categorie-product-detecteur-conventionnelle"],"_links":{"self":[{"href":"https:\/\/dev.alcomnet.com\/smartic\/wp-json\/wp\/v2\/product\/568","targetHints":{"allow":["GET"]}}],"collection":[{"href":"https:\/\/dev.alcomnet.com\/smartic\/wp-json\/wp\/v2\/product"}],"about":[{"href":"https:\/\/dev.alcomnet.com\/smartic\/wp-json\/wp\/v2\/types\/product"}],"version-history":[{"count":7,"href":"https:\/\/dev.alcomnet.com\/smartic\/wp-json\/wp\/v2\/product\/568\/revisions"}],"predecessor-version":[{"id":1511,"href":"https:\/\/dev.alcomnet.com\/smartic\/wp-json\/wp\/v2\/product\/568\/revisions\/1511"}],"wp:featuredmedia":[{"embeddable":true,"href":"https:\/\/dev.alcomnet.com\/smartic\/wp-json\/wp\/v2\/media\/569"}],"wp:attachment":[{"href":"https:\/\/dev.alcomnet.com\/smartic\/wp-json\/wp\/v2\/media?parent=568"}],"wp:term":[{"taxonomy":"categorie-product","embeddable":true,"href":"https:\/\/dev.alcomnet.com\/smartic\/wp-json\/wp\/v2\/categorie-product?post=568"}],"curies":[{"name":"wp","href":"https:\/\/api.w.org\/{rel}","templated":true}]}}