{"id":562,"date":"2024-03-03T12:37:41","date_gmt":"2024-03-03T11:37:41","guid":{"rendered":"https:\/\/dev.alcomnet.com\/smartic\/?post_type=product&#038;p=562"},"modified":"2024-09-03T17:43:29","modified_gmt":"2024-09-03T16:43:29","slug":"45681-200imc-base","status":"publish","type":"product","link":"https:\/\/dev.alcomnet.com\/smartic\/produits\/45681-200imc-base\/","title":{"rendered":"Socle adressable"},"content":{"rendered":"\t\t<div data-elementor-type=\"wp-post\" data-elementor-id=\"562\" class=\"elementor elementor-562\">\n\t\t\t\t<section class=\"elementor-element elementor-element-3fc304a3 e-flex e-con-boxed e-con e-parent\" data-id=\"3fc304a3\" data-element_type=\"container\">\n\t\t\t\t\t<div class=\"e-con-inner\">\n\t\t<div class=\"elementor-element elementor-element-2a870beb e-con-full e-flex e-con e-child\" data-id=\"2a870beb\" data-element_type=\"container\">\n\t\t\t\t<div class=\"elementor-element elementor-element-5938b4d8 elementor-widget elementor-widget-image\" data-id=\"5938b4d8\" data-element_type=\"widget\" data-widget_type=\"image.default\">\n\t\t\t\t<div class=\"elementor-widget-container\">\n\t\t\t<style>\/*! elementor - v3.23.0 - 05-08-2024 *\/\n.elementor-widget-image{text-align:center}.elementor-widget-image a{display:inline-block}.elementor-widget-image a img[src$=\".svg\"]{width:48px}.elementor-widget-image img{vertical-align:middle;display:inline-block}<\/style>\t\t\t\t\t\t\t\t\t\t<img fetchpriority=\"high\" decoding=\"async\" width=\"236\" height=\"237\" src=\"https:\/\/dev.alcomnet.com\/smartic\/wp-content\/uploads\/2024\/03\/45681-200IMC-BASE.jpg\" class=\"attachment-large size-large wp-image-563\" alt=\"45681-200IMC-BASE\" srcset=\"https:\/\/dev.alcomnet.com\/smartic\/wp-content\/uploads\/2024\/03\/45681-200IMC-BASE.jpg 236w, https:\/\/dev.alcomnet.com\/smartic\/wp-content\/uploads\/2024\/03\/45681-200IMC-BASE-150x150.jpg 150w\" sizes=\"(max-width: 236px) 100vw, 236px\" \/>\t\t\t\t\t\t\t\t\t\t\t\t\t<\/div>\n\t\t\t\t<\/div>\n\t\t\t\t<\/div>\n\t\t<div class=\"elementor-element elementor-element-13d084b8 e-con-full e-flex e-con e-child\" data-id=\"13d084b8\" data-element_type=\"container\">\n\t\t\t\t<div class=\"elementor-element elementor-element-3091a18e elementor-widget elementor-widget-text-editor\" data-id=\"3091a18e\" data-element_type=\"widget\" data-widget_type=\"text-editor.default\">\n\t\t\t\t<div class=\"elementor-widget-container\">\n\t\t\t<style>\/*! elementor - v3.23.0 - 05-08-2024 *\/\n.elementor-widget-text-editor.elementor-drop-cap-view-stacked .elementor-drop-cap{background-color:#69727d;color:#fff}.elementor-widget-text-editor.elementor-drop-cap-view-framed .elementor-drop-cap{color:#69727d;border:3px solid;background-color:transparent}.elementor-widget-text-editor:not(.elementor-drop-cap-view-default) .elementor-drop-cap{margin-top:8px}.elementor-widget-text-editor:not(.elementor-drop-cap-view-default) .elementor-drop-cap-letter{width:1em;height:1em}.elementor-widget-text-editor .elementor-drop-cap{float:left;text-align:center;line-height:1;font-size:50px}.elementor-widget-text-editor .elementor-drop-cap-letter{display:inline-block}<\/style>\t\t\t\t<h3><span style=\"color: #f6921e;\">Description<\/span><\/h3><p><strong>Base commune pour les d\u00e9tecteurs s\u00e9rie S65 et DiL Switch. BASE SEULEMENT<\/strong><\/p><p>Ce mod\u00e8le de base polyvalent 45681-200IMC peut \u00eatre utilis\u00e9 comme base pour les d\u00e9tecteurs adressables par commutateur DIL adressable intelligent Context Plus et comme base pour les d\u00e9tecteurs Context Plus Conventional Series 65E et 65A.<\/p>\t\t\t\t\t\t<\/div>\n\t\t\t\t<\/div>\n\t\t\t\t<\/div>\n\t\t\t\t\t<\/div>\n\t\t\t\t<\/section>\n\t\t\t\t<\/div>\n\t\t","protected":false},"excerpt":{"rendered":"<p>Description Base commune pour les d\u00e9tecteurs s\u00e9rie S65 et DiL Switch. BASE SEULEMENT Ce mod\u00e8le de base polyvalent 45681-200IMC peut \u00eatre utilis\u00e9 comme base pour les d\u00e9tecteurs adressables par commutateur DIL adressable intelligent Context Plus et comme base pour les d\u00e9tecteurs Context Plus Conventional Series 65E et 65A.<\/p>\n","protected":false},"featured_media":563,"template":"","categorie-product":[25],"class_list":["post-562","product","type-product","status-publish","has-post-thumbnail","hentry","categorie-product-detecteurs-adressable"],"_links":{"self":[{"href":"https:\/\/dev.alcomnet.com\/smartic\/wp-json\/wp\/v2\/product\/562","targetHints":{"allow":["GET"]}}],"collection":[{"href":"https:\/\/dev.alcomnet.com\/smartic\/wp-json\/wp\/v2\/product"}],"about":[{"href":"https:\/\/dev.alcomnet.com\/smartic\/wp-json\/wp\/v2\/types\/product"}],"version-history":[{"count":8,"href":"https:\/\/dev.alcomnet.com\/smartic\/wp-json\/wp\/v2\/product\/562\/revisions"}],"predecessor-version":[{"id":1203,"href":"https:\/\/dev.alcomnet.com\/smartic\/wp-json\/wp\/v2\/product\/562\/revisions\/1203"}],"wp:featuredmedia":[{"embeddable":true,"href":"https:\/\/dev.alcomnet.com\/smartic\/wp-json\/wp\/v2\/media\/563"}],"wp:attachment":[{"href":"https:\/\/dev.alcomnet.com\/smartic\/wp-json\/wp\/v2\/media?parent=562"}],"wp:term":[{"taxonomy":"categorie-product","embeddable":true,"href":"https:\/\/dev.alcomnet.com\/smartic\/wp-json\/wp\/v2\/categorie-product?post=562"}],"curies":[{"name":"wp","href":"https:\/\/api.w.org\/{rel}","templated":true}]}}