{"id":559,"date":"2024-03-03T12:35:33","date_gmt":"2024-03-03T11:35:33","guid":{"rendered":"https:\/\/dev.alcomnet.com\/smartic\/?post_type=product&#038;p=559"},"modified":"2024-09-03T17:43:02","modified_gmt":"2024-09-03T16:43:02","slug":"55000-485imc","status":"publish","type":"product","link":"https:\/\/dev.alcomnet.com\/smartic\/produits\/55000-485imc\/","title":{"rendered":"D\u00e9tecteur de chaleur expert card"},"content":{"rendered":"\t\t<div data-elementor-type=\"wp-post\" data-elementor-id=\"559\" class=\"elementor elementor-559\">\n\t\t\t\t<section class=\"elementor-element elementor-element-37f5efed e-flex e-con-boxed e-con e-parent\" data-id=\"37f5efed\" data-element_type=\"container\">\n\t\t\t\t\t<div class=\"e-con-inner\">\n\t\t<div class=\"elementor-element elementor-element-e620f50 e-con-full e-flex e-con e-child\" data-id=\"e620f50\" data-element_type=\"container\">\n\t\t\t\t<div class=\"elementor-element elementor-element-1bc3825d elementor-widget elementor-widget-image\" data-id=\"1bc3825d\" data-element_type=\"widget\" data-widget_type=\"image.default\">\n\t\t\t\t<div class=\"elementor-widget-container\">\n\t\t\t<style>\/*! elementor - v3.23.0 - 05-08-2024 *\/\n.elementor-widget-image{text-align:center}.elementor-widget-image a{display:inline-block}.elementor-widget-image a img[src$=\".svg\"]{width:48px}.elementor-widget-image img{vertical-align:middle;display:inline-block}<\/style>\t\t\t\t\t\t\t\t\t\t<img fetchpriority=\"high\" decoding=\"async\" width=\"259\" height=\"206\" src=\"https:\/\/dev.alcomnet.com\/smartic\/wp-content\/uploads\/2024\/03\/55000-485IMC.jpg\" class=\"attachment-large size-large wp-image-560\" alt=\"55000-485IMC\" \/>\t\t\t\t\t\t\t\t\t\t\t\t\t<\/div>\n\t\t\t\t<\/div>\n\t\t\t\t<\/div>\n\t\t<div class=\"elementor-element elementor-element-ca6fcd8 e-con-full e-flex e-con e-child\" data-id=\"ca6fcd8\" data-element_type=\"container\">\n\t\t\t\t<div class=\"elementor-element elementor-element-1f93fcda elementor-widget elementor-widget-text-editor\" data-id=\"1f93fcda\" data-element_type=\"widget\" data-widget_type=\"text-editor.default\">\n\t\t\t\t<div class=\"elementor-widget-container\">\n\t\t\t<style>\/*! elementor - v3.23.0 - 05-08-2024 *\/\n.elementor-widget-text-editor.elementor-drop-cap-view-stacked .elementor-drop-cap{background-color:#69727d;color:#fff}.elementor-widget-text-editor.elementor-drop-cap-view-framed .elementor-drop-cap{color:#69727d;border:3px solid;background-color:transparent}.elementor-widget-text-editor:not(.elementor-drop-cap-view-default) .elementor-drop-cap{margin-top:8px}.elementor-widget-text-editor:not(.elementor-drop-cap-view-default) .elementor-drop-cap-letter{width:1em;height:1em}.elementor-widget-text-editor .elementor-drop-cap{float:left;text-align:center;line-height:1;font-size:50px}.elementor-widget-text-editor .elementor-drop-cap-letter{display:inline-block}<\/style>\t\t\t\t<h3><span style=\"color: #f6921e;\">Description<\/span><\/h3><p><strong>D\u00e9tecteur de chaleur adressable (A2S) \u2013 55000-485IMC<\/strong><\/p><p>Ce d\u00e9tecteur de chaleur Context Plus avec protocole de communication XP95 se distingue par son bo\u00eetier r\u00e9sistant au faible d\u00e9bit d&rsquo;air et utilise une seule thermistance pour d\u00e9tecter la temp\u00e9rature de l&rsquo;air autour du d\u00e9tecteur. Ce d\u00e9tecteur de chaleur (A2S) surveille la temp\u00e9rature \u00e0 l&rsquo;aide d&rsquo;une seule thermistance qui fournit une sortie de comptage proportionnelle \u00e0 la temp\u00e9rature de l&rsquo;air ext\u00e9rieur, signalant une alarme \u00e0 55\u00b0C.<\/p>\t\t\t\t\t\t<\/div>\n\t\t\t\t<\/div>\n\t\t\t\t<\/div>\n\t\t\t\t\t<\/div>\n\t\t\t\t<\/section>\n\t\t\t\t<\/div>\n\t\t","protected":false},"excerpt":{"rendered":"<p>Description D\u00e9tecteur de chaleur adressable (A2S) \u2013 55000-485IMC Ce d\u00e9tecteur de chaleur Context Plus avec protocole de communication XP95 se distingue par son bo\u00eetier r\u00e9sistant au faible d\u00e9bit d&rsquo;air et utilise une seule thermistance pour d\u00e9tecter la temp\u00e9rature de l&rsquo;air autour du d\u00e9tecteur. Ce d\u00e9tecteur de chaleur (A2S) surveille la temp\u00e9rature \u00e0 l&rsquo;aide d&rsquo;une seule [&hellip;]<\/p>\n","protected":false},"featured_media":560,"template":"","categorie-product":[25],"class_list":["post-559","product","type-product","status-publish","has-post-thumbnail","hentry","categorie-product-detecteurs-adressable"],"_links":{"self":[{"href":"https:\/\/dev.alcomnet.com\/smartic\/wp-json\/wp\/v2\/product\/559","targetHints":{"allow":["GET"]}}],"collection":[{"href":"https:\/\/dev.alcomnet.com\/smartic\/wp-json\/wp\/v2\/product"}],"about":[{"href":"https:\/\/dev.alcomnet.com\/smartic\/wp-json\/wp\/v2\/types\/product"}],"version-history":[{"count":8,"href":"https:\/\/dev.alcomnet.com\/smartic\/wp-json\/wp\/v2\/product\/559\/revisions"}],"predecessor-version":[{"id":1199,"href":"https:\/\/dev.alcomnet.com\/smartic\/wp-json\/wp\/v2\/product\/559\/revisions\/1199"}],"wp:featuredmedia":[{"embeddable":true,"href":"https:\/\/dev.alcomnet.com\/smartic\/wp-json\/wp\/v2\/media\/560"}],"wp:attachment":[{"href":"https:\/\/dev.alcomnet.com\/smartic\/wp-json\/wp\/v2\/media?parent=559"}],"wp:term":[{"taxonomy":"categorie-product","embeddable":true,"href":"https:\/\/dev.alcomnet.com\/smartic\/wp-json\/wp\/v2\/categorie-product?post=559"}],"curies":[{"name":"wp","href":"https:\/\/api.w.org\/{rel}","templated":true}]}}