{"id":556,"date":"2024-03-03T12:34:09","date_gmt":"2024-03-03T11:34:09","guid":{"rendered":"https:\/\/dev.alcomnet.com\/smartic\/?post_type=product&#038;p=556"},"modified":"2024-03-11T11:23:38","modified_gmt":"2024-03-11T10:23:38","slug":"55000-665imc","status":"publish","type":"product","link":"https:\/\/dev.alcomnet.com\/smartic\/produits\/55000-665imc\/","title":{"rendered":"55000-665IMC"},"content":{"rendered":"\t\t<div data-elementor-type=\"wp-post\" data-elementor-id=\"556\" class=\"elementor elementor-556\">\n\t\t\t\t<section class=\"elementor-element elementor-element-7d7e241c e-flex e-con-boxed e-con e-parent\" data-id=\"7d7e241c\" data-element_type=\"container\">\n\t\t\t\t\t<div class=\"e-con-inner\">\n\t\t<div class=\"elementor-element elementor-element-263278e1 e-con-full e-flex e-con e-child\" data-id=\"263278e1\" data-element_type=\"container\">\n\t\t\t\t<div class=\"elementor-element elementor-element-6e120927 elementor-widget elementor-widget-image\" data-id=\"6e120927\" data-element_type=\"widget\" data-widget_type=\"image.default\">\n\t\t\t\t<div class=\"elementor-widget-container\">\n\t\t\t<style>\/*! elementor - v3.23.0 - 05-08-2024 *\/\n.elementor-widget-image{text-align:center}.elementor-widget-image a{display:inline-block}.elementor-widget-image a img[src$=\".svg\"]{width:48px}.elementor-widget-image img{vertical-align:middle;display:inline-block}<\/style>\t\t\t\t\t\t\t\t\t\t<img decoding=\"async\" width=\"225\" height=\"183\" src=\"https:\/\/dev.alcomnet.com\/smartic\/wp-content\/uploads\/2024\/03\/55000-665IMC.jpg\" class=\"attachment-large size-large wp-image-557\" alt=\"55000-665IMC\" \/>\t\t\t\t\t\t\t\t\t\t\t\t\t<\/div>\n\t\t\t\t<\/div>\n\t\t\t\t<\/div>\n\t\t<div class=\"elementor-element elementor-element-42313370 e-con-full e-flex e-con e-child\" data-id=\"42313370\" data-element_type=\"container\">\n\t\t\t\t<div class=\"elementor-element elementor-element-ef47270 elementor-widget elementor-widget-text-editor\" data-id=\"ef47270\" data-element_type=\"widget\" data-widget_type=\"text-editor.default\">\n\t\t\t\t<div class=\"elementor-widget-container\">\n\t\t\t<style>\/*! elementor - v3.23.0 - 05-08-2024 *\/\n.elementor-widget-text-editor.elementor-drop-cap-view-stacked .elementor-drop-cap{background-color:#69727d;color:#fff}.elementor-widget-text-editor.elementor-drop-cap-view-framed .elementor-drop-cap{color:#69727d;border:3px solid;background-color:transparent}.elementor-widget-text-editor:not(.elementor-drop-cap-view-default) .elementor-drop-cap{margin-top:8px}.elementor-widget-text-editor:not(.elementor-drop-cap-view-default) .elementor-drop-cap-letter{width:1em;height:1em}.elementor-widget-text-editor .elementor-drop-cap{float:left;text-align:center;line-height:1;font-size:50px}.elementor-widget-text-editor .elementor-drop-cap-letter{display:inline-block}<\/style>\t\t\t\t<h3><span style=\"color: #f6921e;\">Description<\/span><\/h3><p><strong>D\u00e9tecteur de fum\u00e9e optique DiL Switch T\u00caTE SEULEMENT &#8211; APPROUV\u00c9 LPCB<\/strong><\/p><p>Le d\u00e9tecteur de fum\u00e9e optique adressable intelligent Context Plus 55000-665IMC utilise une LED infrarouge \u00e0 impulsion interne et une photodiode \u00e0 un angle obtus. Dans des conditions d&rsquo;air clair, la photodiode du d\u00e9tecteur ne re\u00e7oit aucune lumi\u00e8re de la LED et produit un signal analogique correspondant. Le signal augmente lorsque la fum\u00e9e p\u00e9n\u00e8tre dans la chambre et que la lumi\u00e8re est diffus\u00e9e sur la photodiode. Le d\u00e9tecteur de fum\u00e9e optique dispose d&rsquo;un indicateur LED qui \u00e9met une lumi\u00e8re rouge lorsque le d\u00e9tecteur est en alarme<\/p>\t\t\t\t\t\t<\/div>\n\t\t\t\t<\/div>\n\t\t\t\t<\/div>\n\t\t\t\t\t<\/div>\n\t\t\t\t<\/section>\n\t\t\t\t<\/div>\n\t\t","protected":false},"excerpt":{"rendered":"<p>Description D\u00e9tecteur de fum\u00e9e optique DiL Switch T\u00caTE SEULEMENT &#8211; APPROUV\u00c9 LPCB Le d\u00e9tecteur de fum\u00e9e optique adressable intelligent Context Plus 55000-665IMC utilise une LED infrarouge \u00e0 impulsion interne et une photodiode \u00e0 un angle obtus. Dans des conditions d&rsquo;air clair, la photodiode du d\u00e9tecteur ne re\u00e7oit aucune lumi\u00e8re de la LED et produit un [&hellip;]<\/p>\n","protected":false},"featured_media":557,"template":"","categorie-product":[24],"class_list":["post-556","product","type-product","status-publish","has-post-thumbnail","hentry","categorie-product-centrales-de-detection-incendie"],"_links":{"self":[{"href":"https:\/\/dev.alcomnet.com\/smartic\/wp-json\/wp\/v2\/product\/556","targetHints":{"allow":["GET"]}}],"collection":[{"href":"https:\/\/dev.alcomnet.com\/smartic\/wp-json\/wp\/v2\/product"}],"about":[{"href":"https:\/\/dev.alcomnet.com\/smartic\/wp-json\/wp\/v2\/types\/product"}],"version-history":[{"count":4,"href":"https:\/\/dev.alcomnet.com\/smartic\/wp-json\/wp\/v2\/product\/556\/revisions"}],"predecessor-version":[{"id":664,"href":"https:\/\/dev.alcomnet.com\/smartic\/wp-json\/wp\/v2\/product\/556\/revisions\/664"}],"wp:featuredmedia":[{"embeddable":true,"href":"https:\/\/dev.alcomnet.com\/smartic\/wp-json\/wp\/v2\/media\/557"}],"wp:attachment":[{"href":"https:\/\/dev.alcomnet.com\/smartic\/wp-json\/wp\/v2\/media?parent=556"}],"wp:term":[{"taxonomy":"categorie-product","embeddable":true,"href":"https:\/\/dev.alcomnet.com\/smartic\/wp-json\/wp\/v2\/categorie-product?post=556"}],"curies":[{"name":"wp","href":"https:\/\/api.w.org\/{rel}","templated":true}]}}