{"id":553,"date":"2024-03-03T12:33:05","date_gmt":"2024-03-03T11:33:05","guid":{"rendered":"https:\/\/dev.alcomnet.com\/smartic\/?post_type=product&#038;p=553"},"modified":"2024-09-03T17:41:46","modified_gmt":"2024-09-03T16:41:46","slug":"55000-685imc","status":"publish","type":"product","link":"https:\/\/dev.alcomnet.com\/smartic\/produits\/55000-685imc\/","title":{"rendered":"D\u00e9tecteur de fum\u00e9e expert card"},"content":{"rendered":"\t\t<div data-elementor-type=\"wp-post\" data-elementor-id=\"553\" class=\"elementor elementor-553\">\n\t\t\t\t<section class=\"elementor-element elementor-element-5fedab73 e-flex e-con-boxed e-con e-parent\" data-id=\"5fedab73\" data-element_type=\"container\">\n\t\t\t\t\t<div class=\"e-con-inner\">\n\t\t<div class=\"elementor-element elementor-element-5c7957c7 e-con-full e-flex e-con e-child\" data-id=\"5c7957c7\" data-element_type=\"container\">\n\t\t\t\t<div class=\"elementor-element elementor-element-73e2192e elementor-widget elementor-widget-image\" data-id=\"73e2192e\" data-element_type=\"widget\" data-widget_type=\"image.default\">\n\t\t\t\t<div class=\"elementor-widget-container\">\n\t\t\t<style>\/*! elementor - v3.23.0 - 05-08-2024 *\/\n.elementor-widget-image{text-align:center}.elementor-widget-image a{display:inline-block}.elementor-widget-image a img[src$=\".svg\"]{width:48px}.elementor-widget-image img{vertical-align:middle;display:inline-block}<\/style>\t\t\t\t\t\t\t\t\t\t<img fetchpriority=\"high\" decoding=\"async\" width=\"259\" height=\"206\" src=\"https:\/\/dev.alcomnet.com\/smartic\/wp-content\/uploads\/2024\/03\/55000-485IMC.jpg\" class=\"attachment-large size-large wp-image-560\" alt=\"55000-485IMC\" \/>\t\t\t\t\t\t\t\t\t\t\t\t\t<\/div>\n\t\t\t\t<\/div>\n\t\t\t\t<\/div>\n\t\t<div class=\"elementor-element elementor-element-3ae00580 e-con-full e-flex e-con e-child\" data-id=\"3ae00580\" data-element_type=\"container\">\n\t\t\t\t<div class=\"elementor-element elementor-element-75528cb3 elementor-widget elementor-widget-text-editor\" data-id=\"75528cb3\" data-element_type=\"widget\" data-widget_type=\"text-editor.default\">\n\t\t\t\t<div class=\"elementor-widget-container\">\n\t\t\t<style>\/*! elementor - v3.23.0 - 05-08-2024 *\/\n.elementor-widget-text-editor.elementor-drop-cap-view-stacked .elementor-drop-cap{background-color:#69727d;color:#fff}.elementor-widget-text-editor.elementor-drop-cap-view-framed .elementor-drop-cap{color:#69727d;border:3px solid;background-color:transparent}.elementor-widget-text-editor:not(.elementor-drop-cap-view-default) .elementor-drop-cap{margin-top:8px}.elementor-widget-text-editor:not(.elementor-drop-cap-view-default) .elementor-drop-cap-letter{width:1em;height:1em}.elementor-widget-text-editor .elementor-drop-cap{float:left;text-align:center;line-height:1;font-size:50px}.elementor-widget-text-editor .elementor-drop-cap-letter{display:inline-block}<\/style>\t\t\t\t<h3><span style=\"color: #f6921e;\">Description<\/span><\/h3><p><strong>D\u00e9tecteur de fum\u00e9e optique, style Xpert \u2013 55000-685IMC<\/strong><\/p><p>Ce d\u00e9tecteur de fum\u00e9e optique Context Plus avec protocole de communication XP95 fonctionne selon le principe de diffusion de la lumi\u00e8re et est id\u00e9al pour les applications o\u00f9 des incendies \u00e0 combustion lente ou couvante sont probables. Il utilise le principe de diffusion de la lumi\u00e8re pour d\u00e9tecter rapidement et efficacement une gamme d&rsquo;incendies \u00e0 combustion lente et couvante.<\/p>\t\t\t\t\t\t<\/div>\n\t\t\t\t<\/div>\n\t\t\t\t<\/div>\n\t\t\t\t\t<\/div>\n\t\t\t\t<\/section>\n\t\t\t\t<\/div>\n\t\t","protected":false},"excerpt":{"rendered":"<p>Description D\u00e9tecteur de fum\u00e9e optique, style Xpert \u2013 55000-685IMC Ce d\u00e9tecteur de fum\u00e9e optique Context Plus avec protocole de communication XP95 fonctionne selon le principe de diffusion de la lumi\u00e8re et est id\u00e9al pour les applications o\u00f9 des incendies \u00e0 combustion lente ou couvante sont probables. Il utilise le principe de diffusion de la lumi\u00e8re [&hellip;]<\/p>\n","protected":false},"featured_media":554,"template":"","categorie-product":[25],"class_list":["post-553","product","type-product","status-publish","has-post-thumbnail","hentry","categorie-product-detecteurs-adressable"],"_links":{"self":[{"href":"https:\/\/dev.alcomnet.com\/smartic\/wp-json\/wp\/v2\/product\/553","targetHints":{"allow":["GET"]}}],"collection":[{"href":"https:\/\/dev.alcomnet.com\/smartic\/wp-json\/wp\/v2\/product"}],"about":[{"href":"https:\/\/dev.alcomnet.com\/smartic\/wp-json\/wp\/v2\/types\/product"}],"version-history":[{"count":9,"href":"https:\/\/dev.alcomnet.com\/smartic\/wp-json\/wp\/v2\/product\/553\/revisions"}],"predecessor-version":[{"id":1195,"href":"https:\/\/dev.alcomnet.com\/smartic\/wp-json\/wp\/v2\/product\/553\/revisions\/1195"}],"wp:featuredmedia":[{"embeddable":true,"href":"https:\/\/dev.alcomnet.com\/smartic\/wp-json\/wp\/v2\/media\/554"}],"wp:attachment":[{"href":"https:\/\/dev.alcomnet.com\/smartic\/wp-json\/wp\/v2\/media?parent=553"}],"wp:term":[{"taxonomy":"categorie-product","embeddable":true,"href":"https:\/\/dev.alcomnet.com\/smartic\/wp-json\/wp\/v2\/categorie-product?post=553"}],"curies":[{"name":"wp","href":"https:\/\/api.w.org\/{rel}","templated":true}]}}