{"id":547,"date":"2024-03-03T11:21:23","date_gmt":"2024-03-03T10:21:23","guid":{"rendered":"https:\/\/dev.alcomnet.com\/smartic\/?post_type=product&#038;p=547"},"modified":"2024-10-09T22:20:46","modified_gmt":"2024-10-09T21:20:46","slug":"zrep1s","status":"publish","type":"product","link":"https:\/\/dev.alcomnet.com\/smartic\/produits\/zrep1s\/","title":{"rendered":"REPETITEUR \u00a0SERIE ZFP"},"content":{"rendered":"\t\t<div data-elementor-type=\"wp-post\" data-elementor-id=\"547\" class=\"elementor elementor-547\">\n\t\t\t\t<section class=\"elementor-element elementor-element-4e3a780c e-flex e-con-boxed e-con e-parent\" data-id=\"4e3a780c\" data-element_type=\"container\">\n\t\t\t\t\t<div class=\"e-con-inner\">\n\t\t<div class=\"elementor-element elementor-element-1fd85e32 e-con-full e-flex e-con e-child\" data-id=\"1fd85e32\" data-element_type=\"container\">\n\t\t\t\t<div class=\"elementor-element elementor-element-2b3aa76e elementor-widget elementor-widget-image\" data-id=\"2b3aa76e\" data-element_type=\"widget\" data-widget_type=\"image.default\">\n\t\t\t\t<div class=\"elementor-widget-container\">\n\t\t\t<style>\/*! elementor - v3.23.0 - 05-08-2024 *\/\n.elementor-widget-image{text-align:center}.elementor-widget-image a{display:inline-block}.elementor-widget-image a img[src$=\".svg\"]{width:48px}.elementor-widget-image img{vertical-align:middle;display:inline-block}<\/style>\t\t\t\t\t\t\t\t\t\t<img fetchpriority=\"high\" decoding=\"async\" width=\"237\" height=\"243\" src=\"https:\/\/dev.alcomnet.com\/smartic\/wp-content\/uploads\/2024\/03\/ZREP1S.jpg\" class=\"attachment-large size-large wp-image-548\" alt=\"ZREP1S\" \/>\t\t\t\t\t\t\t\t\t\t\t\t\t<\/div>\n\t\t\t\t<\/div>\n\t\t\t\t<\/div>\n\t\t<div class=\"elementor-element elementor-element-432c8fae e-con-full e-flex e-con e-child\" data-id=\"432c8fae\" data-element_type=\"container\">\n\t\t\t\t<div class=\"elementor-element elementor-element-65770940 elementor-widget elementor-widget-text-editor\" data-id=\"65770940\" data-element_type=\"widget\" data-widget_type=\"text-editor.default\">\n\t\t\t\t<div class=\"elementor-widget-container\">\n\t\t\t<style>\/*! elementor - v3.23.0 - 05-08-2024 *\/\n.elementor-widget-text-editor.elementor-drop-cap-view-stacked .elementor-drop-cap{background-color:#69727d;color:#fff}.elementor-widget-text-editor.elementor-drop-cap-view-framed .elementor-drop-cap{color:#69727d;border:3px solid;background-color:transparent}.elementor-widget-text-editor:not(.elementor-drop-cap-view-default) .elementor-drop-cap{margin-top:8px}.elementor-widget-text-editor:not(.elementor-drop-cap-view-default) .elementor-drop-cap-letter{width:1em;height:1em}.elementor-widget-text-editor .elementor-drop-cap{float:left;text-align:center;line-height:1;font-size:50px}.elementor-widget-text-editor .elementor-drop-cap-letter{display:inline-block}<\/style>\t\t\t\t<h3><span style=\"color: #f6921e;\">Description<\/span><\/h3><p><strong>Panneau de r\u00e9p\u00e9teur ZFP HiNET R\u00e9seau multivoies (comprend un circuit imprim\u00e9 d&rsquo;interface r\u00e9seau) Montage en surface &#8211; N\u00e9cessite un bloc d&rsquo;alimentation s\u00e9par\u00e9<\/strong><\/p><ul><li>Le Context Plus ZREP1S est un p\u00e9riph\u00e9rique r\u00e9seau ZFP adressable intelligent qui peut \u00eatre utilis\u00e9 comme un panneau r\u00e9p\u00e9teur traditionnel mais compact avec des fonctionnalit\u00e9s suppl\u00e9mentaires<strong>.<\/strong><\/li><li>Comprend un module de commande \u00e0 \u00e9cran tactile Z41 et un circuit imprim\u00e9 r\u00e9seau multi-chemins tol\u00e9rant aux pannes ZHN \u00ab Hi-Net \u00bb.<\/li><li>Log\u00e9 dans un \u00e9l\u00e9gant bo\u00eetier en plastique pour montage en surface mesurant seulement 214 mm x 178 mm x 70 mm.<\/li><li>Peut \u00eatre utilis\u00e9 pour am\u00e9liorer la zone de r\u00e9ception et les points d&rsquo;acc\u00e8s d&rsquo;un b\u00e2timent (localisez vos principaux panneaux ZFP hors de vue et laissez nos contr\u00f4leurs compacts ZFP ajouter une touche de classe \u00e0 votre environnement).<\/li><li>Fonctionnalit\u00e9 d&rsquo;acc\u00e8s complet de niveau 2 (silence, d\u00e9sactivation, r\u00e9initialisation, etc.).<\/li><li>N\u00e9cessite un bloc d&rsquo;alimentation en bo\u00eete EN54-4 s\u00e9par\u00e9 tel que notre bloc d&rsquo;alimentation en bo\u00eete BF360-24 1A 24V.<\/li><li>Jusqu&rsquo;\u00e0 64 contr\u00f4leurs compacts peuvent \u00eatre connect\u00e9s \u00e0 un r\u00e9seau ZFP (chaque contr\u00f4leur est class\u00e9 comme 1 n\u0153ud de r\u00e9seau).<\/li><\/ul>\t\t\t\t\t\t<\/div>\n\t\t\t\t<\/div>\n\t\t\t\t<\/div>\n\t\t\t\t\t<\/div>\n\t\t\t\t<\/section>\n\t\t\t\t<\/div>\n\t\t","protected":false},"excerpt":{"rendered":"<p>Description Panneau de r\u00e9p\u00e9teur ZFP HiNET R\u00e9seau multivoies (comprend un circuit imprim\u00e9 d&rsquo;interface r\u00e9seau) Montage en surface &#8211; N\u00e9cessite un bloc d&rsquo;alimentation s\u00e9par\u00e9 Le Context Plus ZREP1S est un p\u00e9riph\u00e9rique r\u00e9seau ZFP adressable intelligent qui peut \u00eatre utilis\u00e9 comme un panneau r\u00e9p\u00e9teur traditionnel mais compact avec des fonctionnalit\u00e9s suppl\u00e9mentaires. Comprend un module de commande \u00e0 [&hellip;]<\/p>\n","protected":false},"featured_media":548,"template":"","categorie-product":[24],"class_list":["post-547","product","type-product","status-publish","has-post-thumbnail","hentry","categorie-product-centrales-de-detection-incendie"],"_links":{"self":[{"href":"https:\/\/dev.alcomnet.com\/smartic\/wp-json\/wp\/v2\/product\/547","targetHints":{"allow":["GET"]}}],"collection":[{"href":"https:\/\/dev.alcomnet.com\/smartic\/wp-json\/wp\/v2\/product"}],"about":[{"href":"https:\/\/dev.alcomnet.com\/smartic\/wp-json\/wp\/v2\/types\/product"}],"version-history":[{"count":13,"href":"https:\/\/dev.alcomnet.com\/smartic\/wp-json\/wp\/v2\/product\/547\/revisions"}],"predecessor-version":[{"id":1480,"href":"https:\/\/dev.alcomnet.com\/smartic\/wp-json\/wp\/v2\/product\/547\/revisions\/1480"}],"wp:featuredmedia":[{"embeddable":true,"href":"https:\/\/dev.alcomnet.com\/smartic\/wp-json\/wp\/v2\/media\/548"}],"wp:attachment":[{"href":"https:\/\/dev.alcomnet.com\/smartic\/wp-json\/wp\/v2\/media?parent=547"}],"wp:term":[{"taxonomy":"categorie-product","embeddable":true,"href":"https:\/\/dev.alcomnet.com\/smartic\/wp-json\/wp\/v2\/categorie-product?post=547"}],"curies":[{"name":"wp","href":"https:\/\/api.w.org\/{rel}","templated":true}]}}