{"id":538,"date":"2024-03-03T11:11:56","date_gmt":"2024-03-03T10:11:56","guid":{"rendered":"https:\/\/dev.alcomnet.com\/smartic\/?post_type=product&#038;p=538"},"modified":"2024-10-09T21:59:26","modified_gmt":"2024-10-09T20:59:26","slug":"z023040nsxcon","status":"publish","type":"product","link":"https:\/\/dev.alcomnet.com\/smartic\/produits\/z023040nsxcon\/","title":{"rendered":"ZFP 4 BOUCLES 40 ZONES"},"content":{"rendered":"\t\t<div data-elementor-type=\"wp-post\" data-elementor-id=\"538\" class=\"elementor elementor-538\">\n\t\t\t\t<section class=\"elementor-element elementor-element-37cc04ec e-flex e-con-boxed e-con e-parent\" data-id=\"37cc04ec\" data-element_type=\"container\">\n\t\t\t\t\t<div class=\"e-con-inner\">\n\t\t<div class=\"elementor-element elementor-element-21b8fe2f e-con-full e-flex e-con e-child\" data-id=\"21b8fe2f\" data-element_type=\"container\">\n\t\t\t\t<div class=\"elementor-element elementor-element-d7ea92f elementor-widget elementor-widget-image\" data-id=\"d7ea92f\" data-element_type=\"widget\" data-widget_type=\"image.default\">\n\t\t\t\t<div class=\"elementor-widget-container\">\n\t\t\t<style>\/*! elementor - v3.23.0 - 05-08-2024 *\/\n.elementor-widget-image{text-align:center}.elementor-widget-image a{display:inline-block}.elementor-widget-image a img[src$=\".svg\"]{width:48px}.elementor-widget-image img{vertical-align:middle;display:inline-block}<\/style>\t\t\t\t\t\t\t\t\t\t<img fetchpriority=\"high\" decoding=\"async\" width=\"250\" height=\"256\" src=\"https:\/\/dev.alcomnet.com\/smartic\/wp-content\/uploads\/2024\/03\/Z023040NSXCON.jpg\" class=\"attachment-large size-large wp-image-539\" alt=\"Z023040NSXCON\" \/>\t\t\t\t\t\t\t\t\t\t\t\t\t<\/div>\n\t\t\t\t<\/div>\n\t\t\t\t<\/div>\n\t\t<div class=\"elementor-element elementor-element-635a9694 e-con-full e-flex e-con e-child\" data-id=\"635a9694\" data-element_type=\"container\">\n\t\t\t\t<div class=\"elementor-element elementor-element-56280d81 elementor-widget elementor-widget-text-editor\" data-id=\"56280d81\" data-element_type=\"widget\" data-widget_type=\"text-editor.default\">\n\t\t\t\t<div class=\"elementor-widget-container\">\n\t\t\t<style>\/*! elementor - v3.23.0 - 05-08-2024 *\/\n.elementor-widget-text-editor.elementor-drop-cap-view-stacked .elementor-drop-cap{background-color:#69727d;color:#fff}.elementor-widget-text-editor.elementor-drop-cap-view-framed .elementor-drop-cap{color:#69727d;border:3px solid;background-color:transparent}.elementor-widget-text-editor:not(.elementor-drop-cap-view-default) .elementor-drop-cap{margin-top:8px}.elementor-widget-text-editor:not(.elementor-drop-cap-view-default) .elementor-drop-cap-letter{width:1em;height:1em}.elementor-widget-text-editor .elementor-drop-cap{float:left;text-align:center;line-height:1;font-size:50px}.elementor-widget-text-editor .elementor-drop-cap-letter{display:inline-block}<\/style>\t\t\t\t<h3><span style=\"color: #f6921e;\">Description<\/span><\/h3><p><strong>Panneau de boucle ZFP 2 avec 40 LED de zone (Z47), bloc <\/strong><\/p><p><strong>d&rsquo;alimentation \u00e9valu\u00e9 \u00e0 5 amp\u00e8res, \u2013 APPROUV\u00c9 INTERTEK<\/strong><\/p><ul><li>Le mod\u00e8le de panneau Context Plus ZFP Z023040NS\/X\/CON est un panneau d&rsquo;incendie adressable intelligent, contr\u00f4l\u00e9 par \u00e9cran tactile, riche en fonctionnalit\u00e9s, avec 2 boucles adressables et 40 indicateurs LED zonaux programmables<strong>.<\/strong><\/li><li>Certifi\u00e9 tiers selon EN54 parties 2 et 4. Approuv\u00e9 Intertek.<\/li><li>Apprentissage rapide en boucle, causes et effets flexibles et diagnostics syst\u00e8me puissants. Ces fonctionnalit\u00e9s + SafeMode et un DeviceManager unique se combinent pour faire du Context Plus ZFP l&rsquo;un des panneaux de contr\u00f4le les plus conviviaux du march\u00e9.<\/li><li>L&rsquo;option de r\u00e9seau RS485 \u00e0 haute int\u00e9grit\u00e9 et tol\u00e9rante aux pannes permet jusqu&rsquo;\u00e0 128 n\u0153uds de r\u00e9seau (64 panneaux principaux et 64 contr\u00f4leurs compacts).<\/li><li>Cartes d&rsquo;extension \u00ab\u00a0A-Bus\u00a0\u00bb en option, installations de pagination et d&rsquo;interface graphique.<\/li><li>Outils de programmation PC intuitifs.<\/li><li>Interface \u00e0 \u00e9cran tactile couleur tr\u00e8s conviviale.<\/li><li>Peut \u00eatre \u00e9tendu \u00e0 4 boucles en ajoutant le mod\u00e8le de PCB d&rsquo;extension enfichable \u00e0 2 boucles Z02LOOP\/X.<\/li><\/ul>\t\t\t\t\t\t<\/div>\n\t\t\t\t<\/div>\n\t\t\t\t<\/div>\n\t\t\t\t\t<\/div>\n\t\t\t\t<\/section>\n\t\t\t\t<\/div>\n\t\t","protected":false},"excerpt":{"rendered":"<p>Description Panneau de boucle ZFP 2 avec 40 LED de zone (Z47), bloc d&rsquo;alimentation \u00e9valu\u00e9 \u00e0 5 amp\u00e8res, \u2013 APPROUV\u00c9 INTERTEK Le mod\u00e8le de panneau Context Plus ZFP Z023040NS\/X\/CON est un panneau d&rsquo;incendie adressable intelligent, contr\u00f4l\u00e9 par \u00e9cran tactile, riche en fonctionnalit\u00e9s, avec 2 boucles adressables et 40 indicateurs LED zonaux programmables. Certifi\u00e9 tiers selon [&hellip;]<\/p>\n","protected":false},"featured_media":539,"template":"","categorie-product":[24],"class_list":["post-538","product","type-product","status-publish","has-post-thumbnail","hentry","categorie-product-centrales-de-detection-incendie"],"_links":{"self":[{"href":"https:\/\/dev.alcomnet.com\/smartic\/wp-json\/wp\/v2\/product\/538","targetHints":{"allow":["GET"]}}],"collection":[{"href":"https:\/\/dev.alcomnet.com\/smartic\/wp-json\/wp\/v2\/product"}],"about":[{"href":"https:\/\/dev.alcomnet.com\/smartic\/wp-json\/wp\/v2\/types\/product"}],"version-history":[{"count":8,"href":"https:\/\/dev.alcomnet.com\/smartic\/wp-json\/wp\/v2\/product\/538\/revisions"}],"predecessor-version":[{"id":1473,"href":"https:\/\/dev.alcomnet.com\/smartic\/wp-json\/wp\/v2\/product\/538\/revisions\/1473"}],"wp:featuredmedia":[{"embeddable":true,"href":"https:\/\/dev.alcomnet.com\/smartic\/wp-json\/wp\/v2\/media\/539"}],"wp:attachment":[{"href":"https:\/\/dev.alcomnet.com\/smartic\/wp-json\/wp\/v2\/media?parent=538"}],"wp:term":[{"taxonomy":"categorie-product","embeddable":true,"href":"https:\/\/dev.alcomnet.com\/smartic\/wp-json\/wp\/v2\/categorie-product?post=538"}],"curies":[{"name":"wp","href":"https:\/\/api.w.org\/{rel}","templated":true}]}}