{"id":535,"date":"2024-03-03T11:10:46","date_gmt":"2024-03-03T10:10:46","guid":{"rendered":"https:\/\/dev.alcomnet.com\/smartic\/?post_type=product&#038;p=535"},"modified":"2024-09-03T16:41:27","modified_gmt":"2024-09-03T15:41:27","slug":"xfp501excon","status":"publish","type":"product","link":"https:\/\/dev.alcomnet.com\/smartic\/produits\/xfp501excon\/","title":{"rendered":"CENTRALE ADRESSABLE"},"content":{"rendered":"\t\t<div data-elementor-type=\"wp-post\" data-elementor-id=\"535\" class=\"elementor elementor-535\">\n\t\t\t\t<section class=\"elementor-element elementor-element-104c60e3 e-flex e-con-boxed e-con e-parent\" data-id=\"104c60e3\" data-element_type=\"container\">\n\t\t\t\t\t<div class=\"e-con-inner\">\n\t\t<div class=\"elementor-element elementor-element-5d92e10b e-con-full e-flex e-con e-child\" data-id=\"5d92e10b\" data-element_type=\"container\">\n\t\t\t\t<div class=\"elementor-element elementor-element-7d72cabe elementor-widget elementor-widget-image\" data-id=\"7d72cabe\" data-element_type=\"widget\" data-widget_type=\"image.default\">\n\t\t\t\t<div class=\"elementor-widget-container\">\n\t\t\t<style>\/*! elementor - v3.23.0 - 05-08-2024 *\/\n.elementor-widget-image{text-align:center}.elementor-widget-image a{display:inline-block}.elementor-widget-image a img[src$=\".svg\"]{width:48px}.elementor-widget-image img{vertical-align:middle;display:inline-block}<\/style>\t\t\t\t\t\t\t\t\t\t<img fetchpriority=\"high\" decoding=\"async\" width=\"297\" height=\"198\" src=\"https:\/\/dev.alcomnet.com\/smartic\/wp-content\/uploads\/2024\/03\/XFP501EXCON.jpg\" class=\"attachment-large size-large wp-image-536\" alt=\"XFP501EXCON\" \/>\t\t\t\t\t\t\t\t\t\t\t\t\t<\/div>\n\t\t\t\t<\/div>\n\t\t\t\t<\/div>\n\t\t<div class=\"elementor-element elementor-element-5a522b67 e-con-full e-flex e-con e-child\" data-id=\"5a522b67\" data-element_type=\"container\">\n\t\t\t\t<div class=\"elementor-element elementor-element-3c8abd80 elementor-widget elementor-widget-text-editor\" data-id=\"3c8abd80\" data-element_type=\"widget\" data-widget_type=\"text-editor.default\">\n\t\t\t\t<div class=\"elementor-widget-container\">\n\t\t\t<style>\/*! elementor - v3.23.0 - 05-08-2024 *\/\n.elementor-widget-text-editor.elementor-drop-cap-view-stacked .elementor-drop-cap{background-color:#69727d;color:#fff}.elementor-widget-text-editor.elementor-drop-cap-view-framed .elementor-drop-cap{color:#69727d;border:3px solid;background-color:transparent}.elementor-widget-text-editor:not(.elementor-drop-cap-view-default) .elementor-drop-cap{margin-top:8px}.elementor-widget-text-editor:not(.elementor-drop-cap-view-default) .elementor-drop-cap-letter{width:1em;height:1em}.elementor-widget-text-editor .elementor-drop-cap{float:left;text-align:center;line-height:1;font-size:50px}.elementor-widget-text-editor .elementor-drop-cap-letter{display:inline-block}<\/style>\t\t\t\t<h3><span style=\"color: #f6921e;\">Description<\/span><\/h3><p><strong>Panneau XFP r\u00e9seau 16 zones \u00e0 boucle unique, entr\u00e9e code\/interrupteur \u00e0 cl\u00e9, avec bloc d&rsquo;alimentation 1,4 A, bo\u00eetier en plastique &#8211; APPROUV\u00c9 LPCB<\/strong><\/p><p>Le panneau d&rsquo;alarme incendie adressable intelligent \u00e0 boucle unique XFP \u00e0 16 zones de Context Plus offre des performances \u00e9lev\u00e9es \u00e0 un prix tr\u00e8s comp\u00e9titif.<\/p><p>Certifi\u00e9 LPCB selon EN54 parties 2 et 4, il est fourni dans un bo\u00eetier en plastique encastr\u00e9 ou montable en surface, offre une entr\u00e9e combin\u00e9e par clavier ou interrupteur \u00e0 cl\u00e9 aux niveaux d&rsquo;acc\u00e8s 2 et 3 et est compatible avec les d\u00e9tecteurs et dispositifs adressables de Context Plus.<\/p>\t\t\t\t\t\t<\/div>\n\t\t\t\t<\/div>\n\t\t\t\t<\/div>\n\t\t\t\t\t<\/div>\n\t\t\t\t<\/section>\n\t\t\t\t<\/div>\n\t\t","protected":false},"excerpt":{"rendered":"<p>CENTRALE ADRESSABLE REF&nbsp;: XFP501E\/X\/CON Description Panneau XFP r\u00e9seau 16 zones \u00e0 boucle unique, entr\u00e9e code\/interrupteur \u00e0 cl\u00e9, avec bloc d&rsquo;alimentation 1,4 A, bo\u00eetier en plastique &#8211; APPROUV\u00c9 LPCB Le panneau d&rsquo;alarme incendie adressable intelligent \u00e0 boucle unique XFP \u00e0 16 zones de Context Plus offre des performances \u00e9lev\u00e9es \u00e0 un prix tr\u00e8s comp\u00e9titif. Certifi\u00e9 LPCB [&hellip;]<\/p>\n","protected":false},"featured_media":536,"template":"","categorie-product":[24],"class_list":["post-535","product","type-product","status-publish","has-post-thumbnail","hentry","categorie-product-centrales-de-detection-incendie"],"_links":{"self":[{"href":"https:\/\/dev.alcomnet.com\/smartic\/wp-json\/wp\/v2\/product\/535","targetHints":{"allow":["GET"]}}],"collection":[{"href":"https:\/\/dev.alcomnet.com\/smartic\/wp-json\/wp\/v2\/product"}],"about":[{"href":"https:\/\/dev.alcomnet.com\/smartic\/wp-json\/wp\/v2\/types\/product"}],"version-history":[{"count":16,"href":"https:\/\/dev.alcomnet.com\/smartic\/wp-json\/wp\/v2\/product\/535\/revisions"}],"predecessor-version":[{"id":1173,"href":"https:\/\/dev.alcomnet.com\/smartic\/wp-json\/wp\/v2\/product\/535\/revisions\/1173"}],"wp:featuredmedia":[{"embeddable":true,"href":"https:\/\/dev.alcomnet.com\/smartic\/wp-json\/wp\/v2\/media\/536"}],"wp:attachment":[{"href":"https:\/\/dev.alcomnet.com\/smartic\/wp-json\/wp\/v2\/media?parent=535"}],"wp:term":[{"taxonomy":"categorie-product","embeddable":true,"href":"https:\/\/dev.alcomnet.com\/smartic\/wp-json\/wp\/v2\/categorie-product?post=535"}],"curies":[{"name":"wp","href":"https:\/\/api.w.org\/{rel}","templated":true}]}}