{"id":32,"date":"2024-02-14T10:01:47","date_gmt":"2024-02-14T09:01:47","guid":{"rendered":"https:\/\/dev.alcomnet.com\/smartic\/?page_id=32"},"modified":"2024-09-23T15:45:50","modified_gmt":"2024-09-23T14:45:50","slug":"formation-et-sav","status":"publish","type":"page","link":"https:\/\/dev.alcomnet.com\/smartic\/formation-et-sav\/","title":{"rendered":"Formation et SAV"},"content":{"rendered":"\t\t<div data-elementor-type=\"wp-page\" data-elementor-id=\"32\" class=\"elementor elementor-32\">\n\t\t\t\t<div class=\"elementor-element elementor-element-1b107846 e-flex e-con-boxed e-con e-parent\" data-id=\"1b107846\" data-element_type=\"container\">\n\t\t\t\t\t<div class=\"e-con-inner\">\n\t\t<section class=\"elementor-element elementor-element-14a0ddf e-flex e-con-boxed e-con e-child\" data-id=\"14a0ddf\" data-element_type=\"container\">\n\t\t\t\t\t<div class=\"e-con-inner\">\n\t\t<div class=\"elementor-element elementor-element-10ff00b e-con-full animated-fast e-flex elementor-invisible e-con e-child\" data-id=\"10ff00b\" data-element_type=\"container\" data-settings=\"{&quot;animation&quot;:&quot;fadeInUp&quot;}\">\n\t\t\t\t<div class=\"elementor-element elementor-element-25b2704 display-inline-block elementor-widget elementor-widget-heading\" data-id=\"25b2704\" data-element_type=\"widget\" data-widget_type=\"heading.default\">\n\t\t\t\t<div class=\"elementor-widget-container\">\n\t\t\t<style>\/*! elementor - v3.23.0 - 05-08-2024 *\/\n.elementor-heading-title{padding:0;margin:0;line-height:1}.elementor-widget-heading .elementor-heading-title[class*=elementor-size-]>a{color:inherit;font-size:inherit;line-height:inherit}.elementor-widget-heading .elementor-heading-title.elementor-size-small{font-size:15px}.elementor-widget-heading .elementor-heading-title.elementor-size-medium{font-size:19px}.elementor-widget-heading .elementor-heading-title.elementor-size-large{font-size:29px}.elementor-widget-heading .elementor-heading-title.elementor-size-xl{font-size:39px}.elementor-widget-heading .elementor-heading-title.elementor-size-xxl{font-size:59px}<\/style><h3 class=\"elementor-heading-title elementor-size-default\"><strong>Formation &amp; SAV<\/strong><strong>&nbsp;<\/strong><\/h3>\t\t<\/div>\n\t\t\t\t<\/div>\n\t\t\t\t<div class=\"elementor-element elementor-element-3170431 elementor-widget elementor-widget-text-editor\" data-id=\"3170431\" data-element_type=\"widget\" data-widget_type=\"text-editor.default\">\n\t\t\t\t<div class=\"elementor-widget-container\">\n\t\t\t<style>\/*! elementor - v3.23.0 - 05-08-2024 *\/\n.elementor-widget-text-editor.elementor-drop-cap-view-stacked .elementor-drop-cap{background-color:#69727d;color:#fff}.elementor-widget-text-editor.elementor-drop-cap-view-framed .elementor-drop-cap{color:#69727d;border:3px solid;background-color:transparent}.elementor-widget-text-editor:not(.elementor-drop-cap-view-default) .elementor-drop-cap{margin-top:8px}.elementor-widget-text-editor:not(.elementor-drop-cap-view-default) .elementor-drop-cap-letter{width:1em;height:1em}.elementor-widget-text-editor .elementor-drop-cap{float:left;text-align:center;line-height:1;font-size:50px}.elementor-widget-text-editor .elementor-drop-cap-letter{display:inline-block}<\/style>\t\t\t\t<p>Nous assurons conseil technique et formation tout au long de vos projets de r\u00e9alisation notre but est de vous aider \u00e0 maitriser l\u2019installation et la programmation de nos produits<\/p>\t\t\t\t\t\t<\/div>\n\t\t\t\t<\/div>\n\t\t<div class=\"elementor-element elementor-element-f2b957e e-con-full animated-fast e-flex elementor-invisible e-con e-child\" data-id=\"f2b957e\" data-element_type=\"container\" data-settings=\"{&quot;animation&quot;:&quot;fadeInUp&quot;}\">\n\t\t\t\t<div class=\"elementor-element elementor-element-5216fe8 elementor-widget elementor-widget-heading\" data-id=\"5216fe8\" data-element_type=\"widget\" data-widget_type=\"heading.default\">\n\t\t\t\t<div class=\"elementor-widget-container\">\n\t\t\t<h3 class=\"elementor-heading-title elementor-size-default\">N'h\u00e9sitez pas \u00e0 nous joindre <\/h3>\t\t<\/div>\n\t\t\t\t<\/div>\n\t\t\t\t<div class=\"elementor-element elementor-element-a02fb3b elementor-position-left elementor-view-default elementor-mobile-position-top elementor-vertical-align-top elementor-widget elementor-widget-icon-box\" data-id=\"a02fb3b\" data-element_type=\"widget\" data-widget_type=\"icon-box.default\">\n\t\t\t\t<div class=\"elementor-widget-container\">\n\t\t\t<link rel=\"stylesheet\" href=\"https:\/\/dev.alcomnet.com\/smartic\/wp-content\/plugins\/elementor\/assets\/css\/widget-icon-box.min.css\">\t\t<div class=\"elementor-icon-box-wrapper\">\n\n\t\t\t\t\t\t<div class=\"elementor-icon-box-icon\">\n\t\t\t\t<span  class=\"elementor-icon elementor-animation-\">\n\t\t\t\t<svg aria-hidden=\"true\" class=\"e-font-icon-svg e-fas-mobile\" viewBox=\"0 0 320 512\" xmlns=\"http:\/\/www.w3.org\/2000\/svg\"><path d=\"M272 0H48C21.5 0 0 21.5 0 48v416c0 26.5 21.5 48 48 48h224c26.5 0 48-21.5 48-48V48c0-26.5-21.5-48-48-48zM160 480c-17.7 0-32-14.3-32-32s14.3-32 32-32 32 14.3 32 32-14.3 32-32 32z\"><\/path><\/svg>\t\t\t\t<\/span>\n\t\t\t<\/div>\n\t\t\t\n\t\t\t\t\t\t<div class=\"elementor-icon-box-content\">\n\n\t\t\t\t\t\t\t\t\t<h3 class=\"elementor-icon-box-title\">\n\t\t\t\t\t\t<span  >\n\t\t\t\t\t\t\tMob\t\t\t\t\t\t<\/span>\n\t\t\t\t\t<\/h3>\n\t\t\t\t\n\t\t\t\t\t\t\t\t\t<p class=\"elementor-icon-box-description\">\n\t\t\t\t\t\t 0560 09 50 06 \n\t\t\t\t\t<\/p>\n\t\t\t\t\n\t\t\t<\/div>\n\t\t\t\n\t\t<\/div>\n\t\t\t\t<\/div>\n\t\t\t\t<\/div>\n\t\t\t\t<div class=\"elementor-element elementor-element-9e81a57 elementor-position-left elementor-view-default elementor-mobile-position-top elementor-vertical-align-top elementor-widget elementor-widget-icon-box\" data-id=\"9e81a57\" data-element_type=\"widget\" data-widget_type=\"icon-box.default\">\n\t\t\t\t<div class=\"elementor-widget-container\">\n\t\t\t\t\t<div class=\"elementor-icon-box-wrapper\">\n\n\t\t\t\t\t\t<div class=\"elementor-icon-box-icon\">\n\t\t\t\t<span  class=\"elementor-icon elementor-animation-\">\n\t\t\t\t<svg aria-hidden=\"true\" class=\"e-font-icon-svg e-fas-envelope-open-text\" viewBox=\"0 0 512 512\" xmlns=\"http:\/\/www.w3.org\/2000\/svg\"><path d=\"M176 216h160c8.84 0 16-7.16 16-16v-16c0-8.84-7.16-16-16-16H176c-8.84 0-16 7.16-16 16v16c0 8.84 7.16 16 16 16zm-16 80c0 8.84 7.16 16 16 16h160c8.84 0 16-7.16 16-16v-16c0-8.84-7.16-16-16-16H176c-8.84 0-16 7.16-16 16v16zm96 121.13c-16.42 0-32.84-5.06-46.86-15.19L0 250.86V464c0 26.51 21.49 48 48 48h416c26.51 0 48-21.49 48-48V250.86L302.86 401.94c-14.02 10.12-30.44 15.19-46.86 15.19zm237.61-254.18c-8.85-6.94-17.24-13.47-29.61-22.81V96c0-26.51-21.49-48-48-48h-77.55c-3.04-2.2-5.87-4.26-9.04-6.56C312.6 29.17 279.2-.35 256 0c-23.2-.35-56.59 29.17-73.41 41.44-3.17 2.3-6 4.36-9.04 6.56H96c-26.51 0-48 21.49-48 48v44.14c-12.37 9.33-20.76 15.87-29.61 22.81A47.995 47.995 0 0 0 0 200.72v10.65l96 69.35V96h320v184.72l96-69.35v-10.65c0-14.74-6.78-28.67-18.39-37.77z\"><\/path><\/svg>\t\t\t\t<\/span>\n\t\t\t<\/div>\n\t\t\t\n\t\t\t\t\t\t<div class=\"elementor-icon-box-content\">\n\n\t\t\t\t\t\t\t\t\t<h3 class=\"elementor-icon-box-title\">\n\t\t\t\t\t\t<span  >\n\t\t\t\t\t\t\tE-mail\t\t\t\t\t\t<\/span>\n\t\t\t\t\t<\/h3>\n\t\t\t\t\n\t\t\t\t\t\t\t\t\t<p class=\"elementor-icon-box-description\">\n\t\t\t\t\t\tSupport@smartic-dz.com\t\t\t\t\t<\/p>\n\t\t\t\t\n\t\t\t<\/div>\n\t\t\t\n\t\t<\/div>\n\t\t\t\t<\/div>\n\t\t\t\t<\/div>\n\t\t\t\t<\/div>\n\t\t\t\t<\/div>\n\t\t<div class=\"elementor-element elementor-element-f02d48b e-con-full position-relative e-flex e-con e-child\" data-id=\"f02d48b\" data-element_type=\"container\">\n\t\t\t\t<div class=\"elementor-element elementor-element-b9037ef overflow-hidden  animated-fast elementor-invisible elementor-widget elementor-widget-image\" data-id=\"b9037ef\" data-element_type=\"widget\" data-settings=\"{&quot;_animation&quot;:&quot;fadeInUp&quot;,&quot;_animation_delay&quot;:500}\" data-widget_type=\"image.default\">\n\t\t\t\t<div class=\"elementor-widget-container\">\n\t\t\t<style>\/*! elementor - v3.23.0 - 05-08-2024 *\/\n.elementor-widget-image{text-align:center}.elementor-widget-image a{display:inline-block}.elementor-widget-image a img[src$=\".svg\"]{width:48px}.elementor-widget-image img{vertical-align:middle;display:inline-block}<\/style>\t\t\t\t\t\t\t\t\t\t<img fetchpriority=\"high\" decoding=\"async\" width=\"800\" height=\"533\" src=\"https:\/\/dev.alcomnet.com\/smartic\/wp-content\/uploads\/2024\/06\/smartic-2.jpg\" class=\"elementor-animation-grow attachment-large size-large wp-image-1010\" alt=\"smartic\" srcset=\"https:\/\/dev.alcomnet.com\/smartic\/wp-content\/uploads\/2024\/06\/smartic-2.jpg 800w, https:\/\/dev.alcomnet.com\/smartic\/wp-content\/uploads\/2024\/06\/smartic-2-300x200.jpg 300w, https:\/\/dev.alcomnet.com\/smartic\/wp-content\/uploads\/2024\/06\/smartic-2-768x512.jpg 768w\" sizes=\"(max-width: 800px) 100vw, 800px\" \/>\t\t\t\t\t\t\t\t\t\t\t\t\t<\/div>\n\t\t\t\t<\/div>\n\t\t\t\t<\/div>\n\t\t\t\t\t<\/div>\n\t\t\t\t<\/section>\n\t\t\t\t\t<\/div>\n\t\t\t\t<\/div>\n\t\t<div class=\"elementor-element elementor-element-4950527 e-flex e-con-boxed e-con e-parent\" data-id=\"4950527\" data-element_type=\"container\">\n\t\t\t\t\t<div class=\"e-con-inner\">\n\t\t\t\t<div class=\"elementor-element elementor-element-d49f744 elementor-widget elementor-widget-heading\" data-id=\"d49f744\" data-element_type=\"widget\" data-widget_type=\"heading.default\">\n\t\t\t\t<div class=\"elementor-widget-container\">\n\t\t\t<h2 class=\"elementor-heading-title elementor-size-default\">Nos Services SAV\n<\/h2>\t\t<\/div>\n\t\t\t\t<\/div>\n\t\t\t\t<div class=\"elementor-element elementor-element-ecb22f9 elementor-widget elementor-widget-heading\" data-id=\"ecb22f9\" data-element_type=\"widget\" data-widget_type=\"heading.default\">\n\t\t\t\t<div class=\"elementor-widget-container\">\n\t\t\t<h3 class=\"elementor-heading-title elementor-size-default\">1.\nConseil Technique :\n<\/h3>\t\t<\/div>\n\t\t\t\t<\/div>\n\t\t\t\t<div class=\"elementor-element elementor-element-e41c531 elementor-widget elementor-widget-text-editor\" data-id=\"e41c531\" data-element_type=\"widget\" data-widget_type=\"text-editor.default\">\n\t\t\t\t<div class=\"elementor-widget-container\">\n\t\t\t\t\t\t\t<ul>\n<li><strong>Accompagnement Personnalis\u00e9<\/strong> : Nos experts sont disponibles pour vous conseiller et vous guider tout au long de vos projets, de la conception \u00e0 la r\u00e9alisation.<\/li>\n<li><strong>Analyse des Besoins<\/strong> : Nous analysons vos besoins sp\u00e9cifiques pour vous proposer les solutions les mieux adapt\u00e9es \u00e0 votre environnement et \u00e0 vos contraintes.<\/li>\n<\/ul>\t\t\t\t\t\t<\/div>\n\t\t\t\t<\/div>\n\t\t\t\t\t<\/div>\n\t\t\t\t<\/div>\n\t\t<div class=\"elementor-element elementor-element-f06b77a e-flex e-con-boxed e-con e-parent\" data-id=\"f06b77a\" data-element_type=\"container\">\n\t\t\t\t\t<div class=\"e-con-inner\">\n\t\t\t\t<div class=\"elementor-element elementor-element-891c0d6 elementor-widget elementor-widget-heading\" data-id=\"891c0d6\" data-element_type=\"widget\" data-widget_type=\"heading.default\">\n\t\t\t\t<div class=\"elementor-widget-container\">\n\t\t\t<h3 class=\"elementor-heading-title elementor-size-default\">2.\nFormation :\n\n<\/h3>\t\t<\/div>\n\t\t\t\t<\/div>\n\t\t\t\t<div class=\"elementor-element elementor-element-ecffd35 elementor-widget elementor-widget-text-editor\" data-id=\"ecffd35\" data-element_type=\"widget\" data-widget_type=\"text-editor.default\">\n\t\t\t\t<div class=\"elementor-widget-container\">\n\t\t\t\t\t\t\t<ul>\n<li><strong>Sessions de Formation<\/strong> : Nous organisons des sessions de formation pour vous aider \u00e0 ma\u00eetriser l\u2019installation et la programmation de nos produits.<\/li>\n<li><strong>Support Didactique<\/strong> : Nos formations incluent des supports didactiques d\u00e9taill\u00e9s pour faciliter l\u2019apprentissage et l\u2019application pratique.<\/li>\n<\/ul>\t\t\t\t\t\t<\/div>\n\t\t\t\t<\/div>\n\t\t\t\t\t<\/div>\n\t\t\t\t<\/div>\n\t\t<div class=\"elementor-element elementor-element-8ead763 e-flex e-con-boxed e-con e-parent\" data-id=\"8ead763\" data-element_type=\"container\">\n\t\t\t\t\t<div class=\"e-con-inner\">\n\t\t\t\t<div class=\"elementor-element elementor-element-4a04917 elementor-widget elementor-widget-heading\" data-id=\"4a04917\" data-element_type=\"widget\" data-widget_type=\"heading.default\">\n\t\t\t\t<div class=\"elementor-widget-container\">\n\t\t\t<h3 class=\"elementor-heading-title elementor-size-default\">3.\nAssistance Technique :\n\n\n<\/h3>\t\t<\/div>\n\t\t\t\t<\/div>\n\t\t\t\t<div class=\"elementor-element elementor-element-bb1166f elementor-widget elementor-widget-text-editor\" data-id=\"bb1166f\" data-element_type=\"widget\" data-widget_type=\"text-editor.default\">\n\t\t\t\t<div class=\"elementor-widget-container\">\n\t\t\t\t\t\t\t<ul>\n<li><strong>Support T\u00e9l\u00e9phonique et en Ligne<\/strong> : Notre \u00e9quipe de support technique est \u00e0 votre disposition pour r\u00e9pondre \u00e0 toutes vos questions et r\u00e9soudre les probl\u00e8mes \u00e9ventuels.<\/li>\n<li><strong>Intervention sur Site<\/strong> : En cas de besoin, nous pouvons \u00e9galement intervenir directement sur site pour vous assister dans l\u2019installation et la maintenance de vos \u00e9quipements.<\/li>\n<\/ul>\t\t\t\t\t\t<\/div>\n\t\t\t\t<\/div>\n\t\t\t\t\t<\/div>\n\t\t\t\t<\/div>\n\t\t<div class=\"elementor-element elementor-element-1db27a2 e-flex e-con-boxed e-con e-parent\" data-id=\"1db27a2\" data-element_type=\"container\">\n\t\t\t\t\t<div class=\"e-con-inner\">\n\t\t\t\t<div class=\"elementor-element elementor-element-bbc3882 elementor-widget elementor-widget-heading\" data-id=\"bbc3882\" data-element_type=\"widget\" data-widget_type=\"heading.default\">\n\t\t\t\t<div class=\"elementor-widget-container\">\n\t\t\t<h3 class=\"elementor-heading-title elementor-size-default\">4. Suivi de Projet :\n\n<\/h3>\t\t<\/div>\n\t\t\t\t<\/div>\n\t\t\t\t<div class=\"elementor-element elementor-element-8b4ba85 elementor-widget elementor-widget-text-editor\" data-id=\"8b4ba85\" data-element_type=\"widget\" data-widget_type=\"text-editor.default\">\n\t\t\t\t<div class=\"elementor-widget-container\">\n\t\t\t\t\t\t\t<ul>\n<li><strong>Suivi Continu<\/strong> : Nous assurons un suivi continu de vos projets pour garantir leur bon d\u00e9roulement et leur r\u00e9ussite.<\/li>\n<li><strong>Mises \u00e0 Jour et Am\u00e9liorations<\/strong> : Nous vous tenons inform\u00e9s des mises \u00e0 jour et des am\u00e9liorations possibles pour optimiser vos installations.<\/li>\n<\/ul>\t\t\t\t\t\t<\/div>\n\t\t\t\t<\/div>\n\t\t\t\t\t<\/div>\n\t\t\t\t<\/div>\n\t\t<div class=\"elementor-element elementor-element-38f90a6 elementor-hidden-desktop elementor-hidden-tablet elementor-hidden-mobile e-flex e-con-boxed e-con e-parent\" data-id=\"38f90a6\" data-element_type=\"container\">\n\t\t\t\t\t<div class=\"e-con-inner\">\n\t\t<div class=\"elementor-element elementor-element-0380d0a e-con-full e-flex e-con e-child\" data-id=\"0380d0a\" data-element_type=\"container\">\n\t\t\t\t<div class=\"elementor-element elementor-element-77da8e9 elementor-widget elementor-widget-image\" data-id=\"77da8e9\" data-element_type=\"widget\" data-widget_type=\"image.default\">\n\t\t\t\t<div class=\"elementor-widget-container\">\n\t\t\t\t\t\t\t\t\t\t\t\t\t<img decoding=\"async\" width=\"800\" height=\"533\" src=\"https:\/\/dev.alcomnet.com\/smartic\/wp-content\/uploads\/2024\/06\/smartic-2.jpg\" class=\"attachment-large size-large wp-image-1010\" alt=\"smartic\" srcset=\"https:\/\/dev.alcomnet.com\/smartic\/wp-content\/uploads\/2024\/06\/smartic-2.jpg 800w, https:\/\/dev.alcomnet.com\/smartic\/wp-content\/uploads\/2024\/06\/smartic-2-300x200.jpg 300w, https:\/\/dev.alcomnet.com\/smartic\/wp-content\/uploads\/2024\/06\/smartic-2-768x512.jpg 768w\" sizes=\"(max-width: 800px) 100vw, 800px\" \/>\t\t\t\t\t\t\t\t\t\t\t\t\t<\/div>\n\t\t\t\t<\/div>\n\t\t\t\t<\/div>\n\t\t<div class=\"elementor-element elementor-element-2c0640b e-con-full e-flex e-con e-child\" data-id=\"2c0640b\" data-element_type=\"container\">\n\t\t<div class=\"elementor-element elementor-element-72ed830 e-con-full e-flex e-con e-child\" data-id=\"72ed830\" data-element_type=\"container\">\n\t\t\t\t<div class=\"elementor-element elementor-element-8c6675a elementor-widget elementor-widget-text-editor\" data-id=\"8c6675a\" data-element_type=\"widget\" data-widget_type=\"text-editor.default\">\n\t\t\t\t<div class=\"elementor-widget-container\">\n\t\t\t\t\t\t\t<p><b>Chez Smartic<\/b>, nous mettons un point d\u2019honneur \u00e0 offrir un service apr\u00e8s-vente (SAV) exemplaire, soutenu par une \u00e9quipe d\u2019experts d\u00e9vou\u00e9s. Notre engagement envers la satisfaction client se traduit par une r\u00e9ponse rapide et efficace \u00e0 chaque demande, assurant ainsi la continuit\u00e9 et la performance de vos installations.<\/p>\t\t\t\t\t\t<\/div>\n\t\t\t\t<\/div>\n\t\t\t\t<\/div>\n\t\t\t\t<\/div>\n\t\t\t\t\t<\/div>\n\t\t\t\t<\/div>\n\t\t<div class=\"elementor-element elementor-element-7854dae elementor-hidden-desktop elementor-hidden-tablet elementor-hidden-mobile e-flex e-con-boxed e-con e-parent\" data-id=\"7854dae\" data-element_type=\"container\">\n\t\t\t\t\t<div class=\"e-con-inner\">\n\t\t<div class=\"elementor-element elementor-element-faabfc7 e-con-full e-flex e-con e-child\" data-id=\"faabfc7\" data-element_type=\"container\">\n\t\t\t\t<div class=\"elementor-element elementor-element-3981ff7 elementor-widget elementor-widget-image\" data-id=\"3981ff7\" data-element_type=\"widget\" data-widget_type=\"image.default\">\n\t\t\t\t<div class=\"elementor-widget-container\">\n\t\t\t\t\t\t\t\t\t\t\t\t\t<img decoding=\"async\" width=\"800\" height=\"533\" src=\"https:\/\/dev.alcomnet.com\/smartic\/wp-content\/uploads\/2024\/06\/smartic-2.jpg\" class=\"attachment-large size-large wp-image-1010\" alt=\"smartic\" srcset=\"https:\/\/dev.alcomnet.com\/smartic\/wp-content\/uploads\/2024\/06\/smartic-2.jpg 800w, https:\/\/dev.alcomnet.com\/smartic\/wp-content\/uploads\/2024\/06\/smartic-2-300x200.jpg 300w, https:\/\/dev.alcomnet.com\/smartic\/wp-content\/uploads\/2024\/06\/smartic-2-768x512.jpg 768w\" sizes=\"(max-width: 800px) 100vw, 800px\" \/>\t\t\t\t\t\t\t\t\t\t\t\t\t<\/div>\n\t\t\t\t<\/div>\n\t\t\t\t<\/div>\n\t\t<div class=\"elementor-element elementor-element-e7a69c4 e-con-full e-flex e-con e-child\" data-id=\"e7a69c4\" data-element_type=\"container\">\n\t\t<div class=\"elementor-element elementor-element-9f84fc8 e-con-full e-flex e-con e-child\" data-id=\"9f84fc8\" data-element_type=\"container\">\n\t\t\t\t<div class=\"elementor-element elementor-element-7af3f20 elementor-widget elementor-widget-text-editor\" data-id=\"7af3f20\" data-element_type=\"widget\" data-widget_type=\"text-editor.default\">\n\t\t\t\t<div class=\"elementor-widget-container\">\n\t\t\t\t\t\t\t<p><strong>En compl\u00e9ment<\/strong>, lors de la livraison de nos produits ou solutions, nous proposons des formations d\u00e9di\u00e9es \u00e0 la prise en main et au transfert de comp\u00e9tences. Ces sessions, anim\u00e9es par nos formateurs qualifi\u00e9s, vous permettent d&rsquo;acqu\u00e9rir une ma\u00eetrise compl\u00e8te des technologies que nous d\u00e9ployons, que ce soit en d\u00e9tection incendie, c\u00e2blage, ou syst\u00e8mes anti-intrusion.<\/p>\t\t\t\t\t\t<\/div>\n\t\t\t\t<\/div>\n\t\t\t\t<\/div>\n\t\t\t\t<\/div>\n\t\t\t\t\t<\/div>\n\t\t\t\t<\/div>\n\t\t<div class=\"elementor-element elementor-element-f544662 elementor-hidden-desktop elementor-hidden-tablet elementor-hidden-mobile e-flex e-con-boxed e-con e-parent\" data-id=\"f544662\" data-element_type=\"container\">\n\t\t\t\t\t<div class=\"e-con-inner\">\n\t\t<div class=\"elementor-element elementor-element-6fc57e0 e-con-full e-flex e-con e-child\" data-id=\"6fc57e0\" data-element_type=\"container\">\n\t\t\t\t<div class=\"elementor-element elementor-element-0363ad3 elementor-widget elementor-widget-image\" data-id=\"0363ad3\" data-element_type=\"widget\" data-widget_type=\"image.default\">\n\t\t\t\t<div class=\"elementor-widget-container\">\n\t\t\t\t\t\t\t\t\t\t\t\t\t<img decoding=\"async\" width=\"800\" height=\"533\" src=\"https:\/\/dev.alcomnet.com\/smartic\/wp-content\/uploads\/2024\/06\/smartic-2.jpg\" class=\"attachment-large size-large wp-image-1010\" alt=\"smartic\" srcset=\"https:\/\/dev.alcomnet.com\/smartic\/wp-content\/uploads\/2024\/06\/smartic-2.jpg 800w, https:\/\/dev.alcomnet.com\/smartic\/wp-content\/uploads\/2024\/06\/smartic-2-300x200.jpg 300w, https:\/\/dev.alcomnet.com\/smartic\/wp-content\/uploads\/2024\/06\/smartic-2-768x512.jpg 768w\" sizes=\"(max-width: 800px) 100vw, 800px\" \/>\t\t\t\t\t\t\t\t\t\t\t\t\t<\/div>\n\t\t\t\t<\/div>\n\t\t\t\t<\/div>\n\t\t<div class=\"elementor-element elementor-element-a616cb9 e-con-full e-flex e-con e-child\" data-id=\"a616cb9\" data-element_type=\"container\">\n\t\t<div class=\"elementor-element elementor-element-ef2ab69 e-con-full e-flex e-con e-child\" data-id=\"ef2ab69\" data-element_type=\"container\">\n\t\t\t\t<div class=\"elementor-element elementor-element-5a208a2 elementor-widget elementor-widget-text-editor\" data-id=\"5a208a2\" data-element_type=\"widget\" data-widget_type=\"text-editor.default\">\n\t\t\t\t<div class=\"elementor-widget-container\">\n\t\t\t\t\t\t\t<p><strong>Chez Smartic<\/strong>, nous croyons que la meilleure protection passe par une parfaite compr\u00e9hension des outils \u00e0 votre disposition. C\u2019est pourquoi nous investissons autant dans le suivi post-installation que dans la formation, vous permettant ainsi de b\u00e9n\u00e9ficier d\u2019une s\u00e9curit\u00e9 optimale et durable. Faites confiance \u00e0 Smartic pour un accompagnement total, de l\u2019installation \u00e0 la formation, et au-del\u00e0.<\/p>\t\t\t\t\t\t<\/div>\n\t\t\t\t<\/div>\n\t\t\t\t<\/div>\n\t\t\t\t<\/div>\n\t\t\t\t\t<\/div>\n\t\t\t\t<\/div>\n\t\t\t\t<\/div>\n\t\t","protected":false},"excerpt":{"rendered":"<p>Formation &amp; SAV&nbsp; Nous assurons conseil technique et formation tout au long de vos projets de r\u00e9alisation notre but est de vous aider \u00e0 maitriser l\u2019installation et la programmation de nos produits N&rsquo;h\u00e9sitez pas \u00e0 nous joindre Mob 0560 09 50 06 E-mail Support@smartic-dz.com Nos Services SAV 1. Conseil Technique : Accompagnement Personnalis\u00e9 : Nos [&hellip;]<\/p>\n","protected":false},"author":1,"featured_media":1010,"parent":0,"menu_order":0,"comment_status":"closed","ping_status":"closed","template":"","meta":{"inline_featured_image":false,"footnotes":""},"class_list":["post-32","page","type-page","status-publish","has-post-thumbnail","hentry"],"_links":{"self":[{"href":"https:\/\/dev.alcomnet.com\/smartic\/wp-json\/wp\/v2\/pages\/32","targetHints":{"allow":["GET"]}}],"collection":[{"href":"https:\/\/dev.alcomnet.com\/smartic\/wp-json\/wp\/v2\/pages"}],"about":[{"href":"https:\/\/dev.alcomnet.com\/smartic\/wp-json\/wp\/v2\/types\/page"}],"author":[{"embeddable":true,"href":"https:\/\/dev.alcomnet.com\/smartic\/wp-json\/wp\/v2\/users\/1"}],"replies":[{"embeddable":true,"href":"https:\/\/dev.alcomnet.com\/smartic\/wp-json\/wp\/v2\/comments?post=32"}],"version-history":[{"count":77,"href":"https:\/\/dev.alcomnet.com\/smartic\/wp-json\/wp\/v2\/pages\/32\/revisions"}],"predecessor-version":[{"id":1415,"href":"https:\/\/dev.alcomnet.com\/smartic\/wp-json\/wp\/v2\/pages\/32\/revisions\/1415"}],"wp:featuredmedia":[{"embeddable":true,"href":"https:\/\/dev.alcomnet.com\/smartic\/wp-json\/wp\/v2\/media\/1010"}],"wp:attachment":[{"href":"https:\/\/dev.alcomnet.com\/smartic\/wp-json\/wp\/v2\/media?parent=32"}],"curies":[{"name":"wp","href":"https:\/\/api.w.org\/{rel}","templated":true}]}}