{"id":8,"date":"2025-03-01T16:09:43","date_gmt":"2025-03-01T15:09:43","guid":{"rendered":"http:\/\/dev.alcomnet.com\/bna\/?page_id=8"},"modified":"2025-03-03T11:35:50","modified_gmt":"2025-03-03T10:35:50","slug":"a-propos","status":"publish","type":"page","link":"http:\/\/dev.alcomnet.com\/bna\/a-propos\/","title":{"rendered":"A propos"},"content":{"rendered":"\t\t<div data-elementor-type=\"wp-page\" data-elementor-id=\"8\" class=\"elementor elementor-8\">\n\t\t\t\t<div class=\"elementor-element elementor-element-f8f8c4d e-flex e-con-boxed e-con e-parent\" data-id=\"f8f8c4d\" data-element_type=\"container\" id=\"apropos-lancement\">\n\t\t\t\t\t<div class=\"e-con-inner\">\n\t\t<div class=\"elementor-element elementor-element-d6b5ca2 e-flex e-con-boxed e-con e-child\" data-id=\"d6b5ca2\" data-element_type=\"container\">\n\t\t\t\t\t<div class=\"e-con-inner\">\n\t\t\t\t<div class=\"elementor-element elementor-element-37a48fa elementor-widget elementor-widget-heading\" data-id=\"37a48fa\" data-element_type=\"widget\" data-widget_type=\"heading.default\">\n\t\t\t\t<div class=\"elementor-widget-container\">\n\t\t\t<style>\/*! elementor - v3.21.0 - 08-05-2024 *\/\n.elementor-heading-title{padding:0;margin:0;line-height:1}.elementor-widget-heading .elementor-heading-title[class*=elementor-size-]>a{color:inherit;font-size:inherit;line-height:inherit}.elementor-widget-heading .elementor-heading-title.elementor-size-small{font-size:15px}.elementor-widget-heading .elementor-heading-title.elementor-size-medium{font-size:19px}.elementor-widget-heading .elementor-heading-title.elementor-size-large{font-size:29px}.elementor-widget-heading .elementor-heading-title.elementor-size-xl{font-size:39px}.elementor-widget-heading .elementor-heading-title.elementor-size-xxl{font-size:59px}<\/style><h2 class=\"elementor-heading-title elementor-size-default\">Lancement <\/h2>\t\t<\/div>\n\t\t\t\t<\/div>\n\t\t\t\t<div class=\"elementor-element elementor-element-98c8a5e elementor-widget__width-initial elementor-widget elementor-widget-text-editor\" data-id=\"98c8a5e\" data-element_type=\"widget\" data-widget_type=\"text-editor.default\">\n\t\t\t\t<div class=\"elementor-widget-container\">\n\t\t\t<style>\/*! elementor - v3.21.0 - 08-05-2024 *\/\n.elementor-widget-text-editor.elementor-drop-cap-view-stacked .elementor-drop-cap{background-color:#69727d;color:#fff}.elementor-widget-text-editor.elementor-drop-cap-view-framed .elementor-drop-cap{color:#69727d;border:3px solid;background-color:transparent}.elementor-widget-text-editor:not(.elementor-drop-cap-view-default) .elementor-drop-cap{margin-top:8px}.elementor-widget-text-editor:not(.elementor-drop-cap-view-default) .elementor-drop-cap-letter{width:1em;height:1em}.elementor-widget-text-editor .elementor-drop-cap{float:left;text-align:center;line-height:1;font-size:50px}.elementor-widget-text-editor .elementor-drop-cap-letter{display:inline-block}<\/style>\t\t\t\t<p>La fen\u00eatre de la Finance Islamique mise en place par la Banque Nationale d\u2019Alg\u00e9rie le 04\/08\/2020 suite \u00e0 la forte demande exprim\u00e9e par le citoyen Alg\u00e9rien, a pour objet de fournir, les prestations de gestion des fonds et les activit\u00e9s de financement et d\u2019investissement, en conformit\u00e9 avec les pr\u00e9ceptes de la charia islamique, tout en assurant une s\u00e9paration avec l\u2019activit\u00e9 conventionnelle de la banque.<\/p>\t\t\t\t\t\t<\/div>\n\t\t\t\t<\/div>\n\t\t\t\t\t<\/div>\n\t\t\t\t<\/div>\n\t\t\t\t\t<\/div>\n\t\t\t\t<\/div>\n\t\t<div class=\"elementor-element elementor-element-055a82d e-flex e-con-boxed e-con e-parent\" data-id=\"055a82d\" data-element_type=\"container\" data-settings=\"{&quot;background_background&quot;:&quot;classic&quot;}\">\n\t\t\t\t\t<div class=\"e-con-inner\">\n\t\t\t\t<div class=\"elementor-element elementor-element-e106d0b elementor-widget elementor-widget-heading\" data-id=\"e106d0b\" data-element_type=\"widget\" data-widget_type=\"heading.default\">\n\t\t\t\t<div class=\"elementor-widget-container\">\n\t\t\t<h2 class=\"elementor-heading-title elementor-size-default\">R\u00e9seau d\u2019exploitation<\/h2>\t\t<\/div>\n\t\t\t\t<\/div>\n\t\t\t\t<div class=\"elementor-element elementor-element-0b86dc7 elementor-widget elementor-widget-text-editor\" data-id=\"0b86dc7\" data-element_type=\"widget\" data-widget_type=\"text-editor.default\">\n\t\t\t\t<div class=\"elementor-widget-container\">\n\t\t\t\t\t\t\t<p style=\"text-align: center;\">\u00a0Un r\u00e9seau qui couvre tout le territoire national<\/p>\t\t\t\t\t\t<\/div>\n\t\t\t\t<\/div>\n\t\t<div class=\"elementor-element elementor-element-0e4663c e-flex e-con-boxed e-con e-child\" data-id=\"0e4663c\" data-element_type=\"container\">\n\t\t\t\t\t<div class=\"e-con-inner\">\n\t\t\t\t<div class=\"elementor-element elementor-element-25019d1 elementor-widget__width-initial elementor-widget elementor-widget-counter\" data-id=\"25019d1\" data-element_type=\"widget\" data-widget_type=\"counter.default\">\n\t\t\t\t<div class=\"elementor-widget-container\">\n\t\t\t<style>\/*! elementor - v3.21.0 - 08-05-2024 *\/\n.elementor-counter{display:flex;justify-content:center;align-items:stretch;flex-direction:column-reverse}.elementor-counter .elementor-counter-number{flex-grow:var(--counter-number-grow,0)}.elementor-counter .elementor-counter-number-wrapper{flex:1;display:flex;font-size:69px;font-weight:600;line-height:1;text-align:center}.elementor-counter .elementor-counter-number-prefix{text-align:end;flex-grow:var(--counter-prefix-grow,1);white-space:pre-wrap}.elementor-counter .elementor-counter-number-suffix{text-align:start;flex-grow:var(--counter-suffix-grow,1);white-space:pre-wrap}.elementor-counter .elementor-counter-title{flex:1;display:flex;justify-content:center;align-items:center;margin:0;padding:0;font-size:19px;font-weight:400;line-height:2.5}<\/style>\t\t<div class=\"elementor-counter\">\n\t\t\t<div class=\"elementor-counter-title\">Agences D\u00e9di\u00e9es<\/div>\t\t\t<div class=\"elementor-counter-number-wrapper\">\n\t\t\t\t<span class=\"elementor-counter-number-prefix\"><\/span>\n\t\t\t\t<span class=\"elementor-counter-number\" data-duration=\"2000\" data-to-value=\"14\" data-from-value=\"0\" data-delimiter=\",\">0<\/span>\n\t\t\t\t<span class=\"elementor-counter-number-suffix\"><\/span>\n\t\t\t<\/div>\n\t\t<\/div>\n\t\t\t\t<\/div>\n\t\t\t\t<\/div>\n\t\t\t\t<div class=\"elementor-element elementor-element-07072e0 elementor-widget__width-initial elementor-widget elementor-widget-counter\" data-id=\"07072e0\" data-element_type=\"widget\" data-widget_type=\"counter.default\">\n\t\t\t\t<div class=\"elementor-widget-container\">\n\t\t\t\t\t<div class=\"elementor-counter\">\n\t\t\t<div class=\"elementor-counter-title\">Guichets<\/div>\t\t\t<div class=\"elementor-counter-number-wrapper\">\n\t\t\t\t<span class=\"elementor-counter-number-prefix\"><\/span>\n\t\t\t\t<span class=\"elementor-counter-number\" data-duration=\"2000\" data-to-value=\"107\" data-from-value=\"0\" data-delimiter=\",\">0<\/span>\n\t\t\t\t<span class=\"elementor-counter-number-suffix\"><\/span>\n\t\t\t<\/div>\n\t\t<\/div>\n\t\t\t\t<\/div>\n\t\t\t\t<\/div>\n\t\t\t\t\t<\/div>\n\t\t\t\t<\/div>\n\t\t\t\t\t<\/div>\n\t\t\t\t<\/div>\n\t\t<div class=\"elementor-element elementor-element-cf59468 e-flex e-con-boxed e-con e-parent\" data-id=\"cf59468\" data-element_type=\"container\">\n\t\t\t\t\t<div class=\"e-con-inner\">\n\t\t\t\t<div class=\"elementor-element elementor-element-0b692b5 elementor-widget elementor-widget-heading\" data-id=\"0b692b5\" data-element_type=\"widget\" data-widget_type=\"heading.default\">\n\t\t\t\t<div class=\"elementor-widget-container\">\n\t\t\t<h2 class=\"elementor-heading-title elementor-size-default\">Produits<\/h2>\t\t<\/div>\n\t\t\t\t<\/div>\n\t\t\t\t<div class=\"elementor-element elementor-element-98a5eb3 elementor-widget elementor-widget-text-editor\" data-id=\"98a5eb3\" data-element_type=\"widget\" data-widget_type=\"text-editor.default\">\n\t\t\t\t<div class=\"elementor-widget-container\">\n\t\t\t\t\t\t\t<p style=\"text-align: center;\">D\u00e9couvrez notre gamme de produits islamiques adapt\u00e9s \u00e0 vos besoins.<\/p>\t\t\t\t\t\t<\/div>\n\t\t\t\t<\/div>\n\t\t\t\t\t<\/div>\n\t\t\t\t<\/div>\n\t\t<div class=\"elementor-element elementor-element-c0bd04f section-produit e-flex e-con-boxed e-con e-parent\" data-id=\"c0bd04f\" data-element_type=\"container\">\n\t\t\t\t\t<div class=\"e-con-inner\">\n\t\t<div class=\"elementor-element elementor-element-6f1f8da e-con-full e-flex elementor-invisible e-con e-child\" data-id=\"6f1f8da\" data-element_type=\"container\" id=\"block-produit\" data-settings=\"{&quot;animation&quot;:&quot;fadeInLeft&quot;}\">\n\t\t\t\t<div class=\"elementor-element elementor-element-9bd85c7 elementor-widget elementor-widget-heading\" data-id=\"9bd85c7\" data-element_type=\"widget\" data-widget_type=\"heading.default\">\n\t\t\t\t<div class=\"elementor-widget-container\">\n\t\t\t<h2 class=\"elementor-heading-title elementor-size-default\">6 \/ Produits de d\u00e9p\u00f4ts<\/h2>\t\t<\/div>\n\t\t\t\t<\/div>\n\t\t\t\t<div class=\"elementor-element elementor-element-dccefa5 elementor-widget elementor-widget-text-editor\" data-id=\"dccefa5\" data-element_type=\"widget\" data-widget_type=\"text-editor.default\">\n\t\t\t\t<div class=\"elementor-widget-container\">\n\t\t\t\t\t\t\t<ul>\n<li>Compte Ch\u00e8que Islamique\u00a0;<\/li>\n<li>Compte Courant Islamique ;<\/li>\n<li>Compte Investissement Islamique ;\u00a0<\/li>\n<li>Compte Epargne Islamique Avec ou Sans R\u00e9mun\u00e9ration ;<\/li>\n<li>Compte Epargne Islamique Jeunes Avec ou Sans R\u00e9mun\u00e9ration ;<\/li>\n<li>Certificat d\u2019Investissement.\u00a0<\/li>\n<\/ul>\t\t\t\t\t\t<\/div>\n\t\t\t\t<\/div>\n\t\t\t\t<\/div>\n\t\t<div class=\"elementor-element elementor-element-78fe77a e-con-full e-flex elementor-invisible e-con e-child\" data-id=\"78fe77a\" data-element_type=\"container\" id=\"block-produit\" data-settings=\"{&quot;animation&quot;:&quot;fadeInRight&quot;}\">\n\t\t\t\t<div class=\"elementor-element elementor-element-25d4757 elementor-widget elementor-widget-heading\" data-id=\"25d4757\" data-element_type=\"widget\" data-widget_type=\"heading.default\">\n\t\t\t\t<div class=\"elementor-widget-container\">\n\t\t\t<h2 class=\"elementor-heading-title elementor-size-default\">6 \/ Produits de Financement destin\u00e9s aux Particuliers\n<\/h2>\t\t<\/div>\n\t\t\t\t<\/div>\n\t\t\t\t<div class=\"elementor-element elementor-element-d581c87 elementor-widget elementor-widget-text-editor\" data-id=\"d581c87\" data-element_type=\"widget\" data-widget_type=\"text-editor.default\">\n\t\t\t\t<div class=\"elementor-widget-container\">\n\t\t\t\t\t\t\t<ul>\n<li>Mourabaha Equipements \/Equipements en Ligne ;\u00a0<\/li>\n<li>Mourabaha Immobilier ;<\/li>\n<li>Ijara Akaria Mountahia Bitamlik ;<\/li>\n<li>Mourabaha Automobile ;<\/li>\n<li>Essabil ;<\/li>\n<li>Istisna\u2019a \u00ab DARI \u00bb.<\/li>\n<\/ul>\t\t\t\t\t\t<\/div>\n\t\t\t\t<\/div>\n\t\t\t\t<\/div>\n\t\t\t\t\t<\/div>\n\t\t\t\t<\/div>\n\t\t<div class=\"elementor-element elementor-element-79fc34c section-produit e-flex e-con-boxed e-con e-parent\" data-id=\"79fc34c\" data-element_type=\"container\">\n\t\t\t\t\t<div class=\"e-con-inner\">\n\t\t<div class=\"elementor-element elementor-element-de451ce e-con-full e-flex elementor-invisible e-con e-child\" data-id=\"de451ce\" data-element_type=\"container\" id=\"block-produit\" data-settings=\"{&quot;background_background&quot;:&quot;classic&quot;,&quot;animation&quot;:&quot;fadeInLeft&quot;}\">\n\t\t\t\t<div class=\"elementor-element elementor-element-1796396 elementor-widget elementor-widget-heading\" data-id=\"1796396\" data-element_type=\"widget\" data-widget_type=\"heading.default\">\n\t\t\t\t<div class=\"elementor-widget-container\">\n\t\t\t<h2 class=\"elementor-heading-title elementor-size-default\">5 \/ Produits de Financement destin\u00e9s aux Professions lib\u00e9rales\/ Commer\u00e7ants \/ Entreprises<\/h2>\t\t<\/div>\n\t\t\t\t<\/div>\n\t\t\t\t<div class=\"elementor-element elementor-element-8f0b3e8 elementor-widget elementor-widget-text-editor\" data-id=\"8f0b3e8\" data-element_type=\"widget\" data-widget_type=\"text-editor.default\">\n\t\t\t\t<div class=\"elementor-widget-container\">\n\t\t\t\t\t\t\t<ul>\n<li>Ijara Equipements\u00a0;<\/li>\n<li>Mourabaha Investissements ;<\/li>\n<li>Mourabaha Exploitation ;<\/li>\n<li>Salam ;<\/li>\n<li>Istisna\u2019a \u00ab promotion immobili\u00e8re \u00bb<\/li>\n<\/ul>\t\t\t\t\t\t<\/div>\n\t\t\t\t<\/div>\n\t\t\t\t<\/div>\n\t\t<div class=\"elementor-element elementor-element-0661313 e-con-full e-flex elementor-invisible e-con e-child\" data-id=\"0661313\" data-element_type=\"container\" id=\"block-produit\" data-settings=\"{&quot;background_background&quot;:&quot;classic&quot;,&quot;animation&quot;:&quot;fadeInRight&quot;}\">\n\t\t\t\t<div class=\"elementor-element elementor-element-299ea94 elementor-widget elementor-widget-heading\" data-id=\"299ea94\" data-element_type=\"widget\" data-widget_type=\"heading.default\">\n\t\t\t\t<div class=\"elementor-widget-container\">\n\t\t\t<h2 class=\"elementor-heading-title elementor-size-default\">2 \/ Engagements par signature \u00ab KAFALA \u00bb<\/h2>\t\t<\/div>\n\t\t\t\t<\/div>\n\t\t\t\t<div class=\"elementor-element elementor-element-3524a03 elementor-widget elementor-widget-text-editor\" data-id=\"3524a03\" data-element_type=\"widget\" data-widget_type=\"text-editor.default\">\n\t\t\t\t<div class=\"elementor-widget-container\">\n\t\t\t\t\t\t\t<ul>\n<li>Caution de soumission ;<\/li>\n<li>Caution de bonne ex\u00e9cution et de garantie.\u00a0<\/li>\n<\/ul>\t\t\t\t\t\t<\/div>\n\t\t\t\t<\/div>\n\t\t\t\t<\/div>\n\t\t\t\t\t<\/div>\n\t\t\t\t<\/div>\n\t\t<div class=\"elementor-element elementor-element-dcac865 e-flex e-con-boxed e-con e-parent\" data-id=\"dcac865\" data-element_type=\"container\" data-settings=\"{&quot;background_background&quot;:&quot;classic&quot;}\">\n\t\t\t\t\t<div class=\"e-con-inner\">\n\t\t\t\t<div class=\"elementor-element elementor-element-be3aede elementor-widget elementor-widget-html\" data-id=\"be3aede\" data-element_type=\"widget\" data-widget_type=\"html.default\">\n\t\t\t\t<div class=\"elementor-widget-container\">\n\t\t\t<img decoding=\"async\" class=\"img-100\" src=\"http:\/\/dev.alcomnet.com\/bna\/wp-content\/uploads\/2025\/03\/Icon.png\" alt=\"Batch certifications\" width=\"88\" height=\"128\">\t\t<\/div>\n\t\t\t\t<\/div>\n\t\t<div class=\"elementor-element elementor-element-d1061e6 e-flex e-con-boxed e-con e-child\" data-id=\"d1061e6\" data-element_type=\"container\">\n\t\t\t\t\t<div class=\"e-con-inner\">\n\t\t\t\t<div class=\"elementor-element elementor-element-70c24c2 elementor-widget__width-initial elementor-widget elementor-widget-heading\" data-id=\"70c24c2\" data-element_type=\"widget\" data-widget_type=\"heading.default\">\n\t\t\t\t<div class=\"elementor-widget-container\">\n\t\t\t<h2 class=\"elementor-heading-title elementor-size-default\">Conformit\u00e9 chara\u00efque des produits de la Finance Islamique<\/h2>\t\t<\/div>\n\t\t\t\t<\/div>\n\t\t\t\t<div class=\"elementor-element elementor-element-f020cc1 elementor-widget elementor-widget-text-editor\" data-id=\"f020cc1\" data-element_type=\"widget\" data-widget_type=\"text-editor.default\">\n\t\t\t\t<div class=\"elementor-widget-container\">\n\t\t\t\t\t\t\t<p>Tous les produits de la Finance Islamique de la BNA sont contr\u00f4l\u00e9s et certifi\u00e9s conformes aux pr\u00e9ceptes de la charia islamique par le Comit\u00e9 de Contr\u00f4le Chara\u00efque de la Banque Nationale d\u2019Alg\u00e9rie et par l\u2019Autorit\u00e9 Chara\u00efque Nationale de la Fatwa pour l\u2019Industrie de la Finance Islamique \u00ab HCI \u00bb .<\/p>\t\t\t\t\t\t<\/div>\n\t\t\t\t<\/div>\n\t\t\t\t\t<\/div>\n\t\t\t\t<\/div>\n\t\t\t\t\t<\/div>\n\t\t\t\t<\/div>\n\t\t\t\t<\/div>\n\t\t","protected":false},"excerpt":{"rendered":"<p>Lancement La fen\u00eatre de la Finance Islamique mise en place par la Banq<\/p>\n","protected":false},"author":1,"featured_media":0,"parent":0,"menu_order":0,"comment_status":"closed","ping_status":"closed","template":"page-apropos.php","meta":{"_editorskit_title_hidden":false,"_editorskit_reading_time":1,"_editorskit_is_block_options_detached":false,"_editorskit_block_options_position":"{}","inline_featured_image":false,"footnotes":""},"class_list":["post-8","page","type-page","status-publish","hentry"],"_links":{"self":[{"href":"http:\/\/dev.alcomnet.com\/bna\/wp-json\/wp\/v2\/pages\/8","targetHints":{"allow":["GET"]}}],"collection":[{"href":"http:\/\/dev.alcomnet.com\/bna\/wp-json\/wp\/v2\/pages"}],"about":[{"href":"http:\/\/dev.alcomnet.com\/bna\/wp-json\/wp\/v2\/types\/page"}],"author":[{"embeddable":true,"href":"http:\/\/dev.alcomnet.com\/bna\/wp-json\/wp\/v2\/users\/1"}],"replies":[{"embeddable":true,"href":"http:\/\/dev.alcomnet.com\/bna\/wp-json\/wp\/v2\/comments?post=8"}],"version-history":[{"count":192,"href":"http:\/\/dev.alcomnet.com\/bna\/wp-json\/wp\/v2\/pages\/8\/revisions"}],"predecessor-version":[{"id":5200,"href":"http:\/\/dev.alcomnet.com\/bna\/wp-json\/wp\/v2\/pages\/8\/revisions\/5200"}],"wp:attachment":[{"href":"http:\/\/dev.alcomnet.com\/bna\/wp-json\/wp\/v2\/media?parent=8"}],"curies":[{"name":"wp","href":"https:\/\/api.w.org\/{rel}","templated":true}]}}